{"id":133,"date":"2013-04-19T05:13:58","date_gmt":"2013-04-19T03:13:58","guid":{"rendered":"http:\/\/svangern.de\/wordpress\/?page_id=133"},"modified":"2013-11-05T16:02:01","modified_gmt":"2013-11-05T14:02:01","slug":"allgemein","status":"publish","type":"page","link":"http:\/\/svangern.de\/?page_id=133","title":{"rendered":"Allgemein"},"content":{"rendered":"<p>Die Abteilung Reiten in Angern wurde bereits Ende der 60er Jahre gegr\u00fcndet. Interessante Informationen zur Gr\u00fcndung und den Anfangszeiten finden Sie unter der Rubrik Historie.<\/p>\n<p>In den letzten Jahren erh\u00f6hte sich die Mitgliederzahl von 1993 14 Erwachsenen und 1 Kind auf inzwischen 97 Erwachsene und 31 Kinder (Stand: Anfang 2013). In der Abteilung Reiten haben sich Pferdesportler und -freunde zusammengefunden, um gemeinsam dem Hobby Pferdesport nachzugehen.<\/p>\n<p>Bis 2010 wurden folgende Reitsportarten betrieben: Dressur, Fahren, Freizeitreiten und Springsport.<\/p>\n<p align=\"center\"><img loading=\"lazy\" decoding=\"async\" alt=\"\" src=\"http:\/\/svangern.de\/reiten\/allgemeines\/sparten.jpg\" width=\"586\" height=\"92\" border=\"0\" \/><\/p>\n<p>Im Jahr 2010 kam es zur Gr\u00fcndung einer Voltigiergrupe unter der Leitung von Jennifer Lehmann. Hier werden turnerisch gymnastische \u00dcbungen auf dem Pferd ausgef\u00fchrt, wobei eine Vielzahl von Bewegungsfertigkeiten, wie zum Beispiel das Gleichgewicht, die Haltung, die Konzentration und die Rhythmusschulung gef\u00f6rdert werden. Die Gruppe trifft sich derzeit 2-3 mal in der Woche, interessierte Kinder sind herzlich Willkommen!<\/p>\n<p>Die Trainingszeiten variieren je nach Sparte der Abteilung. Die Springreiter trainieren im Sommer oft dienstags und donnerstags, aber auch an den anderen Abenden sind oft Pferde und Reiter auf dem Trainingsplatz anzutreffen. Die Vorbereitung der allj\u00e4hrlich stattfindenden Quadrille der Freizeitreiter zum Volkssporttag (1.Mai) findet auf Absprache statt. Unsere Voltigiergruppe trainiert w\u00e4hrend der Wintersaison am Holzpferd in der Sporthalle des SV Angern am Montag und Freitag.<\/p>\n<p>Wichtig sind uns neben dem aktiven Pferdeport auch Freizeitveranstaltungen, die den Sport und die Gemeinschaft f\u00f6rdern. Dazu geh\u00f6ren Ausritte durch Wald und Flur, Teilnahme am Volkssporttag in Angern (1. Mai), Kegelabende und auch Arbeitseins\u00e4tze, um unsere Sportanlagen zu pflegen.<\/p>\n<p>Der Sportverein Angern e.V. verf\u00fcgt \u00fcber einen Trainingsplatz f\u00fcr Dressur und Springen sowie einen Turnierplatz. Hinweise zur Nutzung der Sportanlagen finden Sie in der Rubrik <a href=\"http:\/\/svangern.de\/wordpress\/?page_id=69\">Reitplatz<\/a>.<\/p>\n<p>Einige Reiter und Fahrer der Abteilung Reiten nehmen aktiv an Turnieren und Fuchsjagden teil und sind dort sehr erfolgreich. Die Abteilung Reiten hat auch schon einige Reit- und Fahrturniere in Angern organisiert. Informationen dazu finden Sie unter Aktuelles.<\/p>\n<p>Alle Reitsportveranstaltungen in Sachsen-Anhalt finden Sie im <a href=\"http:\/\/www.pferde-sachsen-anhalt.de\/\" target=\"_blank\">Vorl\u00e4ufigen Turnierplan Sachsen-Anhalt<\/a>.<\/p>\n<p>Weitere Informationen zur Abteilung Reiten erhalten Sie von Andrea Schlickum,\u00a0 Tel. 0162 \/ 8961865, E-Mail: <a href=\"mailto:reiten@svangern.de\">reiten@svangern.de<\/a>.<\/p>\n","protected":false},"excerpt":{"rendered":"<p>Die Abteilung Reiten in Angern wurde bereits Ende der 60er Jahre gegr\u00fcndet. Interessante Informationen zur Gr\u00fcndung und den Anfangszeiten finden Sie unter der Rubrik Historie. In den letzten Jahren erh\u00f6hte sich die Mitgliederzahl von 1993 14 Erwachsenen und 1 Kind auf inzwischen 97 Erwachsene und 31 Kinder (Stand: Anfang 2013). In der Abteilung Reiten haben [&hellip;]<\/p>\n","protected":false},"author":1,"featured_media":0,"parent":64,"menu_order":2,"comment_status":"closed","ping_status":"closed","template":"","meta":{"ocean_post_layout":"","ocean_both_sidebars_style":"","ocean_both_sidebars_content_width":0,"ocean_both_sidebars_sidebars_width":0,"ocean_sidebar":"","ocean_second_sidebar":"","ocean_disable_margins":"enable","ocean_add_body_class":"","ocean_shortcode_before_top_bar":"","ocean_shortcode_after_top_bar":"","ocean_shortcode_before_header":"","ocean_shortcode_after_header":"","ocean_has_shortcode":"","ocean_shortcode_after_title":"","ocean_shortcode_before_footer_widgets":"","ocean_shortcode_after_footer_widgets":"","ocean_shortcode_before_footer_bottom":"","ocean_shortcode_after_footer_bottom":"","ocean_display_top_bar":"default","ocean_display_header":"default","ocean_header_style":"","ocean_center_header_left_menu":"","ocean_custom_header_template":"","ocean_custom_logo":0,"ocean_custom_retina_logo":0,"ocean_custom_logo_max_width":0,"ocean_custom_logo_tablet_max_width":0,"ocean_custom_logo_mobile_max_width":0,"ocean_custom_logo_max_height":0,"ocean_custom_logo_tablet_max_height":0,"ocean_custom_logo_mobile_max_height":0,"ocean_header_custom_menu":"","ocean_menu_typo_font_family":"","ocean_menu_typo_font_subset":"","ocean_menu_typo_font_size":0,"ocean_menu_typo_font_size_tablet":0,"ocean_menu_typo_font_size_mobile":0,"ocean_menu_typo_font_size_unit":"px","ocean_menu_typo_font_weight":"","ocean_menu_typo_font_weight_tablet":"","ocean_menu_typo_font_weight_mobile":"","ocean_menu_typo_transform":"","ocean_menu_typo_transform_tablet":"","ocean_menu_typo_transform_mobile":"","ocean_menu_typo_line_height":0,"ocean_menu_typo_line_height_tablet":0,"ocean_menu_typo_line_height_mobile":0,"ocean_menu_typo_line_height_unit":"","ocean_menu_typo_spacing":0,"ocean_menu_typo_spacing_tablet":0,"ocean_menu_typo_spacing_mobile":0,"ocean_menu_typo_spacing_unit":"","ocean_menu_link_color":"","ocean_menu_link_color_hover":"","ocean_menu_link_color_active":"","ocean_menu_link_background":"","ocean_menu_link_hover_background":"","ocean_menu_link_active_background":"","ocean_menu_social_links_bg":"","ocean_menu_social_hover_links_bg":"","ocean_menu_social_links_color":"","ocean_menu_social_hover_links_color":"","ocean_disable_title":"default","ocean_disable_heading":"default","ocean_post_title":"","ocean_post_subheading":"","ocean_post_title_style":"","ocean_post_title_background_color":"","ocean_post_title_background":0,"ocean_post_title_bg_image_position":"","ocean_post_title_bg_image_attachment":"","ocean_post_title_bg_image_repeat":"","ocean_post_title_bg_image_size":"","ocean_post_title_height":0,"ocean_post_title_bg_overlay":0.5,"ocean_post_title_bg_overlay_color":"","ocean_disable_breadcrumbs":"default","ocean_breadcrumbs_color":"","ocean_breadcrumbs_separator_color":"","ocean_breadcrumbs_links_color":"","ocean_breadcrumbs_links_hover_color":"","ocean_display_footer_widgets":"default","ocean_display_footer_bottom":"default","ocean_custom_footer_template":"","footnotes":""},"class_list":["post-133","page","type-page","status-publish","hentry","entry"],"_links":{"self":[{"href":"http:\/\/svangern.de\/index.php?rest_route=\/wp\/v2\/pages\/133","targetHints":{"allow":["GET"]}}],"collection":[{"href":"http:\/\/svangern.de\/index.php?rest_route=\/wp\/v2\/pages"}],"about":[{"href":"http:\/\/svangern.de\/index.php?rest_route=\/wp\/v2\/types\/page"}],"author":[{"embeddable":true,"href":"http:\/\/svangern.de\/index.php?rest_route=\/wp\/v2\/users\/1"}],"replies":[{"embeddable":true,"href":"http:\/\/svangern.de\/index.php?rest_route=%2Fwp%2Fv2%2Fcomments&post=133"}],"version-history":[{"count":9,"href":"http:\/\/svangern.de\/index.php?rest_route=\/wp\/v2\/pages\/133\/revisions"}],"predecessor-version":[{"id":1159,"href":"http:\/\/svangern.de\/index.php?rest_route=\/wp\/v2\/pages\/133\/revisions\/1159"}],"up":[{"embeddable":true,"href":"http:\/\/svangern.de\/index.php?rest_route=\/wp\/v2\/pages\/64"}],"wp:attachment":[{"href":"http:\/\/svangern.de\/index.php?rest_route=%2Fwp%2Fv2%2Fmedia&parent=133"}],"curies":[{"name":"wp","href":"https:\/\/api.w.org\/{rel}","templated":true}]}}