{"id":17,"date":"2013-04-19T03:45:37","date_gmt":"2013-04-19T01:45:37","guid":{"rendered":"http:\/\/svangern.de\/wordpress\/?page_id=17"},"modified":"2025-12-05T20:17:17","modified_gmt":"2025-12-05T18:17:17","slug":"fusball","status":"publish","type":"page","link":"http:\/\/svangern.de\/?page_id=17","title":{"rendered":"Fu\u00dfball"},"content":{"rendered":"<p><a href=\"http:\/\/svangern.de\/wp-content\/uploads\/2019\/03\/fussball_uebergabe_anzuege_2012.jpg\"><img loading=\"lazy\" decoding=\"async\" class=\"alignnone wp-image-13421 size-full\" src=\"http:\/\/svangern.de\/wp-content\/uploads\/2019\/03\/fussball_uebergabe_anzuege_2012.jpg\" alt=\"\" width=\"1000\" height=\"302\" srcset=\"http:\/\/svangern.de\/wp-content\/uploads\/2019\/03\/fussball_uebergabe_anzuege_2012.jpg 1000w, http:\/\/svangern.de\/wp-content\/uploads\/2019\/03\/fussball_uebergabe_anzuege_2012-300x91.jpg 300w, http:\/\/svangern.de\/wp-content\/uploads\/2019\/03\/fussball_uebergabe_anzuege_2012-768x232.jpg 768w, http:\/\/svangern.de\/wp-content\/uploads\/2019\/03\/fussball_uebergabe_anzuege_2012-500x151.jpg 500w\" sizes=\"auto, (max-width: 1000px) 100vw, 1000px\" \/><\/a><\/p>\n<hr \/>\n<p><a href=\"http:\/\/svangern.de\/wp-content\/uploads\/2025\/12\/JSG-Elbe-Heide-2.png\"><img loading=\"lazy\" decoding=\"async\" class=\"alignnone  wp-image-16908\" src=\"http:\/\/svangern.de\/wp-content\/uploads\/2025\/12\/JSG-Elbe-Heide-2-270x300.png\" alt=\"\" width=\"106\" height=\"118\" srcset=\"http:\/\/svangern.de\/wp-content\/uploads\/2025\/12\/JSG-Elbe-Heide-2-270x300.png 270w, http:\/\/svangern.de\/wp-content\/uploads\/2025\/12\/JSG-Elbe-Heide-2.png 577w\" sizes=\"auto, (max-width: 106px) 100vw, 106px\" \/><\/a><\/p>\n<p>Im Nachwuchsbereich bilden der SV Angern, der SV Concordia Rog\u00e4tz 1908 und der SSV Eintracht Loitsche\/Zielitz eine Jugendspielgemeinschaft mit dem Namen JSG Elbe-Heide.<\/p>\n<p><a href=\"http:\/\/svangern.de\/wp-content\/uploads\/2022\/12\/SVA_D_Jugend_Fussball.jpeg\"><img loading=\"lazy\" decoding=\"async\" class=\"alignnone wp-image-16135\" src=\"http:\/\/svangern.de\/wp-content\/uploads\/2022\/12\/SVA_D_Jugend_Fussball.jpeg\" alt=\"\" width=\"191\" height=\"143\" srcset=\"http:\/\/svangern.de\/wp-content\/uploads\/2022\/12\/SVA_D_Jugend_Fussball.jpeg 1024w, http:\/\/svangern.de\/wp-content\/uploads\/2022\/12\/SVA_D_Jugend_Fussball-300x225.jpeg 300w, http:\/\/svangern.de\/wp-content\/uploads\/2022\/12\/SVA_D_Jugend_Fussball-768x576.jpeg 768w\" sizes=\"auto, (max-width: 191px) 100vw, 191px\" \/><\/a><\/p>\n<hr \/>\n<p>Die Rasenpl\u00e4tze in unserem &#8222;Pappelstadion&#8220; erstrahlen stets in frischem Gr\u00fcn. Auch die zuletzt hei\u00dfen Temperaturen haben den Rasenfl\u00e4chen nichts anhaben k\u00f6nnen. Der Grund: Unser Verein verf\u00fcgt \u00fcber zwei Beregnungsanlagen, die f\u00fcr ausreichend Wasser auf den Pl\u00e4tzen sorgen. Das Wasser wird dazu aus einem Brunnen gezogen.<\/p>\n<p>Die Beregnungsanlage f\u00fcr den Hauptplatz, auf dem die M\u00e4nnermannschaften ihre Heimspiele austragen, war im Jahr 2013 errichtet worden. Um auch den zweiten Platz, auf dem die Jugendmannschaften unseres Vereins bzw. der Jugendspielgemeinschaft sich tummeln, erhalten zu k\u00f6nnen, wurde ein Antrag auf Landesebene zur F\u00f6rderung des Vereinssportst\u00e4ttenbaus auf den Weg gebracht. Dieser wurde bewilligt und so wurde im Herbst 2020 die zweite Beregnungsanlage im &#8222;Pappelstadion&#8220; installiert. Dank der F\u00f6rderung des Landesverwaltungsamtes finden unsere Sportler hier weiterhin optimale Trainingsbedingungen vor.<\/p>\n<p><a href=\"https:\/\/lvwa.sachsen-anhalt.de\/das-lvwa\" target=\"_blank\" rel=\"noopener\"><img loading=\"lazy\" decoding=\"async\" class=\"alignnone wp-image-16162 size-full\" src=\"http:\/\/svangern.de\/wp-content\/uploads\/2022\/12\/logo_sa_md.jpg\" alt=\"\" width=\"621\" height=\"110\" srcset=\"http:\/\/svangern.de\/wp-content\/uploads\/2022\/12\/logo_sa_md.jpg 621w, http:\/\/svangern.de\/wp-content\/uploads\/2022\/12\/logo_sa_md-300x53.jpg 300w\" sizes=\"auto, (max-width: 621px) 100vw, 621px\" \/><\/a><\/p>\n<hr \/>\n","protected":false},"excerpt":{"rendered":"<p>Im Nachwuchsbereich bilden der SV Angern, der SV Concordia Rog\u00e4tz 1908 und der SSV Eintracht Loitsche\/Zielitz eine Jugendspielgemeinschaft mit dem Namen JSG Elbe-Heide. Die Rasenpl\u00e4tze in unserem &#8222;Pappelstadion&#8220; erstrahlen stets in frischem Gr\u00fcn. Auch die zuletzt hei\u00dfen Temperaturen haben den Rasenfl\u00e4chen nichts anhaben k\u00f6nnen. Der Grund: Unser Verein verf\u00fcgt \u00fcber zwei Beregnungsanlagen, die f\u00fcr ausreichend [&hellip;]<\/p>\n","protected":false},"author":1,"featured_media":0,"parent":0,"menu_order":5,"comment_status":"closed","ping_status":"closed","template":"","meta":{"ocean_post_layout":"","ocean_both_sidebars_style":"","ocean_both_sidebars_content_width":0,"ocean_both_sidebars_sidebars_width":0,"ocean_sidebar":"ocs-fussball_info","ocean_second_sidebar":"0","ocean_disable_margins":"enable","ocean_add_body_class":"","ocean_shortcode_before_top_bar":"","ocean_shortcode_after_top_bar":"","ocean_shortcode_before_header":"","ocean_shortcode_after_header":"","ocean_has_shortcode":"","ocean_shortcode_after_title":"","ocean_shortcode_before_footer_widgets":"","ocean_shortcode_after_footer_widgets":"","ocean_shortcode_before_footer_bottom":"","ocean_shortcode_after_footer_bottom":"","ocean_display_top_bar":"default","ocean_display_header":"default","ocean_header_style":"","ocean_center_header_left_menu":"0","ocean_custom_header_template":"0","ocean_custom_logo":0,"ocean_custom_retina_logo":0,"ocean_custom_logo_max_width":0,"ocean_custom_logo_tablet_max_width":0,"ocean_custom_logo_mobile_max_width":0,"ocean_custom_logo_max_height":0,"ocean_custom_logo_tablet_max_height":0,"ocean_custom_logo_mobile_max_height":0,"ocean_header_custom_menu":"0","ocean_menu_typo_font_family":"0","ocean_menu_typo_font_subset":"","ocean_menu_typo_font_size":0,"ocean_menu_typo_font_size_tablet":0,"ocean_menu_typo_font_size_mobile":0,"ocean_menu_typo_font_size_unit":"px","ocean_menu_typo_font_weight":"","ocean_menu_typo_font_weight_tablet":"","ocean_menu_typo_font_weight_mobile":"","ocean_menu_typo_transform":"","ocean_menu_typo_transform_tablet":"","ocean_menu_typo_transform_mobile":"","ocean_menu_typo_line_height":0,"ocean_menu_typo_line_height_tablet":0,"ocean_menu_typo_line_height_mobile":0,"ocean_menu_typo_line_height_unit":"","ocean_menu_typo_spacing":0,"ocean_menu_typo_spacing_tablet":0,"ocean_menu_typo_spacing_mobile":0,"ocean_menu_typo_spacing_unit":"","ocean_menu_link_color":"","ocean_menu_link_color_hover":"","ocean_menu_link_color_active":"","ocean_menu_link_background":"","ocean_menu_link_hover_background":"","ocean_menu_link_active_background":"","ocean_menu_social_links_bg":"","ocean_menu_social_hover_links_bg":"","ocean_menu_social_links_color":"","ocean_menu_social_hover_links_color":"","ocean_disable_title":"default","ocean_disable_heading":"default","ocean_post_title":"","ocean_post_subheading":"","ocean_post_title_style":"","ocean_post_title_background_color":"","ocean_post_title_background":0,"ocean_post_title_bg_image_position":"","ocean_post_title_bg_image_attachment":"","ocean_post_title_bg_image_repeat":"","ocean_post_title_bg_image_size":"","ocean_post_title_height":0,"ocean_post_title_bg_overlay":0.5,"ocean_post_title_bg_overlay_color":"","ocean_disable_breadcrumbs":"default","ocean_breadcrumbs_color":"","ocean_breadcrumbs_separator_color":"","ocean_breadcrumbs_links_color":"","ocean_breadcrumbs_links_hover_color":"","ocean_display_footer_widgets":"default","ocean_display_footer_bottom":"default","ocean_custom_footer_template":"0","footnotes":""},"class_list":["post-17","page","type-page","status-publish","hentry","entry"],"_links":{"self":[{"href":"http:\/\/svangern.de\/index.php?rest_route=\/wp\/v2\/pages\/17","targetHints":{"allow":["GET"]}}],"collection":[{"href":"http:\/\/svangern.de\/index.php?rest_route=\/wp\/v2\/pages"}],"about":[{"href":"http:\/\/svangern.de\/index.php?rest_route=\/wp\/v2\/types\/page"}],"author":[{"embeddable":true,"href":"http:\/\/svangern.de\/index.php?rest_route=\/wp\/v2\/users\/1"}],"replies":[{"embeddable":true,"href":"http:\/\/svangern.de\/index.php?rest_route=%2Fwp%2Fv2%2Fcomments&post=17"}],"version-history":[{"count":124,"href":"http:\/\/svangern.de\/index.php?rest_route=\/wp\/v2\/pages\/17\/revisions"}],"predecessor-version":[{"id":16941,"href":"http:\/\/svangern.de\/index.php?rest_route=\/wp\/v2\/pages\/17\/revisions\/16941"}],"wp:attachment":[{"href":"http:\/\/svangern.de\/index.php?rest_route=%2Fwp%2Fv2%2Fmedia&parent=17"}],"curies":[{"name":"wp","href":"https:\/\/api.w.org\/{rel}","templated":true}]}}