{"id":2,"date":"2013-04-18T13:49:52","date_gmt":"2013-04-18T13:49:52","guid":{"rendered":"http:\/\/svangern.de\/wordpress\/?page_id=2"},"modified":"2025-09-15T13:38:08","modified_gmt":"2025-09-15T11:38:08","slug":"beispiel-seite","status":"publish","type":"page","link":"http:\/\/svangern.de\/?page_id=2","title":{"rendered":"Impressum"},"content":{"rendered":"<p>SV Angern e.V.<br \/>\nBruchstra\u00dfe 33a<br \/>\n39326 Angern<\/p>\n<p>Gemeinschaftlich vertretungsbefugt:<br \/>\n1. Vorsitzender:<br \/>\nFriederike Hecht<br \/>\nBruchstra\u00dfe 33a<br \/>\n39326 Angern<br \/>\nE-Mail: Vorsitzende@svangern.de<\/p>\n<p>stellvertretender Vorsitzender:<br \/>\nAndreas Heydenreich<br \/>\nChausseestra\u00dfe 6A<br \/>\n39326 Angern<br \/>\nE-Mail: Stellvertreter@svangern.de<\/p>\n<p>Kassenwart:<br \/>\nMario Otte<br \/>\nBruchstra\u00dfe 40<br \/>\n39326 Angern<br \/>\nE-Mail: Kassenwart@svangern.de<\/p>\n<p>Bankverbindung IBAN: DE57 8105 5000 3355 0001 90\u00a0 \u00a0SWIFT-BIC: NOLADE21HDL<\/p>\n<p>Das Impressum gilt f\u00fcr: http:\/\/svangern.de<br \/>\nRegistergericht: Amtsgericht Stendal<br \/>\nRegisternummer: VR 68065<br \/>\nSteuernummer gem\u00e4\u00df \u00a727 a Umsatzsteuergesetz: 105\/143\/03075, Finanzamt Haldensleben<br \/>\nVerantwortliche i.S.d. \u00a7 55 Abs. 2 RStV: Mario Otte, Bruchstra\u00dfe 40, 39326 Angern<\/p>\n<p>Inhaltlich Verantwortlicher gem\u00e4\u00df \u00a7 6 MDStV: Mario Otte, Bruchstra\u00dfe 40, 39326 Angern<\/p>\n<p>\u2014\u2014\u2014\u2014\u2014\u2014\u2014\u2014\u2014\u2014\u2014\u2014\u2014\u2014\u2014\u2014\u2014\u2014\u2014\u2014\u2014\u2014\u2014\u2013<br \/>\nRechtliche Angabe zu den externen Links dieses Webangebots:<br \/>\nMit dem Urteil vom 12.05.1998 hat das Landesgericht Hamburg entschieden, dass man durch die Anbringung eines Links die Inhalte der gelinkten Seiten ggf. mit zu verantworten hat. Laut dem Landesgericht kann dies nur dadurch verhindert werden, indem man sich ausdr\u00fccklich von diesen Inhalten distanziert. Obwohl die auf dem Internetangebot des SV Angern e.V. enthaltenen Informationen sorgf\u00e4ltig gepr\u00fcft worden sind, kann f\u00fcr die Richtigkeit, Vollst\u00e4ndigkeit und Aktualit\u00e4t keine Haftung durch den SV Angern e.V. \u00fcbernommen werden. F\u00fcr Internetseiten, auf die durch sogenannte Hyperlinks verwiesen wird, tragen die jeweiligen Anbieter die Verantwortung. F\u00fcr den Inhalt solcher Seiten Dritter ist der SV Angern e.V. nicht verantwortlich. Deshalb distanziert sich der SV Angern e.V. hiermit von allen Inhalten dieser verlinkten Seiten und macht sich deren Inhalte nicht zu eigen. Weiterhin kann diese Webseite ohne unser Wissen von einem anderen Webanbieter mittels Hyperlinks verbunden sein. Der SV Angern e.V. \u00fcbernimmt auch hierbei keine Verantwortung f\u00fcr die Darstellungen, Inhalte oder Verbindungen zum SV Angern e.V. in Webseiten dieser Anbieter. Diese Erkl\u00e4rung gilt f\u00fcr alle, auf dieser Homepage ausgebrachten Links.<\/p>\n","protected":false},"excerpt":{"rendered":"<p>SV Angern e.V. Bruchstra\u00dfe 33a 39326 Angern Gemeinschaftlich vertretungsbefugt: 1. Vorsitzender: Friederike Hecht Bruchstra\u00dfe 33a 39326 Angern E-Mail: Vorsitzende@svangern.de stellvertretender Vorsitzender: Andreas Heydenreich Chausseestra\u00dfe 6A 39326 Angern E-Mail: Stellvertreter@svangern.de Kassenwart: Mario Otte Bruchstra\u00dfe 40 39326 Angern E-Mail: Kassenwart@svangern.de Bankverbindung IBAN: DE57 8105 5000 3355 0001 90\u00a0 \u00a0SWIFT-BIC: NOLADE21HDL Das Impressum gilt f\u00fcr: http:\/\/svangern.de Registergericht: Amtsgericht [&hellip;]<\/p>\n","protected":false},"author":1,"featured_media":0,"parent":0,"menu_order":16,"comment_status":"closed","ping_status":"closed","template":"","meta":{"ocean_post_layout":"","ocean_both_sidebars_style":"","ocean_both_sidebars_content_width":0,"ocean_both_sidebars_sidebars_width":0,"ocean_sidebar":"0","ocean_second_sidebar":"0","ocean_disable_margins":"enable","ocean_add_body_class":"","ocean_shortcode_before_top_bar":"","ocean_shortcode_after_top_bar":"","ocean_shortcode_before_header":"","ocean_shortcode_after_header":"","ocean_has_shortcode":"","ocean_shortcode_after_title":"","ocean_shortcode_before_footer_widgets":"","ocean_shortcode_after_footer_widgets":"","ocean_shortcode_before_footer_bottom":"","ocean_shortcode_after_footer_bottom":"","ocean_display_top_bar":"default","ocean_display_header":"default","ocean_header_style":"","ocean_center_header_left_menu":"0","ocean_custom_header_template":"0","ocean_custom_logo":0,"ocean_custom_retina_logo":0,"ocean_custom_logo_max_width":0,"ocean_custom_logo_tablet_max_width":0,"ocean_custom_logo_mobile_max_width":0,"ocean_custom_logo_max_height":0,"ocean_custom_logo_tablet_max_height":0,"ocean_custom_logo_mobile_max_height":0,"ocean_header_custom_menu":"0","ocean_menu_typo_font_family":"0","ocean_menu_typo_font_subset":"","ocean_menu_typo_font_size":0,"ocean_menu_typo_font_size_tablet":0,"ocean_menu_typo_font_size_mobile":0,"ocean_menu_typo_font_size_unit":"px","ocean_menu_typo_font_weight":"","ocean_menu_typo_font_weight_tablet":"","ocean_menu_typo_font_weight_mobile":"","ocean_menu_typo_transform":"","ocean_menu_typo_transform_tablet":"","ocean_menu_typo_transform_mobile":"","ocean_menu_typo_line_height":0,"ocean_menu_typo_line_height_tablet":0,"ocean_menu_typo_line_height_mobile":0,"ocean_menu_typo_line_height_unit":"","ocean_menu_typo_spacing":0,"ocean_menu_typo_spacing_tablet":0,"ocean_menu_typo_spacing_mobile":0,"ocean_menu_typo_spacing_unit":"","ocean_menu_link_color":"","ocean_menu_link_color_hover":"","ocean_menu_link_color_active":"","ocean_menu_link_background":"","ocean_menu_link_hover_background":"","ocean_menu_link_active_background":"","ocean_menu_social_links_bg":"","ocean_menu_social_hover_links_bg":"","ocean_menu_social_links_color":"","ocean_menu_social_hover_links_color":"","ocean_disable_title":"default","ocean_disable_heading":"default","ocean_post_title":"","ocean_post_subheading":"","ocean_post_title_style":"","ocean_post_title_background_color":"","ocean_post_title_background":0,"ocean_post_title_bg_image_position":"","ocean_post_title_bg_image_attachment":"","ocean_post_title_bg_image_repeat":"","ocean_post_title_bg_image_size":"","ocean_post_title_height":0,"ocean_post_title_bg_overlay":0.5,"ocean_post_title_bg_overlay_color":"","ocean_disable_breadcrumbs":"default","ocean_breadcrumbs_color":"","ocean_breadcrumbs_separator_color":"","ocean_breadcrumbs_links_color":"","ocean_breadcrumbs_links_hover_color":"","ocean_display_footer_widgets":"default","ocean_display_footer_bottom":"default","ocean_custom_footer_template":"0","footnotes":""},"class_list":["post-2","page","type-page","status-publish","hentry","entry"],"_links":{"self":[{"href":"http:\/\/svangern.de\/index.php?rest_route=\/wp\/v2\/pages\/2","targetHints":{"allow":["GET"]}}],"collection":[{"href":"http:\/\/svangern.de\/index.php?rest_route=\/wp\/v2\/pages"}],"about":[{"href":"http:\/\/svangern.de\/index.php?rest_route=\/wp\/v2\/types\/page"}],"author":[{"embeddable":true,"href":"http:\/\/svangern.de\/index.php?rest_route=\/wp\/v2\/users\/1"}],"replies":[{"embeddable":true,"href":"http:\/\/svangern.de\/index.php?rest_route=%2Fwp%2Fv2%2Fcomments&post=2"}],"version-history":[{"count":12,"href":"http:\/\/svangern.de\/index.php?rest_route=\/wp\/v2\/pages\/2\/revisions"}],"predecessor-version":[{"id":16764,"href":"http:\/\/svangern.de\/index.php?rest_route=\/wp\/v2\/pages\/2\/revisions\/16764"}],"wp:attachment":[{"href":"http:\/\/svangern.de\/index.php?rest_route=%2Fwp%2Fv2%2Fmedia&parent=2"}],"curies":[{"name":"wp","href":"https:\/\/api.w.org\/{rel}","templated":true}]}}