{"id":324,"date":"2013-04-22T04:05:39","date_gmt":"2013-04-22T04:05:39","guid":{"rendered":"http:\/\/svangern.de\/wordpress\/?page_id=324"},"modified":"2013-04-22T06:10:51","modified_gmt":"2013-04-22T04:10:51","slug":"aktuelles-2","status":"publish","type":"page","link":"http:\/\/svangern.de\/?page_id=324","title":{"rendered":"2004"},"content":{"rendered":"<p>&nbsp;<\/p>\n<table width=\"100%\" border=\"0\">\n<tbody>\n<tr>\n<th align=\"left\" width=\"120,\" height=\"40,\">Datum<\/th>\n<th>Meldung<\/th>\n<\/tr>\n<tr>\n<td align=\"left\" valign=\"top\" width=\"120,\"><b>04.12.04<\/b><\/td>\n<td>Weihnachtsfeier der Abteilungen Fu\u00dfball und Reiten in der Gastst\u00e4tte &#8222;Zur Sonne&#8220;<\/td>\n<\/tr>\n<tr>\n<td align=\"left\" valign=\"top\" width=\"120,\"><b>29.10.04<\/b><\/td>\n<td><a href=\"sportlerball2004.htm\">Sportlerball<\/a> mit Ehrung der Jubilare, verdienten Sportler sowie Sportler des Jahres,<br \/>\nTombola und Wissensquiz<\/td>\n<\/tr>\n<tr>\n<td align=\"left\" valign=\"top\" width=\"120,\"><b>02.10.04<\/b><\/td>\n<td>Richtfest beim Bau des Ger\u00e4tehauses auf dem Reitplatz<center><img decoding=\"async\" alt=\"Richtfest Ger\u00e4tehaus\" src=\"http:\/\/www.svangern.de\/ueber_uns\/aktuelles\/richtfest_geraetehaus.jpg\" border=\"0\" \/><\/center><\/td>\n<\/tr>\n<tr>\n<td align=\"left\" valign=\"top\" width=\"120,\"><b>22.06.04<\/b><\/td>\n<td>In dieser Woche werden die Arbeiten zur Sanierung des Fu\u00dfballplatzes (Trainingsplatz)<br \/>\nabgeschlossen. Finanziert wurde diese Ma\u00dfnahme durch den Landessportbund Sachsen-Anhalt,<br \/>\ndie Gemeinde Angern und den SV Angern e.V.Im Rahmen eines gemeinsamen Arbeitseinsatzes der Abteilungen Fu\u00dfball und Reiten<br \/>\nwurde die Flutlichtanlage umgebaut und erweitert.Der Rasenplatz wird mit dem Saisonbeginn 2005\/2006 wieder bespielbar sein.<\/td>\n<\/tr>\n<tr>\n<td align=\"left\" valign=\"top\" width=\"120,\"><b>29.05.04<\/b><\/td>\n<td>Bei herrlichem Sonnenschein starteten am Pfingstsamstag 28 begeisterte Radfahrer zur 2. Pfingstradtour des SV Angern.<br \/>\nUnter F\u00fchrung von Wilfried Rittner ging es auf landschaftlich sch\u00f6nen Rad- und Waldwegen zun\u00e4chst zur Rog\u00e4tzer F\u00e4hre,<br \/>\ndann \u00fcber Schartau, Niegripp, das Wasserstra\u00dfenkreuz, Glindenberg, Farsleben, Schricke nach Ramstedt, wo die<br \/>\nTeilnehmer in der Abendsonne den Tag ausklingen lie\u00dfen, bevor danach die letzten Kilometer bis nach Angern bew\u00e4ltigt<br \/>\nwurden.<center><img decoding=\"async\" alt=\"Radtour 2004\" src=\"http:\/\/www.svangern.de\/ueber_uns\/aktuelles\/radtour_2004.jpg\" border=\"0\" \/><\/center><\/td>\n<\/tr>\n<tr>\n<td align=\"left\" valign=\"top\" width=\"120,\"><b>01.05.04<\/b><\/td>\n<td>Beim traditionellen Volkssporttag spielten Fu\u00dfball-Mannschaften der Abteilungen sowie<br \/>\nder ortsans\u00e4ssigen Vereine und Unternehmen um den Pokal des B\u00fcrgermeisters.<br \/>\nNach dem Turnier konnten die Besucher beim Elfmeter- und Torwandschie\u00dfen bzw. beim Dart spielen wertvolle<br \/>\nPreise gewinnen. Auf dem Reitplatz erwarteten die Besucher eine Dressurquadrille<br \/>\nund Springwettbewerbe. Die Kinder konnten sich auf der Riesen-Springburg austoben oder<br \/>\nauf einer Mal- und Bastelstra\u00dfe ihrer Phantasie freien Lauf lassen.Ergebnisse Fu\u00dfballturnier:<\/p>\n<ol>\n<li>Platz: Basketball<\/li>\n<li>Platz: Sporttreff<\/li>\n<li>Platz: A-Jugend<\/li>\n<\/ol>\n<p>Sieger Kegeln:<\/p>\n<ul>\n<li>Kinder 6-10 Jahre: Timon Christ<\/li>\n<li>Kinder 11-14 Jahre: Steven Kaudelka<\/li>\n<li>Jugendliche 10-18 Jahre: Dana Leipu<\/li>\n<li>Erwachsene ab 18 Jahren: Horst Ballerstedt<\/li>\n<\/ul>\n<\/td>\n<\/tr>\n<tr>\n<td align=\"left\" valign=\"top\" width=\"120,\"><b>11.03.04<\/b><\/td>\n<td>Die Jahreshauptversammlung 2004 fand im B\u00fcrgerhaus Angern statt.Die wichtigsten Beschl\u00fcsse waren:<\/p>\n<p>1. <a href=\"..\/satzung\/satzung.htm\">Satzungs\u00e4nderung<\/a><\/p>\n<p>2. Wahl der Kassenpr\u00fcfer Evelin Eichst\u00e4dt und Marion Koch<\/p>\n<p>3. Haushaltsplan 2004<\/p>\n<p>4. Entlastung des Vorstandes<\/p>\n<p>5. \u00c4nderung der Mitgliedsbeitr\u00e4ge<\/p>\n<p>6. Einrichtung der neuen Abteilungen Dart, Basketball und Laufgruppe<\/p>\n<p>7. Kandidatur von Sportfreundin Karin Grasse zur Gemeinderatswahl<\/td>\n<\/tr>\n<tr>\n<td align=\"left\" valign=\"top\" width=\"120,\"><b>27.02.04<\/b><\/td>\n<td>Das traditionelle Volleyballturnier des SV Angern e.V. wurde<br \/>\nmit neuem Teilnehmerrekord von 14 Mannschaften wieder ein spannender sportlicher<br \/>\nH\u00f6hepunkt. Erst nach Mitternacht stand das Ergebnis fest:<br \/>\nes siegten die Basketballer vor den Keglern und der Tischtennis-Mannschaft.<br \/>\nAuf den weiteren Pl\u00e4tzen folgten: Fu\u00dfball 1. Herren, Fu\u00dfball Alte Herren,<br \/>\nFu\u00dfball 2. Herren, Reiten, Feuerwehr, Volleyball Jugend, Laufgruppe, Blaskapelle,<br \/>\nGymnastik, Volleyball alt, Dart.<center><img decoding=\"async\" alt=\"Endspiel Volleyballturnier 2004\" src=\"http:\/\/www.svangern.de\/ueber_uns\/aktuelles\/volleyball_2004.jpg\" border=\"0\" \/><\/center><\/td>\n<\/tr>\n<tr>\n<td align=\"left\" valign=\"top\" width=\"120,\"><b>17.01.04<\/b><\/td>\n<td>Die Abteilung Kegeln hat zum 2. Kegelturnier eingeladen und sieben Mannschaften<br \/>\ndes Sportvereins gingen an den Start. Am Ende siegten die Alte-Herren-Fu\u00dfballer<br \/>\nmit 795 Holz vor den Fu\u00dfballern, Gymnastinnen, Hobbykeglern, der Laufgruppe, den<br \/>\nDartern und den Reitern.<\/td>\n<\/tr>\n<\/tbody>\n<\/table>\n<p>&nbsp;<\/p>\n","protected":false},"excerpt":{"rendered":"<p>&nbsp; Datum Meldung 04.12.04 Weihnachtsfeier der Abteilungen Fu\u00dfball und Reiten in der Gastst\u00e4tte &#8222;Zur Sonne&#8220; 29.10.04 Sportlerball mit Ehrung der Jubilare, verdienten Sportler sowie Sportler des Jahres, Tombola und Wissensquiz 02.10.04 Richtfest beim Bau des Ger\u00e4tehauses auf dem Reitplatz 22.06.04 In dieser Woche werden die Arbeiten zur Sanierung des Fu\u00dfballplatzes (Trainingsplatz) abgeschlossen. Finanziert wurde diese [&hellip;]<\/p>\n","protected":false},"author":1,"featured_media":0,"parent":43,"menu_order":0,"comment_status":"closed","ping_status":"closed","template":"","meta":{"ocean_post_layout":"","ocean_both_sidebars_style":"","ocean_both_sidebars_content_width":0,"ocean_both_sidebars_sidebars_width":0,"ocean_sidebar":"","ocean_second_sidebar":"","ocean_disable_margins":"enable","ocean_add_body_class":"","ocean_shortcode_before_top_bar":"","ocean_shortcode_after_top_bar":"","ocean_shortcode_before_header":"","ocean_shortcode_after_header":"","ocean_has_shortcode":"","ocean_shortcode_after_title":"","ocean_shortcode_before_footer_widgets":"","ocean_shortcode_after_footer_widgets":"","ocean_shortcode_before_footer_bottom":"","ocean_shortcode_after_footer_bottom":"","ocean_display_top_bar":"default","ocean_display_header":"default","ocean_header_style":"","ocean_center_header_left_menu":"","ocean_custom_header_template":"","ocean_custom_logo":0,"ocean_custom_retina_logo":0,"ocean_custom_logo_max_width":0,"ocean_custom_logo_tablet_max_width":0,"ocean_custom_logo_mobile_max_width":0,"ocean_custom_logo_max_height":0,"ocean_custom_logo_tablet_max_height":0,"ocean_custom_logo_mobile_max_height":0,"ocean_header_custom_menu":"","ocean_menu_typo_font_family":"","ocean_menu_typo_font_subset":"","ocean_menu_typo_font_size":0,"ocean_menu_typo_font_size_tablet":0,"ocean_menu_typo_font_size_mobile":0,"ocean_menu_typo_font_size_unit":"px","ocean_menu_typo_font_weight":"","ocean_menu_typo_font_weight_tablet":"","ocean_menu_typo_font_weight_mobile":"","ocean_menu_typo_transform":"","ocean_menu_typo_transform_tablet":"","ocean_menu_typo_transform_mobile":"","ocean_menu_typo_line_height":0,"ocean_menu_typo_line_height_tablet":0,"ocean_menu_typo_line_height_mobile":0,"ocean_menu_typo_line_height_unit":"","ocean_menu_typo_spacing":0,"ocean_menu_typo_spacing_tablet":0,"ocean_menu_typo_spacing_mobile":0,"ocean_menu_typo_spacing_unit":"","ocean_menu_link_color":"","ocean_menu_link_color_hover":"","ocean_menu_link_color_active":"","ocean_menu_link_background":"","ocean_menu_link_hover_background":"","ocean_menu_link_active_background":"","ocean_menu_social_links_bg":"","ocean_menu_social_hover_links_bg":"","ocean_menu_social_links_color":"","ocean_menu_social_hover_links_color":"","ocean_disable_title":"default","ocean_disable_heading":"default","ocean_post_title":"","ocean_post_subheading":"","ocean_post_title_style":"","ocean_post_title_background_color":"","ocean_post_title_background":0,"ocean_post_title_bg_image_position":"","ocean_post_title_bg_image_attachment":"","ocean_post_title_bg_image_repeat":"","ocean_post_title_bg_image_size":"","ocean_post_title_height":0,"ocean_post_title_bg_overlay":0.5,"ocean_post_title_bg_overlay_color":"","ocean_disable_breadcrumbs":"default","ocean_breadcrumbs_color":"","ocean_breadcrumbs_separator_color":"","ocean_breadcrumbs_links_color":"","ocean_breadcrumbs_links_hover_color":"","ocean_display_footer_widgets":"default","ocean_display_footer_bottom":"default","ocean_custom_footer_template":"","footnotes":""},"class_list":["post-324","page","type-page","status-publish","hentry","entry"],"_links":{"self":[{"href":"http:\/\/svangern.de\/index.php?rest_route=\/wp\/v2\/pages\/324","targetHints":{"allow":["GET"]}}],"collection":[{"href":"http:\/\/svangern.de\/index.php?rest_route=\/wp\/v2\/pages"}],"about":[{"href":"http:\/\/svangern.de\/index.php?rest_route=\/wp\/v2\/types\/page"}],"author":[{"embeddable":true,"href":"http:\/\/svangern.de\/index.php?rest_route=\/wp\/v2\/users\/1"}],"replies":[{"embeddable":true,"href":"http:\/\/svangern.de\/index.php?rest_route=%2Fwp%2Fv2%2Fcomments&post=324"}],"version-history":[{"count":3,"href":"http:\/\/svangern.de\/index.php?rest_route=\/wp\/v2\/pages\/324\/revisions"}],"predecessor-version":[{"id":334,"href":"http:\/\/svangern.de\/index.php?rest_route=\/wp\/v2\/pages\/324\/revisions\/334"}],"up":[{"embeddable":true,"href":"http:\/\/svangern.de\/index.php?rest_route=\/wp\/v2\/pages\/43"}],"wp:attachment":[{"href":"http:\/\/svangern.de\/index.php?rest_route=%2Fwp%2Fv2%2Fmedia&parent=324"}],"curies":[{"name":"wp","href":"https:\/\/api.w.org\/{rel}","templated":true}]}}