{"id":325,"date":"2013-04-22T04:05:39","date_gmt":"2013-04-22T04:05:39","guid":{"rendered":"http:\/\/svangern.de\/wordpress\/?page_id=325"},"modified":"2013-04-22T06:11:51","modified_gmt":"2013-04-22T04:11:51","slug":"aktuelles-3","status":"publish","type":"page","link":"http:\/\/svangern.de\/?page_id=325","title":{"rendered":"2005"},"content":{"rendered":"<p>&nbsp;<\/p>\n<table width=\"100%\" border=\"0\">\n<tbody>\n<tr>\n<th align=\"left\" width=\"120,\" height=\"40,\">Datum<\/th>\n<th>Meldung<\/th>\n<\/tr>\n<tr>\n<td align=\"left\" valign=\"top\" width=\"120,\"><b>10.12.05<\/b><\/td>\n<td>Weihnachtsfeier der Abteilungen Fu\u00dfball, Laufgruppe und Reiten in der Gastst\u00e4tte &#8222;Zur Sonne&#8220; mit Stars wie Nina Hagen, Nicole, Nena, Andrea Berg, Tokio Hotel und einem<br \/>\nSpitzen-M\u00e4nnerballet sowie der unverge\u00dflichen Weather Girls-Show<center><br \/>\n<img decoding=\"async\" alt=\"Weihnachtsfeier SV Angern 2005\" src=\"http:\/\/www.svangern.de\/ueber_uns\/aktuelles\/xmas_party_2005_1.jpg\" border=\"0\" \/><img decoding=\"async\" alt=\"Weihnachtsfeier SV Angern 2005\" src=\"http:\/\/www.svangern.de\/ueber_uns\/aktuelles\/xmas_party_2005_2.jpg\" border=\"0\" \/><img decoding=\"async\" alt=\"Weihnachtsfeier SV Angern 2005\" src=\"http:\/\/www.svangern.de\/ueber_uns\/aktuelles\/xmas_party_2005_3.jpg\" border=\"0\" \/><img decoding=\"async\" alt=\"Weihnachtsfeier SV Angern 2005\" src=\"http:\/\/www.svangern.de\/ueber_uns\/aktuelles\/xmas_party_2005_4.jpg\" border=\"0\" \/><img decoding=\"async\" alt=\"Weihnachtsfeier SV Angern 2005\" src=\"http:\/\/www.svangern.de\/ueber_uns\/aktuelles\/xmas_party_2005_5.jpg\" border=\"0\" \/><\/center><\/td>\n<\/tr>\n<tr>\n<td align=\"left\" valign=\"top\" width=\"120,\"><b>22.10.05<\/b><\/td>\n<td><a href=\"sportlerball2005.htm\">Sportlerball<\/a> mit Ehrung der Jubilare, verdienten Sportler sowie Sportler des Jahres,<br \/>\nTombola, Wissensquiz und Tanz<\/td>\n<\/tr>\n<tr>\n<td align=\"left\" valign=\"top\" width=\"120,\"><b>26.-28.08.05<\/b><\/td>\n<td>9. Reitturnier vom 26.-28. August 2005 auf dem Reitplatz in Angern<\/td>\n<\/tr>\n<tr>\n<td align=\"left\" valign=\"top\" width=\"120,\"><b>01.05.05<\/b><\/td>\n<td>Mehr als 600 Teilnehmer und G\u00e4ste besuchten den traditionellen Volkssporttag, der mit der<br \/>\nPremiere des 1. Kreplaufes um 9 Uhr begann. Insgesamt 141 Teilnehmer gingen auf die Lauf- und<br \/>\nWalking-Strecken. Begeisterte Resonanz fand der Wiesellauf: 38 Kinder im Vorschulalter gingen an den<br \/>\nStart. Gl\u00fcckliche Siegerin wurde Elisa Sterdt vor Hans-Leonard Hauf und Anton Brandt.Das traditionelle Fu\u00dfballturnier der Vereine und ortsans\u00e4\u00dfigen Unternehmen<br \/>\ngewann die Mannschaft des Sporttreffs Tietze im Finale gegen Vorjahressieger Basketball.Auf dem Reitplatz konnten sich die Besucher spannende Springpr\u00fcfungen, Gespannfahren und die<br \/>\nDressurquadrille der Frauen der Abteilung Reiten ansehen.<\/p>\n<p>Au\u00dferdem konnte jeder Besucher sein Gl\u00fcck beim Kegel- und Dartturnier sowie beim Elfmeterschie\u00dfen<br \/>\nversuchen.<\/p>\n<p>Die gastronomische Versorgung wurde wieder hervorragend durch die Sportfreunde des Vereins organisiert.<\/td>\n<\/tr>\n<tr>\n<td align=\"left\" valign=\"top\" width=\"120,\"><b>07.04.05<\/b><\/td>\n<td>Die Jahreshauptversammlung 2005 fand im B\u00fcrgerhaus Angern statt.<\/td>\n<\/tr>\n<tr>\n<td align=\"left\" valign=\"top\" width=\"120,\"><b>18.02.05<\/b><\/td>\n<td>Volleyballturnier des SV Angern e.V.In diesem Jahr gingen 11 Mannschaften der einzelnen Abteilungen des Sportvereins, der Feuerwehr und der<br \/>\nBlaskapelle an den Start.<br \/>\nDie zahlreichen Zuschauer konnten schon in den Vorrunden hervorragende Spiele erleben,<br \/>\ndie an Spannung kaum zu \u00fcberbieten waren.<br \/>\nIm Finale trafen dann die Mannschaften Fu\u00dfball 1. Herren und Volleyball aufeinander.<br \/>\nDie Fu\u00dfballer spielten stark, aber am Ende setzten sich die Volleyballer durch,<br \/>\ngefolgt von Fu\u00dfball 1. Herren und den Baketballern.<br \/>\nDie \u00fcberaschend starke Mannschaft der Abteilung Reiten erk\u00e4mpfte sich den 4. Platz.<br \/>\nAuf den weiteren Pl\u00e4tzen folgten: Feuerwehr, Laufgruppe, Blaskapelle, Frauensportgruppe,<br \/>\nTischtennis 1. Mannschaft, Fu\u00dfball Alte Herren und Tischtennis 2. Mannschaft.<br \/>\nEin riesengro\u00dfes Dankesch\u00f6n gilt der Abteilung Frauensport, die das Volleyballturnier wieder<br \/>\nbestens organisiert hat!<center><img decoding=\"async\" alt=\"Volleyballturnier 2005\" src=\"http:\/\/www.svangern.de\/ueber_uns\/aktuelles\/volleyball_2005.jpg\" border=\"0\" \/><\/center><\/td>\n<\/tr>\n<tr>\n<td align=\"left\" valign=\"top\" width=\"120,\"><b>22.01.05<\/b><\/td>\n<td>Die Abteilung Kegeln hat zum 3. Kegelturnier eingeladen und sechs Mannschaften<br \/>\ndes Sportvereins gingen an den Start. Am Ende siegten die Hobbykegler vor den Alte-Herren-Fu\u00dfballern,<br \/>\nden 1. Herren-Fu\u00dfballern, den Dartern, den 2. Herren-Fu\u00dfballern und der Laufgruppe.<\/td>\n<\/tr>\n<\/tbody>\n<\/table>\n<p>&nbsp;<\/p>\n","protected":false},"excerpt":{"rendered":"<p>&nbsp; Datum Meldung 10.12.05 Weihnachtsfeier der Abteilungen Fu\u00dfball, Laufgruppe und Reiten in der Gastst\u00e4tte &#8222;Zur Sonne&#8220; mit Stars wie Nina Hagen, Nicole, Nena, Andrea Berg, Tokio Hotel und einem Spitzen-M\u00e4nnerballet sowie der unverge\u00dflichen Weather Girls-Show 22.10.05 Sportlerball mit Ehrung der Jubilare, verdienten Sportler sowie Sportler des Jahres, Tombola, Wissensquiz und Tanz 26.-28.08.05 9. Reitturnier vom [&hellip;]<\/p>\n","protected":false},"author":1,"featured_media":0,"parent":43,"menu_order":0,"comment_status":"closed","ping_status":"closed","template":"","meta":{"ocean_post_layout":"","ocean_both_sidebars_style":"","ocean_both_sidebars_content_width":0,"ocean_both_sidebars_sidebars_width":0,"ocean_sidebar":"","ocean_second_sidebar":"","ocean_disable_margins":"enable","ocean_add_body_class":"","ocean_shortcode_before_top_bar":"","ocean_shortcode_after_top_bar":"","ocean_shortcode_before_header":"","ocean_shortcode_after_header":"","ocean_has_shortcode":"","ocean_shortcode_after_title":"","ocean_shortcode_before_footer_widgets":"","ocean_shortcode_after_footer_widgets":"","ocean_shortcode_before_footer_bottom":"","ocean_shortcode_after_footer_bottom":"","ocean_display_top_bar":"default","ocean_display_header":"default","ocean_header_style":"","ocean_center_header_left_menu":"","ocean_custom_header_template":"","ocean_custom_logo":0,"ocean_custom_retina_logo":0,"ocean_custom_logo_max_width":0,"ocean_custom_logo_tablet_max_width":0,"ocean_custom_logo_mobile_max_width":0,"ocean_custom_logo_max_height":0,"ocean_custom_logo_tablet_max_height":0,"ocean_custom_logo_mobile_max_height":0,"ocean_header_custom_menu":"","ocean_menu_typo_font_family":"","ocean_menu_typo_font_subset":"","ocean_menu_typo_font_size":0,"ocean_menu_typo_font_size_tablet":0,"ocean_menu_typo_font_size_mobile":0,"ocean_menu_typo_font_size_unit":"px","ocean_menu_typo_font_weight":"","ocean_menu_typo_font_weight_tablet":"","ocean_menu_typo_font_weight_mobile":"","ocean_menu_typo_transform":"","ocean_menu_typo_transform_tablet":"","ocean_menu_typo_transform_mobile":"","ocean_menu_typo_line_height":0,"ocean_menu_typo_line_height_tablet":0,"ocean_menu_typo_line_height_mobile":0,"ocean_menu_typo_line_height_unit":"","ocean_menu_typo_spacing":0,"ocean_menu_typo_spacing_tablet":0,"ocean_menu_typo_spacing_mobile":0,"ocean_menu_typo_spacing_unit":"","ocean_menu_link_color":"","ocean_menu_link_color_hover":"","ocean_menu_link_color_active":"","ocean_menu_link_background":"","ocean_menu_link_hover_background":"","ocean_menu_link_active_background":"","ocean_menu_social_links_bg":"","ocean_menu_social_hover_links_bg":"","ocean_menu_social_links_color":"","ocean_menu_social_hover_links_color":"","ocean_disable_title":"default","ocean_disable_heading":"default","ocean_post_title":"","ocean_post_subheading":"","ocean_post_title_style":"","ocean_post_title_background_color":"","ocean_post_title_background":0,"ocean_post_title_bg_image_position":"","ocean_post_title_bg_image_attachment":"","ocean_post_title_bg_image_repeat":"","ocean_post_title_bg_image_size":"","ocean_post_title_height":0,"ocean_post_title_bg_overlay":0.5,"ocean_post_title_bg_overlay_color":"","ocean_disable_breadcrumbs":"default","ocean_breadcrumbs_color":"","ocean_breadcrumbs_separator_color":"","ocean_breadcrumbs_links_color":"","ocean_breadcrumbs_links_hover_color":"","ocean_display_footer_widgets":"default","ocean_display_footer_bottom":"default","ocean_custom_footer_template":"","footnotes":""},"class_list":["post-325","page","type-page","status-publish","hentry","entry"],"_links":{"self":[{"href":"http:\/\/svangern.de\/index.php?rest_route=\/wp\/v2\/pages\/325","targetHints":{"allow":["GET"]}}],"collection":[{"href":"http:\/\/svangern.de\/index.php?rest_route=\/wp\/v2\/pages"}],"about":[{"href":"http:\/\/svangern.de\/index.php?rest_route=\/wp\/v2\/types\/page"}],"author":[{"embeddable":true,"href":"http:\/\/svangern.de\/index.php?rest_route=\/wp\/v2\/users\/1"}],"replies":[{"embeddable":true,"href":"http:\/\/svangern.de\/index.php?rest_route=%2Fwp%2Fv2%2Fcomments&post=325"}],"version-history":[{"count":3,"href":"http:\/\/svangern.de\/index.php?rest_route=\/wp\/v2\/pages\/325\/revisions"}],"predecessor-version":[{"id":341,"href":"http:\/\/svangern.de\/index.php?rest_route=\/wp\/v2\/pages\/325\/revisions\/341"}],"up":[{"embeddable":true,"href":"http:\/\/svangern.de\/index.php?rest_route=\/wp\/v2\/pages\/43"}],"wp:attachment":[{"href":"http:\/\/svangern.de\/index.php?rest_route=%2Fwp%2Fv2%2Fmedia&parent=325"}],"curies":[{"name":"wp","href":"https:\/\/api.w.org\/{rel}","templated":true}]}}