{"id":629,"date":"2013-08-15T05:33:16","date_gmt":"2013-08-15T03:33:16","guid":{"rendered":"http:\/\/svangern.de\/wordpress\/?page_id=629"},"modified":"2016-03-01T21:35:33","modified_gmt":"2016-03-01T19:35:33","slug":"2009-2","status":"publish","type":"page","link":"http:\/\/svangern.de\/?page_id=629","title":{"rendered":"2009"},"content":{"rendered":"<h4>Erfolgreichste L\u00e4ufer 2009<\/h4>\n<p>Seit dem Wettkampfjahr 2007 gibt es eine vereinsinterne Wertung, bei der die gelaufenen Wettkampfkilometer und die Anzahl der Wettkampfteilnahmen gez\u00e4hlt werden. Dabei werde nicht nur L\u00e4ufe des Stendaler L\u00e4ufercups oder des EOC gewertet, sondern auch Starts bei Marathon- oder anderen Laufveranstaltungen.<\/p>\n<p>Die Sieger und Platzierten wurden auf der Jahreshauptversammlung am 31. Januar 2010 mit Medaillen ausgezeichnet. Au\u00dferdem wurden jeweils ein Wanderpokal f\u00fcr die beste Frau und einer f\u00fcr den besten Mann vergeben, auf dem die gelaufenen Kilometer eingraviert wurden.<\/p>\n<p><span style=\"text-decoration: underline;\">Wettkampfkilometer Frauen:<\/span><\/p>\n<ol>\n<li>Gabi K\u00fchnel: 263,795 km<\/li>\n<li>Nadine Pohl: 237,495 km<\/li>\n<li>Kristin Silke: 202,795 km<\/li>\n<li>Friederike Hecht: 108,7 km<\/li>\n<\/ol>\n<p><span style=\"text-decoration: underline;\">Wettkampfkilometer M\u00e4nner:<\/span><\/p>\n<ol>\n<li>Olaf Pasche: 270,1 km<\/li>\n<li>Bodo Silke: 263,095 km<\/li>\n<li>Michael K\u00fchnel: 251 km<\/li>\n<li>Dennis Pasche: 228,4 km<\/li>\n<\/ol>\n<p><span style=\"text-decoration: underline;\">Anzahl Wettkampfstarts Frauen:<\/span><\/p>\n<ol>\n<li>Gabi K\u00fchnel: 31<\/li>\n<li>Nadine Pohl: 26<\/li>\n<li>Kristin Silke: 21<\/li>\n<\/ol>\n<p><span style=\"text-decoration: underline;\">Anzahl Wettkampfstarts M\u00e4nner:<\/span><\/p>\n<ol>\n<li>Michael K\u00fchnel: 31<\/li>\n<li>Olaf Pasche: 26<\/li>\n<li>Bodo Silke: 24<\/li>\n<\/ol>\n","protected":false},"excerpt":{"rendered":"<p>Erfolgreichste L\u00e4ufer 2009 Seit dem Wettkampfjahr 2007 gibt es eine vereinsinterne Wertung, bei der die gelaufenen Wettkampfkilometer und die Anzahl der Wettkampfteilnahmen gez\u00e4hlt werden. Dabei werde nicht nur L\u00e4ufe des Stendaler L\u00e4ufercups oder des EOC gewertet, sondern auch Starts bei Marathon- oder anderen Laufveranstaltungen. Die Sieger und Platzierten wurden auf der Jahreshauptversammlung am 31. Januar [&hellip;]<\/p>\n","protected":false},"author":1,"featured_media":0,"parent":138,"menu_order":7,"comment_status":"closed","ping_status":"closed","template":"","meta":{"ocean_post_layout":"","ocean_both_sidebars_style":"","ocean_both_sidebars_content_width":0,"ocean_both_sidebars_sidebars_width":0,"ocean_sidebar":"","ocean_second_sidebar":"","ocean_disable_margins":"enable","ocean_add_body_class":"","ocean_shortcode_before_top_bar":"","ocean_shortcode_after_top_bar":"","ocean_shortcode_before_header":"","ocean_shortcode_after_header":"","ocean_has_shortcode":"","ocean_shortcode_after_title":"","ocean_shortcode_before_footer_widgets":"","ocean_shortcode_after_footer_widgets":"","ocean_shortcode_before_footer_bottom":"","ocean_shortcode_after_footer_bottom":"","ocean_display_top_bar":"default","ocean_display_header":"default","ocean_header_style":"","ocean_center_header_left_menu":"","ocean_custom_header_template":"","ocean_custom_logo":0,"ocean_custom_retina_logo":0,"ocean_custom_logo_max_width":0,"ocean_custom_logo_tablet_max_width":0,"ocean_custom_logo_mobile_max_width":0,"ocean_custom_logo_max_height":0,"ocean_custom_logo_tablet_max_height":0,"ocean_custom_logo_mobile_max_height":0,"ocean_header_custom_menu":"","ocean_menu_typo_font_family":"","ocean_menu_typo_font_subset":"","ocean_menu_typo_font_size":0,"ocean_menu_typo_font_size_tablet":0,"ocean_menu_typo_font_size_mobile":0,"ocean_menu_typo_font_size_unit":"px","ocean_menu_typo_font_weight":"","ocean_menu_typo_font_weight_tablet":"","ocean_menu_typo_font_weight_mobile":"","ocean_menu_typo_transform":"","ocean_menu_typo_transform_tablet":"","ocean_menu_typo_transform_mobile":"","ocean_menu_typo_line_height":0,"ocean_menu_typo_line_height_tablet":0,"ocean_menu_typo_line_height_mobile":0,"ocean_menu_typo_line_height_unit":"","ocean_menu_typo_spacing":0,"ocean_menu_typo_spacing_tablet":0,"ocean_menu_typo_spacing_mobile":0,"ocean_menu_typo_spacing_unit":"","ocean_menu_link_color":"","ocean_menu_link_color_hover":"","ocean_menu_link_color_active":"","ocean_menu_link_background":"","ocean_menu_link_hover_background":"","ocean_menu_link_active_background":"","ocean_menu_social_links_bg":"","ocean_menu_social_hover_links_bg":"","ocean_menu_social_links_color":"","ocean_menu_social_hover_links_color":"","ocean_disable_title":"default","ocean_disable_heading":"default","ocean_post_title":"","ocean_post_subheading":"","ocean_post_title_style":"","ocean_post_title_background_color":"","ocean_post_title_background":0,"ocean_post_title_bg_image_position":"","ocean_post_title_bg_image_attachment":"","ocean_post_title_bg_image_repeat":"","ocean_post_title_bg_image_size":"","ocean_post_title_height":0,"ocean_post_title_bg_overlay":0.5,"ocean_post_title_bg_overlay_color":"","ocean_disable_breadcrumbs":"default","ocean_breadcrumbs_color":"","ocean_breadcrumbs_separator_color":"","ocean_breadcrumbs_links_color":"","ocean_breadcrumbs_links_hover_color":"","ocean_display_footer_widgets":"default","ocean_display_footer_bottom":"default","ocean_custom_footer_template":"","footnotes":""},"class_list":["post-629","page","type-page","status-publish","hentry","entry"],"_links":{"self":[{"href":"http:\/\/svangern.de\/index.php?rest_route=\/wp\/v2\/pages\/629","targetHints":{"allow":["GET"]}}],"collection":[{"href":"http:\/\/svangern.de\/index.php?rest_route=\/wp\/v2\/pages"}],"about":[{"href":"http:\/\/svangern.de\/index.php?rest_route=\/wp\/v2\/types\/page"}],"author":[{"embeddable":true,"href":"http:\/\/svangern.de\/index.php?rest_route=\/wp\/v2\/users\/1"}],"replies":[{"embeddable":true,"href":"http:\/\/svangern.de\/index.php?rest_route=%2Fwp%2Fv2%2Fcomments&post=629"}],"version-history":[{"count":2,"href":"http:\/\/svangern.de\/index.php?rest_route=\/wp\/v2\/pages\/629\/revisions"}],"predecessor-version":[{"id":1830,"href":"http:\/\/svangern.de\/index.php?rest_route=\/wp\/v2\/pages\/629\/revisions\/1830"}],"up":[{"embeddable":true,"href":"http:\/\/svangern.de\/index.php?rest_route=\/wp\/v2\/pages\/138"}],"wp:attachment":[{"href":"http:\/\/svangern.de\/index.php?rest_route=%2Fwp%2Fv2%2Fmedia&parent=629"}],"curies":[{"name":"wp","href":"https:\/\/api.w.org\/{rel}","templated":true}]}}