{"id":64,"date":"2013-04-19T04:18:33","date_gmt":"2013-04-19T02:18:33","guid":{"rendered":"http:\/\/svangern.de\/wordpress\/?page_id=64"},"modified":"2026-03-29T15:04:55","modified_gmt":"2026-03-29T13:04:55","slug":"reiten","status":"publish","type":"page","link":"http:\/\/svangern.de\/?page_id=64","title":{"rendered":"Reiten"},"content":{"rendered":"<hr \/>\n<p align=\"center\"><img loading=\"lazy\" decoding=\"async\" src=\"http:\/\/www.svangern.de\/reiten\/allgemeines\/sparten.jpg\" alt=\"\" width=\"586\" height=\"92\" border=\"0\" \/><\/p>\n<p style=\"text-align: left;\" align=\"center\">In der Abteilung Reiten haben sich Pferdesportler und -freunde zusammengefunden, um gemeinsam dem Hobby Pferdesport nachzugehen. Dabei werden folgende Reitsportarten betrieben: Dressur, Springen, Fahren, Voltigieren und Freizeitreiten<\/p>\n<p>Die Trainingszeiten variieren je nach Sparte der Abteilung. Bei Interesse nehmen Sie bitte <a href=\"mailto:reiten@svangern.de\">Kontakt<\/a> mit uns auf!<\/p>\n<p>Wichtig sind uns neben dem aktiven Pferdeport auch Freizeitveranstaltungen, die den Sport und die Gemeinschaft f\u00f6rdern. Dazu geh\u00f6ren Ausritte durch Wald und Flur, Teilnahme am Volkssporttag in Angern (1. Mai), Kegelabende und auch Arbeitseins\u00e4tze, um unsere Sportanlagen zu pflegen. Nicht zu vergessen unsere allj\u00e4hrliche Weihnachtsfeier!<\/p>\n<p>Der Sportverein Angern e.V. verf\u00fcgt \u00fcber einen Trainingsplatz f\u00fcr Dressur und Springen sowie einen Turnierplatz (inklusive Richterturm und Versorgungsst\u00fcbchen) Hinweise zur Nutzung der Sportanlagen finden Sie in der <a href=\"http:\/\/svangern.de\/?page_id=15160\">Reitplatzordnung<\/a>.<\/p>\n<p>Die Abteilung Reiten veranstaltet regelm\u00e4\u00dfig Reit- und Springturniere bzw. war schon mehrfach Ausrichter der Kreis-Kinder und Jugendspiele im Reitsport des B\u00f6rdekreises.<\/p>\n<p>Am 22. und 23. August 2026 sind wir der Gastgeber f\u00fcr die Kreismeisterschaften Dressur\/Springen sowie Kreis Kinder- und Jugendspiele B\u00f6rdekreis.<\/p>\n<p><span style=\"color: #ff0000;\"><strong>NEU:<\/strong><\/span> Am 1. Mai 2026 findet wieder unser Reitertag statt. <a href=\"http:\/\/svangern.de\/wp-content\/uploads\/2026\/03\/Plakat-1.-Mai-2026.pdf\">Hier gehts zur Ausschreibung<\/a> .<\/p>\n<p>Alle Reitsportveranstaltungen in Sachsen-Anhalt finden Sie im\u00a0<a href=\"https:\/\/www.reitturniere-sachsen-anhalt.de\/\" target=\"_blank\" rel=\"noopener noreferrer\"> Turnierplan Sachsen-Anhalt<\/a>.<\/p>\n<hr \/>\n\n\n<p><\/p>\n","protected":false},"excerpt":{"rendered":"<p>In der Abteilung Reiten haben sich Pferdesportler und -freunde zusammengefunden, um gemeinsam dem Hobby Pferdesport nachzugehen. Dabei werden folgende Reitsportarten betrieben: Dressur, Springen, Fahren, Voltigieren und Freizeitreiten Die Trainingszeiten variieren je nach Sparte der Abteilung. Bei Interesse nehmen Sie bitte Kontakt mit uns auf! Wichtig sind uns neben dem aktiven Pferdeport auch Freizeitveranstaltungen, die den [&hellip;]<\/p>\n","protected":false},"author":1,"featured_media":0,"parent":0,"menu_order":8,"comment_status":"closed","ping_status":"closed","template":"","meta":{"ocean_post_layout":"","ocean_both_sidebars_style":"","ocean_both_sidebars_content_width":0,"ocean_both_sidebars_sidebars_width":0,"ocean_sidebar":"ocs-reiten_info","ocean_second_sidebar":"0","ocean_disable_margins":"enable","ocean_add_body_class":"","ocean_shortcode_before_top_bar":"","ocean_shortcode_after_top_bar":"","ocean_shortcode_before_header":"","ocean_shortcode_after_header":"","ocean_has_shortcode":"","ocean_shortcode_after_title":"","ocean_shortcode_before_footer_widgets":"","ocean_shortcode_after_footer_widgets":"","ocean_shortcode_before_footer_bottom":"","ocean_shortcode_after_footer_bottom":"","ocean_display_top_bar":"default","ocean_display_header":"default","ocean_header_style":"","ocean_center_header_left_menu":"0","ocean_custom_header_template":"0","ocean_custom_logo":0,"ocean_custom_retina_logo":0,"ocean_custom_logo_max_width":0,"ocean_custom_logo_tablet_max_width":0,"ocean_custom_logo_mobile_max_width":0,"ocean_custom_logo_max_height":0,"ocean_custom_logo_tablet_max_height":0,"ocean_custom_logo_mobile_max_height":0,"ocean_header_custom_menu":"0","ocean_menu_typo_font_family":"0","ocean_menu_typo_font_subset":"","ocean_menu_typo_font_size":0,"ocean_menu_typo_font_size_tablet":0,"ocean_menu_typo_font_size_mobile":0,"ocean_menu_typo_font_size_unit":"px","ocean_menu_typo_font_weight":"","ocean_menu_typo_font_weight_tablet":"","ocean_menu_typo_font_weight_mobile":"","ocean_menu_typo_transform":"","ocean_menu_typo_transform_tablet":"","ocean_menu_typo_transform_mobile":"","ocean_menu_typo_line_height":0,"ocean_menu_typo_line_height_tablet":0,"ocean_menu_typo_line_height_mobile":0,"ocean_menu_typo_line_height_unit":"","ocean_menu_typo_spacing":0,"ocean_menu_typo_spacing_tablet":0,"ocean_menu_typo_spacing_mobile":0,"ocean_menu_typo_spacing_unit":"","ocean_menu_link_color":"","ocean_menu_link_color_hover":"","ocean_menu_link_color_active":"","ocean_menu_link_background":"","ocean_menu_link_hover_background":"","ocean_menu_link_active_background":"","ocean_menu_social_links_bg":"","ocean_menu_social_hover_links_bg":"","ocean_menu_social_links_color":"","ocean_menu_social_hover_links_color":"","ocean_disable_title":"default","ocean_disable_heading":"default","ocean_post_title":"","ocean_post_subheading":"","ocean_post_title_style":"","ocean_post_title_background_color":"","ocean_post_title_background":0,"ocean_post_title_bg_image_position":"","ocean_post_title_bg_image_attachment":"","ocean_post_title_bg_image_repeat":"","ocean_post_title_bg_image_size":"","ocean_post_title_height":0,"ocean_post_title_bg_overlay":0.5,"ocean_post_title_bg_overlay_color":"","ocean_disable_breadcrumbs":"default","ocean_breadcrumbs_color":"","ocean_breadcrumbs_separator_color":"","ocean_breadcrumbs_links_color":"","ocean_breadcrumbs_links_hover_color":"","ocean_display_footer_widgets":"default","ocean_display_footer_bottom":"default","ocean_custom_footer_template":"0","footnotes":""},"class_list":["post-64","page","type-page","status-publish","hentry","entry"],"_links":{"self":[{"href":"http:\/\/svangern.de\/index.php?rest_route=\/wp\/v2\/pages\/64","targetHints":{"allow":["GET"]}}],"collection":[{"href":"http:\/\/svangern.de\/index.php?rest_route=\/wp\/v2\/pages"}],"about":[{"href":"http:\/\/svangern.de\/index.php?rest_route=\/wp\/v2\/types\/page"}],"author":[{"embeddable":true,"href":"http:\/\/svangern.de\/index.php?rest_route=\/wp\/v2\/users\/1"}],"replies":[{"embeddable":true,"href":"http:\/\/svangern.de\/index.php?rest_route=%2Fwp%2Fv2%2Fcomments&post=64"}],"version-history":[{"count":36,"href":"http:\/\/svangern.de\/index.php?rest_route=\/wp\/v2\/pages\/64\/revisions"}],"predecessor-version":[{"id":17030,"href":"http:\/\/svangern.de\/index.php?rest_route=\/wp\/v2\/pages\/64\/revisions\/17030"}],"wp:attachment":[{"href":"http:\/\/svangern.de\/index.php?rest_route=%2Fwp%2Fv2%2Fmedia&parent=64"}],"curies":[{"name":"wp","href":"https:\/\/api.w.org\/{rel}","templated":true}]}}