{"id":6788,"date":"2016-09-15T14:20:20","date_gmt":"2016-09-15T12:20:20","guid":{"rendered":"http:\/\/svangern.de\/?page_id=6788"},"modified":"2017-04-05T11:01:01","modified_gmt":"2017-04-05T09:01:01","slug":"2013-2","status":"publish","type":"page","link":"http:\/\/svangern.de\/?page_id=6788","title":{"rendered":"2013"},"content":{"rendered":"<h1><span style=\"font-size: small;\">7. Dezember 2013\u00a0\u00a0\u00a0\u00a0\u00a0\u00a0\u00a0\u00a0\u00a0\u00a0\u00a0\u00a0\u00a0\u00a0\u00a0\u00a0\u00a0 Weihnachtsfeier<\/span><\/h1>\n<p>Auch in diesem Jahr haben sich die Mitglieder der Abteilung zu einer Vereinsweihnachtsfeier versammelt und sch\u00f6ne Stunden verbracht. Selbst der Weihnachtsmann lie\u00df es sich nicht nehmen und kam mit der Kutsche vorgefahren. Er hatte f\u00fcr alle Kinder kleine Geschenke mitgebracht.<\/p>\n<p>Im liebevoll geschm\u00fcckten Vereinsraum stand eine weihnachtliche Kaffeetafel bereit und bei &#8222;Drei Haseln\u00fcsse f\u00fcr Aschenpr\u00f6del&#8220; kam Weihnachtsstimmung auf. Es wurde \u00fcber Vergangenes berichtet und bereits Pl\u00e4ne f\u00fcr das neue Jahr geschmiedet.<\/p>\n<p>Highlight des Abends war die lecker gebackene\u00a0Schweinekeule von Hilti, die sich nat\u00fcrlich alle schmecken lie\u00dfen. Ganz herzlichen Dank nochmal f\u00fcr die tolle Idee, was auf jeden Fall im n\u00e4chsten Jahr wiederholt werden soll. Vielen Dank auch an alle, die sich an den Vorbereitungen, der Durchf\u00fchrung und dem Aufr\u00e4umen\u00a0beteiligt haben. Ohne\u00a0die vielen\u00a0flei\u00dfigen Weihnachtsengel h\u00e4tte die Feier nicht stattfinden k\u00f6nnen.<\/p>\n<p><a href=\"http:\/\/svangern.de\/wp-content\/uploads\/2016\/09\/kinder-1024x768.png\"><img loading=\"lazy\" decoding=\"async\" class=\"alignnone size-medium wp-image-6836\" src=\"http:\/\/svangern.de\/wp-content\/uploads\/2016\/09\/kinder-1024x768-300x225.png\" alt=\"kinder-1024x768\" width=\"300\" height=\"225\" srcset=\"http:\/\/svangern.de\/wp-content\/uploads\/2016\/09\/kinder-1024x768-300x225.png 300w, http:\/\/svangern.de\/wp-content\/uploads\/2016\/09\/kinder-1024x768-768x576.png 768w, http:\/\/svangern.de\/wp-content\/uploads\/2016\/09\/kinder-1024x768.png 1024w, http:\/\/svangern.de\/wp-content\/uploads\/2016\/09\/kinder-1024x768-500x375.png 500w\" sizes=\"auto, (max-width: 300px) 100vw, 300px\" \/><\/a><\/p>\n<p><a href=\"http:\/\/svangern.de\/wp-content\/uploads\/2016\/09\/Weihnachtsfeier1.jpg\"><img loading=\"lazy\" decoding=\"async\" class=\"alignnone size-medium wp-image-6827\" src=\"http:\/\/svangern.de\/wp-content\/uploads\/2016\/09\/Weihnachtsfeier1-300x200.jpg\" alt=\"weihnachtsfeier1\" width=\"300\" height=\"200\" srcset=\"http:\/\/svangern.de\/wp-content\/uploads\/2016\/09\/Weihnachtsfeier1-300x200.jpg 300w, http:\/\/svangern.de\/wp-content\/uploads\/2016\/09\/Weihnachtsfeier1-768x513.jpg 768w, http:\/\/svangern.de\/wp-content\/uploads\/2016\/09\/Weihnachtsfeier1.jpg 1024w, http:\/\/svangern.de\/wp-content\/uploads\/2016\/09\/Weihnachtsfeier1-500x334.jpg 500w\" sizes=\"auto, (max-width: 300px) 100vw, 300px\" \/><\/a> <a href=\"http:\/\/svangern.de\/wp-content\/uploads\/2016\/09\/Weihnachtsfeier2.jpg\"><img loading=\"lazy\" decoding=\"async\" class=\"alignnone size-medium wp-image-6828\" src=\"http:\/\/svangern.de\/wp-content\/uploads\/2016\/09\/Weihnachtsfeier2-300x200.jpg\" alt=\"weihnachtsfeier2\" width=\"300\" height=\"200\" srcset=\"http:\/\/svangern.de\/wp-content\/uploads\/2016\/09\/Weihnachtsfeier2-300x200.jpg 300w, http:\/\/svangern.de\/wp-content\/uploads\/2016\/09\/Weihnachtsfeier2-768x513.jpg 768w, http:\/\/svangern.de\/wp-content\/uploads\/2016\/09\/Weihnachtsfeier2.jpg 1024w, http:\/\/svangern.de\/wp-content\/uploads\/2016\/09\/Weihnachtsfeier2-500x334.jpg 500w\" sizes=\"auto, (max-width: 300px) 100vw, 300px\" \/><\/a> <a href=\"http:\/\/svangern.de\/wp-content\/uploads\/2016\/09\/Weihnachtsfeier3.jpg\"><img loading=\"lazy\" decoding=\"async\" class=\"alignnone size-medium wp-image-6829\" src=\"http:\/\/svangern.de\/wp-content\/uploads\/2016\/09\/Weihnachtsfeier3-225x300.jpg\" alt=\"weihnachtsfeier3\" width=\"225\" height=\"300\" srcset=\"http:\/\/svangern.de\/wp-content\/uploads\/2016\/09\/Weihnachtsfeier3-225x300.jpg 225w, http:\/\/svangern.de\/wp-content\/uploads\/2016\/09\/Weihnachtsfeier3.jpg 768w, http:\/\/svangern.de\/wp-content\/uploads\/2016\/09\/Weihnachtsfeier3-500x667.jpg 500w\" sizes=\"auto, (max-width: 225px) 100vw, 225px\" \/><\/a><\/p>\n<h1><strong><span style=\"font-size: small;\">2. November 2013\u00a0\u00a0\u00a0\u00a0\u00a0\u00a0\u00a0\u00a0\u00a0\u00a0\u00a0\u00a0\u00a0\u00a0\u00a0\u00a0\u00a0 Sportlerball des SV Angern e. V.<\/span><\/strong><\/h1>\n<p>Ein Mal im Jahr feiern die Mitglieder des Sportvereines Angern mit Angeh\u00f6rigen, Freunden und Unterst\u00fctzern einen stimmungsvollen Ball.<\/p>\n<p>Viel Lob gab es f\u00fcr den Ehrgeiz und die Zielstrebigkeit der beiden Voltigiererinnen Jasmin Wagner und Helen Silke. &#8222;Sie sind seit 2010 ein sportliches Team und haben zahlreiche gute Platzierungen sowohl beim Voltigieren, als auch beim Holzpferdturnen erreicht&#8220;, begr\u00fcndete Andrea Schlickum in ihrer Laudatio.<\/p>\n<p>Ehrungen gab es auch f\u00fcr die langj\u00e4hrig verdienstvollen Vereinsmitglieder Jennifer Lehmann, Stefanie Specht und Andr\u00e9 Bruschek, die die Ehrennadel bekamen.<\/p>\n<p><a href=\"http:\/\/svangern.de\/wp-content\/uploads\/2016\/09\/Sportlerball2.jpg\"><img loading=\"lazy\" decoding=\"async\" class=\"alignnone size-medium wp-image-6830\" src=\"http:\/\/svangern.de\/wp-content\/uploads\/2016\/09\/Sportlerball2-300x200.jpg\" alt=\"sportlerball2\" width=\"300\" height=\"200\" \/><\/a> <a href=\"http:\/\/svangern.de\/wp-content\/uploads\/2016\/09\/Sportlerball.jpg\"><img loading=\"lazy\" decoding=\"async\" class=\"alignnone size-medium wp-image-6831\" src=\"http:\/\/svangern.de\/wp-content\/uploads\/2016\/09\/Sportlerball-300x200.jpg\" alt=\"sportlerball\" width=\"300\" height=\"200\" \/><\/a><\/p>\n<h1><span style=\"font-size: small;\">3. Oktober 2013\u00a0\u00a0\u00a0\u00a0\u00a0\u00a0\u00a0\u00a0\u00a0\u00a0\u00a0\u00a0\u00a0\u00a0\u00a0\u00a0\u00a0\u00a0\u00a0\u00a0\u00a0 Herbstausritt zum Schloss Heinrichshorst<\/span><\/h1>\n<p>Bei strahlendem Sonnenschein wurde am 03. Oktober eine sch\u00f6ne Tradition fortgesetzt. Seit 2002 veranstaltet die Abteilung Reiten allj\u00e4hrlich den Herbstausritt. Bei diesem Ereignis geht es nicht um Schnelligkeit oder gute Ergebnisse, sondern darum, dass Turnier- und Freizeitreiter gemeinsam einen sch\u00f6nen Ausritt erleben.<\/p>\n<p>Treffpunkt war um 10 Uhr am Reitplatz in Angern. Von dort starteten 9 Reiter-Pferd-Paare. Kinder und Angeh\u00f6rige konnten die Reiterschar auf Kremserwagen oder Kutsche begleiten.<\/p>\n<p>Zun\u00e4chst f\u00fchrte der Weg durch die herbstlichen W\u00e4lder rund um Angern. Gegen Mittag legte das gesamte Gefolge am Schloss Heinrichshorst eine Rast ein, die Pferde konnten sich ausruhen und die hungrigen Zweibeiner bei leckeren Br\u00f6tchen st\u00e4rken.<\/p>\n<p>Von dort aus ging es wieder in Richtung Angern.\u00a0 Nachdem alle Pferde versorgt waren, fand dieser Tag auf dem Reitplatz einen gem\u00fctlichen Ausklang.<\/p>\n<p><a href=\"http:\/\/svangern.de\/wp-content\/uploads\/2016\/09\/Herbstausritt2.jpg\"><img loading=\"lazy\" decoding=\"async\" class=\"alignnone size-medium wp-image-6833\" src=\"http:\/\/svangern.de\/wp-content\/uploads\/2016\/09\/Herbstausritt2-300x200.jpg\" alt=\"herbstausritt2\" width=\"300\" height=\"200\" srcset=\"http:\/\/svangern.de\/wp-content\/uploads\/2016\/09\/Herbstausritt2-300x200.jpg 300w, http:\/\/svangern.de\/wp-content\/uploads\/2016\/09\/Herbstausritt2-768x513.jpg 768w, http:\/\/svangern.de\/wp-content\/uploads\/2016\/09\/Herbstausritt2.jpg 1024w, http:\/\/svangern.de\/wp-content\/uploads\/2016\/09\/Herbstausritt2-500x334.jpg 500w\" sizes=\"auto, (max-width: 300px) 100vw, 300px\" \/><\/a> <a href=\"http:\/\/svangern.de\/wp-content\/uploads\/2016\/09\/Herbstausritt1.jpg\"><img loading=\"lazy\" decoding=\"async\" class=\"alignnone size-medium wp-image-6834\" src=\"http:\/\/svangern.de\/wp-content\/uploads\/2016\/09\/Herbstausritt1-300x200.jpg\" alt=\"herbstausritt1\" width=\"300\" height=\"200\" srcset=\"http:\/\/svangern.de\/wp-content\/uploads\/2016\/09\/Herbstausritt1-300x200.jpg 300w, http:\/\/svangern.de\/wp-content\/uploads\/2016\/09\/Herbstausritt1-768x512.jpg 768w, http:\/\/svangern.de\/wp-content\/uploads\/2016\/09\/Herbstausritt1.jpg 1024w, http:\/\/svangern.de\/wp-content\/uploads\/2016\/09\/Herbstausritt1-500x333.jpg 500w\" sizes=\"auto, (max-width: 300px) 100vw, 300px\" \/><\/a> <a href=\"http:\/\/svangern.de\/wp-content\/uploads\/2016\/09\/Gruppenbild-1024x684.jpg\"><img loading=\"lazy\" decoding=\"async\" class=\"alignnone size-medium wp-image-6835\" src=\"http:\/\/svangern.de\/wp-content\/uploads\/2016\/09\/Gruppenbild-1024x684-300x200.jpg\" alt=\"gruppenbild-1024x684\" width=\"300\" height=\"200\" srcset=\"http:\/\/svangern.de\/wp-content\/uploads\/2016\/09\/Gruppenbild-1024x684-300x200.jpg 300w, http:\/\/svangern.de\/wp-content\/uploads\/2016\/09\/Gruppenbild-1024x684-768x513.jpg 768w, http:\/\/svangern.de\/wp-content\/uploads\/2016\/09\/Gruppenbild-1024x684.jpg 1024w, http:\/\/svangern.de\/wp-content\/uploads\/2016\/09\/Gruppenbild-1024x684-500x334.jpg 500w\" sizes=\"auto, (max-width: 300px) 100vw, 300px\" \/><\/a><\/p>\n<h1><\/h1>\n<h1><span style=\"font-size: small;\">24. &#8211; 25. August 2013\u00a0\u00a0\u00a0\u00a0\u00a0\u00a0\u00a0\u00a0 \u00a013. Reit- und Springturnier in Angern<\/span><\/h1>\n<p style=\"text-align: justify;\"><span style=\"font-size: 11pt; font-family: arial,helvetica,sans-serif;\">In diesem Jahr vom Wetter-Gl\u00fcck verw\u00f6hnt, konnten die vielen G\u00e4ste des Turniers auf der herrlichen Anlage des Vereins viele spannende reitsportliche Wettk\u00e4mpfe erleben.<\/span><\/p>\n<p style=\"text-align: justify;\"><span style=\"font-size: 11pt; font-family: arial,helvetica,sans-serif;\">Neben Pr\u00fcfungen der Anf\u00e4ngerklasse waren auch leichte und mittelschwere Springen und Pr\u00fcfungen f\u00fcr junge Pferde ausgeschrieben sowie erstmals verschiedene Dressurpr\u00fcfungen. An den zwei Turniertagen ritten in 16 Springpr\u00fcfungen mit mehr als 600 Starts Reiter und Reiterinnen B\u00fcgel an B\u00fcgel um Schleifen, Preisgelder und Ehrenpreise. <\/span><\/p>\n<p style=\"text-align: justify;\"><span style=\"font-size: 11pt; font-family: arial,helvetica,sans-serif;\">Das Tagesprogramm am Samstag war von Springpr\u00fcfungen unterschiedlicher Klassen gepr\u00e4gt. Aber auch auf dem Dressurplatz ma\u00dfen sich Reiter und Reiterinnen in verschiedenen Pr\u00fcfungen. <\/span><\/p>\n<p style=\"text-align: justify;\"><span style=\"font-size: 11pt; font-family: arial,helvetica,sans-serif;\">Der Sonntag begann mit einem Springen f\u00fcr Nachwuchsreiter. Aber auch die j\u00fcngsten Reitsportler hatten sich pr\u00e4chtig herausgeputzt und stellten sich im F\u00fchrz\u00fcgelwettbewerb den kritischen Blicken der Jury. Ein weiterer Programmpunkt zur Umrahmung der offiziellen sportlichen Pr\u00fcfungen war das Schaubild der Fahrer, die in verschiedenen Anspannungen rasant den Parcours querten.<\/span><\/p>\n<p style=\"text-align: justify;\"><span style=\"font-size: 11pt; font-family: arial,helvetica,sans-serif;\">Sportlicher H\u00f6hepunkt des Turniers war am Sonntagnachmittag das M-Springen um den \u201eGro\u00dfen Preis von Angern\u201c. Zu den Besuchern des Turniers gesellte sich am Sonntag auch der B\u00fcrgermeister der Gemeinde Angern, Herr Egbert Fitsch und gratulierte dem Sieger dieser Pr\u00fcfung.<\/span><\/p>\n<p style=\"text-align: justify;\"><span style=\"font-size: 11pt; font-family: arial,helvetica,sans-serif;\">Das Reitturnier wurde auch im Rahmen der Sportf\u00f6rderung vom Landkreis B\u00f6rde unterst\u00fctzt.<\/span><\/p>\n<p style=\"text-align: justify;\"><span style=\"font-size: 11pt; font-family: arial,helvetica,sans-serif;\">Der reibungslose und erfolgreiche Verlauf des Reitturniers hing in gro\u00dfem Ma\u00dfe vom unerm\u00fcdlichen Einsatz vieler Helfer der Abteilung Reiten des SV Angern und von der tatkr\u00e4ftigen und finanziellen Unterst\u00fctzung durch Firmen aus der Region ab. Daf\u00fcr bedankt sich der Vorstand ganz herzlich!<\/span><\/p>\n<p style=\"text-align: justify;\"><a href=\"http:\/\/svangern.de\/wp-content\/uploads\/2016\/09\/Andrea-mit-Decke-685x1024-1.jpg\"><img loading=\"lazy\" decoding=\"async\" class=\"alignnone size-medium wp-image-6944\" src=\"http:\/\/svangern.de\/wp-content\/uploads\/2016\/09\/Andrea-mit-Decke-685x1024-1-201x300.jpg\" alt=\"andrea-mit-decke-685x1024\" width=\"201\" height=\"300\" srcset=\"http:\/\/svangern.de\/wp-content\/uploads\/2016\/09\/Andrea-mit-Decke-685x1024-1-201x300.jpg 201w, http:\/\/svangern.de\/wp-content\/uploads\/2016\/09\/Andrea-mit-Decke-685x1024-1.jpg 685w, http:\/\/svangern.de\/wp-content\/uploads\/2016\/09\/Andrea-mit-Decke-685x1024-1-500x747.jpg 500w\" sizes=\"auto, (max-width: 201px) 100vw, 201px\" \/><\/a><a href=\"http:\/\/svangern.de\/wp-content\/uploads\/2016\/09\/Henriette3-1024x680-1.jpg\"><img loading=\"lazy\" decoding=\"async\" class=\"alignnone size-medium wp-image-6945\" src=\"http:\/\/svangern.de\/wp-content\/uploads\/2016\/09\/Henriette3-1024x680-1-300x199.jpg\" alt=\"henriette3-1024x680\" width=\"300\" height=\"199\" srcset=\"http:\/\/svangern.de\/wp-content\/uploads\/2016\/09\/Henriette3-1024x680-1-300x199.jpg 300w, http:\/\/svangern.de\/wp-content\/uploads\/2016\/09\/Henriette3-1024x680-1-768x510.jpg 768w, http:\/\/svangern.de\/wp-content\/uploads\/2016\/09\/Henriette3-1024x680-1.jpg 1024w, http:\/\/svangern.de\/wp-content\/uploads\/2016\/09\/Henriette3-1024x680-1-500x332.jpg 500w\" sizes=\"auto, (max-width: 300px) 100vw, 300px\" \/><\/a><a href=\"http:\/\/svangern.de\/wp-content\/uploads\/2016\/09\/Gruppenfoto-1024x682.jpg\"><img loading=\"lazy\" decoding=\"async\" class=\"alignnone size-medium wp-image-6938\" src=\"http:\/\/svangern.de\/wp-content\/uploads\/2016\/09\/Gruppenfoto-1024x682-300x200.jpg\" alt=\"gruppenfoto-1024x682\" width=\"300\" height=\"200\" srcset=\"http:\/\/svangern.de\/wp-content\/uploads\/2016\/09\/Gruppenfoto-1024x682-300x200.jpg 300w, http:\/\/svangern.de\/wp-content\/uploads\/2016\/09\/Gruppenfoto-1024x682-768x512.jpg 768w, http:\/\/svangern.de\/wp-content\/uploads\/2016\/09\/Gruppenfoto-1024x682.jpg 1024w, http:\/\/svangern.de\/wp-content\/uploads\/2016\/09\/Gruppenfoto-1024x682-500x333.jpg 500w\" sizes=\"auto, (max-width: 300px) 100vw, 300px\" \/><\/a><a href=\"http:\/\/svangern.de\/wp-content\/uploads\/2016\/09\/Kutsche-1024x682.jpg\"><img loading=\"lazy\" decoding=\"async\" class=\"alignnone size-medium wp-image-6946\" src=\"http:\/\/svangern.de\/wp-content\/uploads\/2016\/09\/Kutsche-1024x682-300x200.jpg\" alt=\"kutsche-1024x682\" width=\"300\" height=\"200\" srcset=\"http:\/\/svangern.de\/wp-content\/uploads\/2016\/09\/Kutsche-1024x682-300x200.jpg 300w, http:\/\/svangern.de\/wp-content\/uploads\/2016\/09\/Kutsche-1024x682-768x512.jpg 768w, http:\/\/svangern.de\/wp-content\/uploads\/2016\/09\/Kutsche-1024x682.jpg 1024w, http:\/\/svangern.de\/wp-content\/uploads\/2016\/09\/Kutsche-1024x682-500x333.jpg 500w\" sizes=\"auto, (max-width: 300px) 100vw, 300px\" \/><\/a><\/p>\n<ol>\n<li><strong> Mai 2013\u00a0\u00a0\u00a0\u00a0\u00a0\u00a0\u00a0\u00a0\u00a0\u00a0\u00a0\u00a0\u00a0\u00a0\u00a0\u00a0\u00a0\u00a0\u00a0\u00a0\u00a0\u00a0\u00a0\u00a0\u00a0\u00a0\u00a0\u00a0\u00a0 Volkssporttag<\/strong><\/li>\n<\/ol>\n<p>Am 1. Mai fand, wie in jedem Jahr, im Rahmen des Volkssporttages des SV Angern der Reitertag der Abteilung Reiten statt. In diesem Jahr begann die Veranstaltung, um alle angek\u00fcndigten Teilnehmer bew\u00e4ltigen zu k\u00f6nnen, 1 Stunde fr\u00fcher, als sonst.<\/p>\n<p>Insgesamt nahmen 140 Reiter-Pferd-Paare an den 5 Springpr\u00fcfungen der Klassen E und A teil. Die Dressurquadrille erschien in schaurigen Vampirkost\u00fcmen und zeigte ein Schaubild mit 8 Reitern zum Thema &#8222;Mitternacht&#8220;.<\/p>\n<p>Die Voltigierkinder des SV Angern\/ Reiten haben unter Leitung von Jennifer Lehmann ein abwechslungsreiches Programm einstudiert. Leider mussten sie in diesem Jahr auf ihr Pferd verzichten, da es erkrankt war. Die Kinder schwangen sich trotzdem auf ihr h\u00f6lzernes Trainingsobjekt und f\u00fchrten ihre K\u00fcr vor.<\/p>\n<p>Mit viel Liebe zum Detail wurden die Kinder der F\u00fchrz\u00fcgelklasse kost\u00fcmiert und die Pferde geschm\u00fcckt. Zur Pr\u00fcfung formierte sich im Dressurviereck eine bunte Gruppe von stattlichen 17 Teilnehmern. Der Sieg ging an Luna Uhlemann vom\u00a0 Reitverein Sch\u00f6nebeck. Emil Schlickum vom SV Angern war platziert.<\/p>\n<p>F\u00fcr das Schauprogramm stellte Birgit Wedekind beim Schminken ihr K\u00f6nnen zur Verf\u00fcgung. \u00a0Auch die Kinder der Zuschauer wurden flei\u00dfig den ganzen Nachmittag geschminkt.<\/p>\n<p>Der Tag war in diesem Jahr auch f\u00fcr die Teilnehmer aus den eigenen Reihen sehr erfolgreich. Die Ergebnisse: In den Pr\u00fcfungen Mini E und Anf\u00e4nger E siegte Marie Welzin aus dem Reitverein Tangerh\u00fctte, Das E Springen f\u00fcr Fortgeschrittene wurde von Wiebke Lehmann siegreich bestritten, vom SV Angern war Benedikt Beckmann platziert. In beiden A Springen unterschiedlicher Schwierigkeitsgrade belegte Elisa Ilski vom SV Angern den 1. Platz. F\u00fcr den gastgebenden Reitverein gingen weiterhin in beiden Pr\u00fcfungen Platzierungen an Frank Schulle.<\/p>\n<p>Die Vorsitzende der Abteilung Reiten, Andrea Schlickum, m\u00f6chte sich auf diesem Wege bei allen flei\u00dfigen Helfern und Mitwirkenden, die an diesem Tag reichlich zu tun hatten und das Gelingen der Veranstaltung erst erm\u00f6glicht haben, ganz herzlich bedanken.<\/p>\n<p>&nbsp;<\/p>\n<ol start=\"20\">\n<li><strong> April 2013\u00a0\u00a0\u00a0\u00a0\u00a0\u00a0\u00a0\u00a0\u00a0\u00a0\u00a0\u00a0\u00a0\u00a0\u00a0\u00a0\u00a0\u00a0\u00a0\u00a0\u00a0\u00a0\u00a0\u00a0\u00a0\u00a0 Arbeitseinsatz der Abteilung Reiten<\/strong><\/li>\n<\/ol>\n<p>Am Samstag trafen sich viele flei\u00dfige Helfer der Abteilung Reiten zum Arbeitseinsatz, denn der 1. Mai steht in Angern wieder ganz im Zeichen des Sports. Eingebettet in den Volkssporttag des SV Angern e. V. kommen auch Pferdesportfreunde an diesem Tag auf ihre Kosten. Ab 10 Uhr erwarten die Besucher auf dem Reitplatz verschiedene Springpr\u00fcfungen, ein F\u00fchrz\u00fcgelwettbewerb bei dem die j\u00fcngsten Reiter ihre Sattelfestigkeit unter Beweis stellen k\u00f6nnen, sowie eine Dressurquadrille und Fahrpr\u00fcfungen f\u00fcr Ein- und Zweisp\u00e4nner.<\/p>\n<p>Damit es, wie bereits in den vergangenen Jahren, zu einer gelungenen Veranstaltung wird, gab es nat\u00fcrlich vorher eine Menge Arbeit. So wurden die Reitpl\u00e4tze geschleppt, Steine abgesucht, st\u00f6rendes Gestr\u00fcpp entfernt und das Ger\u00e4tehaus und der Richterturm ges\u00e4ubert.<\/p>\n<p><a href=\"http:\/\/svangern.de\/wp-content\/uploads\/2016\/09\/Arbeitseinsatz-20_04_2013-1024x685.jpg\"><img loading=\"lazy\" decoding=\"async\" class=\"alignnone size-medium wp-image-6941\" src=\"http:\/\/svangern.de\/wp-content\/uploads\/2016\/09\/Arbeitseinsatz-20_04_2013-1024x685-300x201.jpg\" alt=\"arbeitseinsatz-20_04_2013-1024x685\" width=\"300\" height=\"201\" srcset=\"http:\/\/svangern.de\/wp-content\/uploads\/2016\/09\/Arbeitseinsatz-20_04_2013-1024x685-300x201.jpg 300w, http:\/\/svangern.de\/wp-content\/uploads\/2016\/09\/Arbeitseinsatz-20_04_2013-1024x685-768x514.jpg 768w, http:\/\/svangern.de\/wp-content\/uploads\/2016\/09\/Arbeitseinsatz-20_04_2013-1024x685.jpg 1024w, http:\/\/svangern.de\/wp-content\/uploads\/2016\/09\/Arbeitseinsatz-20_04_2013-1024x685-500x334.jpg 500w\" sizes=\"auto, (max-width: 300px) 100vw, 300px\" \/><\/a><\/p>\n<ol start=\"9\">\n<li><strong> M\u00e4rz 2013\u00a0\u00a0\u00a0\u00a0\u00a0\u00a0\u00a0\u00a0\u00a0\u00a0\u00a0\u00a0\u00a0\u00a0\u00a0\u00a0\u00a0\u00a0\u00a0\u00a0\u00a0\u00a0\u00a0\u00a0\u00a0\u00a0 Kegelturnier<\/strong><\/li>\n<\/ol>\n<p>&nbsp;<\/p>\n<ol start=\"21\">\n<li><strong> Februar 2013\u00a0\u00a0\u00a0\u00a0\u00a0\u00a0\u00a0\u00a0\u00a0\u00a0\u00a0\u00a0\u00a0\u00a0\u00a0\u00a0\u00a0\u00a0\u00a0\u00a0\u00a0 Jahreshauptversammlung der Abteilung Reiten<\/strong><\/li>\n<\/ol>\n<p>Am 21. Februar 2013 kamen die Mitglieder der Abteilung Reiten des SV Angern e.V. zu ihrer Jahreshauptversammlung in der Gastst\u00e4tte Fischer zusammen.<\/p>\n<p>Nach der Begr\u00fc\u00dfung durch die Vorsitzende Heike Beckmann wurde sich zun\u00e4chst mit einem leckeren Abendessen gest\u00e4rkt. Danach wurde \u00fcber Aktivit\u00e4ten und sportliche H\u00f6hepunkte des vergangenen Jahres berichtet, Rechenschaft \u00fcber Einnahmen und Ausgaben abgelegt und \u00fcber die Entwicklung der Mitgliederzahlen informiert.<\/p>\n<p>Aber die Veranstaltung stand auch ganz im Zeichen von einer Neuwahl der Vorstandsspitze.<\/p>\n<p>Die Vorsitzende Heike Beckmann wird ab dem Sommer ihren Lebensmittelpunkt f\u00fcr 2 Jahre ins Ausland verlegen und auch die Stellvertreterin Karin Grasse steht aus pers\u00f6nlichen Gr\u00fcnden f\u00fcr eine weitere Mitarbeit im Vorstand nicht mehr zur Verf\u00fcgung. Die Mitglieder der Abteilung w\u00fcrdigten die geleistete Arbeit und bedankten sich f\u00fcr ihre langj\u00e4hrige Mitarbeit mit einem Blumenstrau\u00df.<\/p>\n<p>Zuk\u00fcnftig wird nun die Abteilung Reiten von Andrea Schlickum geleitet und Stephan Koch wird ihr stellvertretend zur Seite stehen.<\/p>\n<p>Da die Abteilung ist in den letzten Jahren kontinuierlich gewachsen ist und inzwischen schon mehr als 100 Mitglieder z\u00e4hlt, wird die Vorstandsarbeit auf 13 Schultern verteilt.<\/p>\n<p>F\u00fcr das Jahr 2013 haben sich die Reiter wieder viel vorgenommen. Am 1. Mai soll anl\u00e4sslich des Volkssporttages auf dem Reitplatz wieder ein buntes Programm geboten werden. Vom 24. bis 25. August findet in Angern das 13. Reit- und Springturnier statt. Am 3. Oktober ist der traditionelle vereinsinterne Herbstausritt geplant und am 07. Dezember wird der Weihnachtsmann mit der Pferdekutsche die Weihnachtsfeier der Abteilung Reiten einl\u00e4uten.<\/p>\n<p><a href=\"http:\/\/svangern.de\/wp-content\/uploads\/2016\/09\/hauptversammlung2013heike.jpg\"><img loading=\"lazy\" decoding=\"async\" class=\"size-full wp-image-6947\" src=\"http:\/\/svangern.de\/wp-content\/uploads\/2016\/09\/hauptversammlung2013heike.jpg\" alt=\"SONY DSC\" width=\"299\" height=\"200\" \/><\/a><\/p>\n<p><a href=\"http:\/\/svangern.de\/wp-content\/uploads\/2016\/09\/hauptversammlung2013karin.jpg\"><img loading=\"lazy\" decoding=\"async\" class=\"size-full wp-image-6948\" src=\"http:\/\/svangern.de\/wp-content\/uploads\/2016\/09\/hauptversammlung2013karin.jpg\" alt=\"SONY DSC\" width=\"299\" height=\"200\" \/><\/a><\/p>\n<p>&nbsp;<\/p>\n<ol start=\"16\">\n<li><strong> Februar 2013\u00a0\u00a0\u00a0\u00a0\u00a0\u00a0\u00a0\u00a0\u00a0\u00a0\u00a0\u00a0\u00a0\u00a0\u00a0\u00a0\u00a0\u00a0\u00a0\u00a0\u00a0\u00a0\u00a0\u00a0\u00a0\u00a0<\/strong><strong>Volleyballturnier<\/strong><\/li>\n<\/ol>\n","protected":false},"excerpt":{"rendered":"<p>7. Dezember 2013\u00a0\u00a0\u00a0\u00a0\u00a0\u00a0\u00a0\u00a0\u00a0\u00a0\u00a0\u00a0\u00a0\u00a0\u00a0\u00a0\u00a0 Weihnachtsfeier Auch in diesem Jahr haben sich die Mitglieder der Abteilung zu einer Vereinsweihnachtsfeier versammelt und sch\u00f6ne Stunden verbracht. Selbst der Weihnachtsmann lie\u00df es sich nicht nehmen und kam mit der Kutsche vorgefahren. Er hatte f\u00fcr alle Kinder kleine Geschenke mitgebracht. Im liebevoll geschm\u00fcckten Vereinsraum stand eine weihnachtliche Kaffeetafel bereit und bei [&hellip;]<\/p>\n","protected":false},"author":1,"featured_media":0,"parent":72,"menu_order":10,"comment_status":"closed","ping_status":"closed","template":"","meta":{"ocean_post_layout":"","ocean_both_sidebars_style":"","ocean_both_sidebars_content_width":0,"ocean_both_sidebars_sidebars_width":0,"ocean_sidebar":"","ocean_second_sidebar":"","ocean_disable_margins":"enable","ocean_add_body_class":"","ocean_shortcode_before_top_bar":"","ocean_shortcode_after_top_bar":"","ocean_shortcode_before_header":"","ocean_shortcode_after_header":"","ocean_has_shortcode":"","ocean_shortcode_after_title":"","ocean_shortcode_before_footer_widgets":"","ocean_shortcode_after_footer_widgets":"","ocean_shortcode_before_footer_bottom":"","ocean_shortcode_after_footer_bottom":"","ocean_display_top_bar":"default","ocean_display_header":"default","ocean_header_style":"","ocean_center_header_left_menu":"","ocean_custom_header_template":"","ocean_custom_logo":0,"ocean_custom_retina_logo":0,"ocean_custom_logo_max_width":0,"ocean_custom_logo_tablet_max_width":0,"ocean_custom_logo_mobile_max_width":0,"ocean_custom_logo_max_height":0,"ocean_custom_logo_tablet_max_height":0,"ocean_custom_logo_mobile_max_height":0,"ocean_header_custom_menu":"","ocean_menu_typo_font_family":"","ocean_menu_typo_font_subset":"","ocean_menu_typo_font_size":0,"ocean_menu_typo_font_size_tablet":0,"ocean_menu_typo_font_size_mobile":0,"ocean_menu_typo_font_size_unit":"px","ocean_menu_typo_font_weight":"","ocean_menu_typo_font_weight_tablet":"","ocean_menu_typo_font_weight_mobile":"","ocean_menu_typo_transform":"","ocean_menu_typo_transform_tablet":"","ocean_menu_typo_transform_mobile":"","ocean_menu_typo_line_height":0,"ocean_menu_typo_line_height_tablet":0,"ocean_menu_typo_line_height_mobile":0,"ocean_menu_typo_line_height_unit":"","ocean_menu_typo_spacing":0,"ocean_menu_typo_spacing_tablet":0,"ocean_menu_typo_spacing_mobile":0,"ocean_menu_typo_spacing_unit":"","ocean_menu_link_color":"","ocean_menu_link_color_hover":"","ocean_menu_link_color_active":"","ocean_menu_link_background":"","ocean_menu_link_hover_background":"","ocean_menu_link_active_background":"","ocean_menu_social_links_bg":"","ocean_menu_social_hover_links_bg":"","ocean_menu_social_links_color":"","ocean_menu_social_hover_links_color":"","ocean_disable_title":"default","ocean_disable_heading":"default","ocean_post_title":"","ocean_post_subheading":"","ocean_post_title_style":"","ocean_post_title_background_color":"","ocean_post_title_background":0,"ocean_post_title_bg_image_position":"","ocean_post_title_bg_image_attachment":"","ocean_post_title_bg_image_repeat":"","ocean_post_title_bg_image_size":"","ocean_post_title_height":0,"ocean_post_title_bg_overlay":0.5,"ocean_post_title_bg_overlay_color":"","ocean_disable_breadcrumbs":"default","ocean_breadcrumbs_color":"","ocean_breadcrumbs_separator_color":"","ocean_breadcrumbs_links_color":"","ocean_breadcrumbs_links_hover_color":"","ocean_display_footer_widgets":"default","ocean_display_footer_bottom":"default","ocean_custom_footer_template":"","footnotes":""},"class_list":["post-6788","page","type-page","status-publish","hentry","entry"],"_links":{"self":[{"href":"http:\/\/svangern.de\/index.php?rest_route=\/wp\/v2\/pages\/6788","targetHints":{"allow":["GET"]}}],"collection":[{"href":"http:\/\/svangern.de\/index.php?rest_route=\/wp\/v2\/pages"}],"about":[{"href":"http:\/\/svangern.de\/index.php?rest_route=\/wp\/v2\/types\/page"}],"author":[{"embeddable":true,"href":"http:\/\/svangern.de\/index.php?rest_route=\/wp\/v2\/users\/1"}],"replies":[{"embeddable":true,"href":"http:\/\/svangern.de\/index.php?rest_route=%2Fwp%2Fv2%2Fcomments&post=6788"}],"version-history":[{"count":7,"href":"http:\/\/svangern.de\/index.php?rest_route=\/wp\/v2\/pages\/6788\/revisions"}],"predecessor-version":[{"id":6960,"href":"http:\/\/svangern.de\/index.php?rest_route=\/wp\/v2\/pages\/6788\/revisions\/6960"}],"up":[{"embeddable":true,"href":"http:\/\/svangern.de\/index.php?rest_route=\/wp\/v2\/pages\/72"}],"wp:attachment":[{"href":"http:\/\/svangern.de\/index.php?rest_route=%2Fwp%2Fv2%2Fmedia&parent=6788"}],"curies":[{"name":"wp","href":"https:\/\/api.w.org\/{rel}","templated":true}]}}