{"id":72,"date":"2013-04-19T04:24:10","date_gmt":"2013-04-19T02:24:10","guid":{"rendered":"http:\/\/svangern.de\/wordpress\/?page_id=72"},"modified":"2019-05-03T18:18:47","modified_gmt":"2019-05-03T16:18:47","slug":"aktuelles-2","status":"publish","type":"page","link":"http:\/\/svangern.de\/?page_id=72","title":{"rendered":"Aktuelles"},"content":{"rendered":"<p><strong>Datum\u00a0\u00a0\u00a0\u00a0\u00a0\u00a0\u00a0\u00a0\u00a0\u00a0\u00a0\u00a0\u00a0\u00a0\u00a0\u00a0\u00a0\u00a0\u00a0\u00a0\u00a0\u00a0\u00a0\u00a0\u00a0\u00a0\u00a0\u00a0\u00a0\u00a0\u00a0\u00a0\u00a0\u00a0\u00a0\u00a0\u00a0\u00a0\u00a0\u00a0\u00a0\u00a0\u00a0\u00a0\u00a0\u00a0\u00a0\u00a0\u00a0\u00a0\u00a0\u00a0\u00a0\u00a0\u00a0\u00a0\u00a0\u00a0\u00a0\u00a0\u00a0\u00a0\u00a0\u00a0\u00a0\u00a0\u00a0\u00a0\u00a0\u00a0\u00a0\u00a0\u00a0\u00a0\u00a0\u00a0\u00a0\u00a0\u00a0\u00a0\u00a0\u00a0\u00a0\u00a0\u00a0\u00a0\u00a0 Meldung<\/strong><\/p>\n<p><strong>01. Mai 2019\u00a0\u00a0 Volkssporttag<\/strong><\/p>\n<p>&nbsp;<\/p>\n<p><a href=\"http:\/\/svangern.de\/wp-content\/uploads\/2019\/05\/IDPV6065.jpg\"><img loading=\"lazy\" decoding=\"async\" class=\"alignnone size-medium wp-image-14142\" src=\"http:\/\/svangern.de\/wp-content\/uploads\/2019\/05\/IDPV6065-300x225.jpg\" alt=\"\" width=\"300\" height=\"225\" srcset=\"http:\/\/svangern.de\/wp-content\/uploads\/2019\/05\/IDPV6065-300x225.jpg 300w, http:\/\/svangern.de\/wp-content\/uploads\/2019\/05\/IDPV6065-768x576.jpg 768w, http:\/\/svangern.de\/wp-content\/uploads\/2019\/05\/IDPV6065-1024x768.jpg 1024w, http:\/\/svangern.de\/wp-content\/uploads\/2019\/05\/IDPV6065-500x375.jpg 500w, http:\/\/svangern.de\/wp-content\/uploads\/2019\/05\/IDPV6065.jpg 1600w\" sizes=\"auto, (max-width: 300px) 100vw, 300px\" \/><\/a><\/p>\n<p>Siegehrung E-Springen<\/p>\n<p><a href=\"http:\/\/svangern.de\/wp-content\/uploads\/2019\/05\/BBGJ6007.jpg\"><img loading=\"lazy\" decoding=\"async\" class=\"alignnone size-medium wp-image-14140\" src=\"http:\/\/svangern.de\/wp-content\/uploads\/2019\/05\/BBGJ6007-300x225.jpg\" alt=\"\" width=\"300\" height=\"225\" srcset=\"http:\/\/svangern.de\/wp-content\/uploads\/2019\/05\/BBGJ6007-300x225.jpg 300w, http:\/\/svangern.de\/wp-content\/uploads\/2019\/05\/BBGJ6007-768x576.jpg 768w, http:\/\/svangern.de\/wp-content\/uploads\/2019\/05\/BBGJ6007-1024x768.jpg 1024w, http:\/\/svangern.de\/wp-content\/uploads\/2019\/05\/BBGJ6007-500x375.jpg 500w, http:\/\/svangern.de\/wp-content\/uploads\/2019\/05\/BBGJ6007.jpg 1600w\" sizes=\"auto, (max-width: 300px) 100vw, 300px\" \/><\/a><\/p>\n<p>Siegerehrung A-Springen m. Stechen<\/p>\n<p><a href=\"http:\/\/svangern.de\/wp-content\/uploads\/2019\/05\/CZFK8794.jpg\"><img loading=\"lazy\" decoding=\"async\" class=\"alignnone size-medium wp-image-14141\" src=\"http:\/\/svangern.de\/wp-content\/uploads\/2019\/05\/CZFK8794-300x225.jpg\" alt=\"\" width=\"300\" height=\"225\" srcset=\"http:\/\/svangern.de\/wp-content\/uploads\/2019\/05\/CZFK8794-300x225.jpg 300w, http:\/\/svangern.de\/wp-content\/uploads\/2019\/05\/CZFK8794-768x576.jpg 768w, http:\/\/svangern.de\/wp-content\/uploads\/2019\/05\/CZFK8794-1024x768.jpg 1024w, http:\/\/svangern.de\/wp-content\/uploads\/2019\/05\/CZFK8794-500x375.jpg 500w, http:\/\/svangern.de\/wp-content\/uploads\/2019\/05\/CZFK8794.jpg 1600w\" sizes=\"auto, (max-width: 300px) 100vw, 300px\" \/><\/a><\/p>\n<p>Darbietung der Voltegiergruppe<\/p>\n<p><a href=\"http:\/\/svangern.de\/wp-content\/uploads\/2019\/05\/AMPK0623.jpg\"><img loading=\"lazy\" decoding=\"async\" class=\"alignnone size-medium wp-image-14145\" src=\"http:\/\/svangern.de\/wp-content\/uploads\/2019\/05\/AMPK0623-300x225.jpg\" alt=\"\" width=\"300\" height=\"225\" srcset=\"http:\/\/svangern.de\/wp-content\/uploads\/2019\/05\/AMPK0623-300x225.jpg 300w, http:\/\/svangern.de\/wp-content\/uploads\/2019\/05\/AMPK0623-768x576.jpg 768w, http:\/\/svangern.de\/wp-content\/uploads\/2019\/05\/AMPK0623-1024x768.jpg 1024w, http:\/\/svangern.de\/wp-content\/uploads\/2019\/05\/AMPK0623-500x375.jpg 500w, http:\/\/svangern.de\/wp-content\/uploads\/2019\/05\/AMPK0623.jpg 1600w\" sizes=\"auto, (max-width: 300px) 100vw, 300px\" \/><\/a><\/p>\n<p>Impressionen F\u00fchrz\u00fcgelwettbewerb<\/p>\n<p><a href=\"http:\/\/svangern.de\/wp-content\/uploads\/2019\/05\/IMG_1538-e1556867651909.jpg\"><img loading=\"lazy\" decoding=\"async\" class=\"alignnone size-medium wp-image-14151\" src=\"http:\/\/svangern.de\/wp-content\/uploads\/2019\/05\/IMG_1538-e1556867651909-225x300.jpg\" alt=\"\" width=\"225\" height=\"300\" srcset=\"http:\/\/svangern.de\/wp-content\/uploads\/2019\/05\/IMG_1538-e1556867651909-225x300.jpg 225w, http:\/\/svangern.de\/wp-content\/uploads\/2019\/05\/IMG_1538-e1556867651909-768x1024.jpg 768w, http:\/\/svangern.de\/wp-content\/uploads\/2019\/05\/IMG_1538-e1556867651909-500x667.jpg 500w\" sizes=\"auto, (max-width: 225px) 100vw, 225px\" \/><\/a><\/p>\n<p><a href=\"http:\/\/svangern.de\/wp-content\/uploads\/2019\/05\/P1030356.jpg\"><img loading=\"lazy\" decoding=\"async\" class=\"alignnone size-medium wp-image-14162\" src=\"http:\/\/svangern.de\/wp-content\/uploads\/2019\/05\/P1030356-300x200.jpg\" alt=\"\" width=\"300\" height=\"200\" srcset=\"http:\/\/svangern.de\/wp-content\/uploads\/2019\/05\/P1030356-300x200.jpg 300w, http:\/\/svangern.de\/wp-content\/uploads\/2019\/05\/P1030356-768x513.jpg 768w, http:\/\/svangern.de\/wp-content\/uploads\/2019\/05\/P1030356-500x334.jpg 500w, http:\/\/svangern.de\/wp-content\/uploads\/2019\/05\/P1030356.jpg 941w\" sizes=\"auto, (max-width: 300px) 100vw, 300px\" \/><\/a><\/p>\n<p>&nbsp;<\/p>\n<p>Schauprogamm<\/p>\n<p><a href=\"http:\/\/svangern.de\/wp-content\/uploads\/2019\/05\/P1030426.jpg\"><img loading=\"lazy\" decoding=\"async\" class=\"alignnone size-medium wp-image-14177\" src=\"http:\/\/svangern.de\/wp-content\/uploads\/2019\/05\/P1030426-300x200.jpg\" alt=\"\" width=\"300\" height=\"200\" srcset=\"http:\/\/svangern.de\/wp-content\/uploads\/2019\/05\/P1030426-300x200.jpg 300w, http:\/\/svangern.de\/wp-content\/uploads\/2019\/05\/P1030426-768x511.jpg 768w, http:\/\/svangern.de\/wp-content\/uploads\/2019\/05\/P1030426-500x333.jpg 500w, http:\/\/svangern.de\/wp-content\/uploads\/2019\/05\/P1030426.jpg 944w\" sizes=\"auto, (max-width: 300px) 100vw, 300px\" \/> <\/a><a href=\"http:\/\/svangern.de\/wp-content\/uploads\/2019\/05\/P1030415.jpg\"><img loading=\"lazy\" decoding=\"async\" class=\"alignnone size-medium wp-image-14164\" src=\"http:\/\/svangern.de\/wp-content\/uploads\/2019\/05\/P1030415-300x200.jpg\" alt=\"\" width=\"300\" height=\"200\" srcset=\"http:\/\/svangern.de\/wp-content\/uploads\/2019\/05\/P1030415-300x200.jpg 300w, http:\/\/svangern.de\/wp-content\/uploads\/2019\/05\/P1030415-768x512.jpg 768w, http:\/\/svangern.de\/wp-content\/uploads\/2019\/05\/P1030415-500x333.jpg 500w, http:\/\/svangern.de\/wp-content\/uploads\/2019\/05\/P1030415.jpg 942w\" sizes=\"auto, (max-width: 300px) 100vw, 300px\" \/><\/a><\/p>\n<p><a href=\"http:\/\/svangern.de\/wp-content\/uploads\/2019\/05\/P1030505.jpg\"><img loading=\"lazy\" decoding=\"async\" class=\"alignnone size-medium wp-image-14168\" src=\"http:\/\/svangern.de\/wp-content\/uploads\/2019\/05\/P1030505-300x200.jpg\" alt=\"\" width=\"300\" height=\"200\" srcset=\"http:\/\/svangern.de\/wp-content\/uploads\/2019\/05\/P1030505-300x200.jpg 300w, http:\/\/svangern.de\/wp-content\/uploads\/2019\/05\/P1030505-768x511.jpg 768w, http:\/\/svangern.de\/wp-content\/uploads\/2019\/05\/P1030505-500x333.jpg 500w, http:\/\/svangern.de\/wp-content\/uploads\/2019\/05\/P1030505.jpg 943w\" sizes=\"auto, (max-width: 300px) 100vw, 300px\" \/><\/a> <a href=\"http:\/\/svangern.de\/wp-content\/uploads\/2019\/05\/P1030516.jpg\"><img loading=\"lazy\" decoding=\"async\" class=\"alignnone size-medium wp-image-14179\" src=\"http:\/\/svangern.de\/wp-content\/uploads\/2019\/05\/P1030516-200x300.jpg\" alt=\"\" width=\"200\" height=\"300\" srcset=\"http:\/\/svangern.de\/wp-content\/uploads\/2019\/05\/P1030516-200x300.jpg 200w, http:\/\/svangern.de\/wp-content\/uploads\/2019\/05\/P1030516.jpg 418w\" sizes=\"auto, (max-width: 200px) 100vw, 200px\" \/><\/a><\/p>\n<p><a href=\"http:\/\/svangern.de\/wp-content\/uploads\/2019\/05\/P1030449.jpg\"><img loading=\"lazy\" decoding=\"async\" class=\"alignnone size-medium wp-image-14170\" src=\"http:\/\/svangern.de\/wp-content\/uploads\/2019\/05\/P1030449-300x200.jpg\" alt=\"\" width=\"300\" height=\"200\" srcset=\"http:\/\/svangern.de\/wp-content\/uploads\/2019\/05\/P1030449-300x200.jpg 300w, http:\/\/svangern.de\/wp-content\/uploads\/2019\/05\/P1030449-768x513.jpg 768w, http:\/\/svangern.de\/wp-content\/uploads\/2019\/05\/P1030449-500x334.jpg 500w, http:\/\/svangern.de\/wp-content\/uploads\/2019\/05\/P1030449.jpg 940w\" sizes=\"auto, (max-width: 300px) 100vw, 300px\" \/> <\/a><a href=\"http:\/\/svangern.de\/wp-content\/uploads\/2019\/05\/P1030470.jpg\"><img loading=\"lazy\" decoding=\"async\" class=\"alignnone size-medium wp-image-14181\" src=\"http:\/\/svangern.de\/wp-content\/uploads\/2019\/05\/P1030470-300x200.jpg\" alt=\"\" width=\"300\" height=\"200\" srcset=\"http:\/\/svangern.de\/wp-content\/uploads\/2019\/05\/P1030470-300x200.jpg 300w, http:\/\/svangern.de\/wp-content\/uploads\/2019\/05\/P1030470-768x511.jpg 768w, http:\/\/svangern.de\/wp-content\/uploads\/2019\/05\/P1030470-500x333.jpg 500w, http:\/\/svangern.de\/wp-content\/uploads\/2019\/05\/P1030470.jpg 944w\" sizes=\"auto, (max-width: 300px) 100vw, 300px\" \/><\/a><\/p>\n<p><a href=\"http:\/\/svangern.de\/wp-content\/uploads\/2019\/05\/P1030523.jpg\"><img loading=\"lazy\" decoding=\"async\" class=\"alignnone size-medium wp-image-14166\" src=\"http:\/\/svangern.de\/wp-content\/uploads\/2019\/05\/P1030523-300x200.jpg\" alt=\"\" width=\"300\" height=\"200\" srcset=\"http:\/\/svangern.de\/wp-content\/uploads\/2019\/05\/P1030523-300x200.jpg 300w, http:\/\/svangern.de\/wp-content\/uploads\/2019\/05\/P1030523-768x513.jpg 768w, http:\/\/svangern.de\/wp-content\/uploads\/2019\/05\/P1030523-500x334.jpg 500w, http:\/\/svangern.de\/wp-content\/uploads\/2019\/05\/P1030523.jpg 940w\" sizes=\"auto, (max-width: 300px) 100vw, 300px\" \/> <\/a><a href=\"http:\/\/svangern.de\/wp-content\/uploads\/2019\/05\/P1030540.jpg\"><img loading=\"lazy\" decoding=\"async\" class=\"alignnone size-medium wp-image-14167\" src=\"http:\/\/svangern.de\/wp-content\/uploads\/2019\/05\/P1030540-300x200.jpg\" alt=\"\" width=\"300\" height=\"200\" srcset=\"http:\/\/svangern.de\/wp-content\/uploads\/2019\/05\/P1030540-300x200.jpg 300w, http:\/\/svangern.de\/wp-content\/uploads\/2019\/05\/P1030540-768x511.jpg 768w, http:\/\/svangern.de\/wp-content\/uploads\/2019\/05\/P1030540-500x333.jpg 500w, http:\/\/svangern.de\/wp-content\/uploads\/2019\/05\/P1030540.jpg 943w\" sizes=\"auto, (max-width: 300px) 100vw, 300px\" \/><\/a><\/p>\n<p><a href=\"http:\/\/svangern.de\/wp-content\/uploads\/2019\/05\/P1030481.jpg\"><img loading=\"lazy\" decoding=\"async\" class=\"alignnone size-medium wp-image-14172\" src=\"http:\/\/svangern.de\/wp-content\/uploads\/2019\/05\/P1030481-300x225.jpg\" alt=\"\" width=\"300\" height=\"225\" srcset=\"http:\/\/svangern.de\/wp-content\/uploads\/2019\/05\/P1030481-300x225.jpg 300w, http:\/\/svangern.de\/wp-content\/uploads\/2019\/05\/P1030481-768x576.jpg 768w, http:\/\/svangern.de\/wp-content\/uploads\/2019\/05\/P1030481-500x375.jpg 500w, http:\/\/svangern.de\/wp-content\/uploads\/2019\/05\/P1030481.jpg 838w\" sizes=\"auto, (max-width: 300px) 100vw, 300px\" \/> <\/a><a href=\"http:\/\/svangern.de\/wp-content\/uploads\/2019\/05\/P1030478.jpg\"><img loading=\"lazy\" decoding=\"async\" class=\"alignnone size-medium wp-image-14175\" src=\"http:\/\/svangern.de\/wp-content\/uploads\/2019\/05\/P1030478-300x200.jpg\" alt=\"\" width=\"300\" height=\"200\" srcset=\"http:\/\/svangern.de\/wp-content\/uploads\/2019\/05\/P1030478-300x200.jpg 300w, http:\/\/svangern.de\/wp-content\/uploads\/2019\/05\/P1030478-768x513.jpg 768w, http:\/\/svangern.de\/wp-content\/uploads\/2019\/05\/P1030478-500x334.jpg 500w, http:\/\/svangern.de\/wp-content\/uploads\/2019\/05\/P1030478.jpg 941w\" sizes=\"auto, (max-width: 300px) 100vw, 300px\" \/><\/a><\/p>\n<p><a href=\"http:\/\/svangern.de\/wp-content\/uploads\/2019\/05\/P1030398.jpg\"><img loading=\"lazy\" decoding=\"async\" class=\"alignnone size-medium wp-image-14182\" src=\"http:\/\/svangern.de\/wp-content\/uploads\/2019\/05\/P1030398-300x200.jpg\" alt=\"\" width=\"300\" height=\"200\" srcset=\"http:\/\/svangern.de\/wp-content\/uploads\/2019\/05\/P1030398-300x200.jpg 300w, http:\/\/svangern.de\/wp-content\/uploads\/2019\/05\/P1030398-768x511.jpg 768w, http:\/\/svangern.de\/wp-content\/uploads\/2019\/05\/P1030398-500x333.jpg 500w, http:\/\/svangern.de\/wp-content\/uploads\/2019\/05\/P1030398.jpg 943w\" sizes=\"auto, (max-width: 300px) 100vw, 300px\" \/>\u00a0<\/a><\/p>\n<p>&nbsp;<\/p>\n<p><strong>15. Sept. 2018\u00a0\u00a0\u00a0 Kreis-Kinder- und Jugendspiele<\/strong><\/p>\n<p>Am\u00a015.09.2018 veranstaltete die Abteilung Reiten des SV Angern e. V. unter der Schirmherrschaft des Kreissportbundes und des Kreisreiterverbandes B\u00f6rde die diesj\u00e4hrigen Kreis-Kinder- und Jugendspiele in der Disziplin Pferdesport.<\/p>\n<p>Unter sehr guten reitsportlichen Voraussetzungen und herrlichem Sonnenschein k\u00e4mpfte der Reiternachwuchs des B\u00f6rdekreises in verschiedenen Dressur-, Spring- und Voltigierwettk\u00e4mpfen um Urkunden und Medaillen.<\/p>\n<p>So konnten am Ende dieser bedeutungsvollen Gro\u00dfveranstaltung im Kinder- und Jugendsport folgende Kreismeister durch den Vorsitzenden des Kreisreiterverbandes, Herrn Bernd Horn, f\u00fcr ihre tollen Leistungen geehrt werden:<\/p>\n<p><u>F\u00fchrz\u00fcgelwettbewerb<\/u><\/p>\n<ol>\n<li>Halo May Diedrich, Chanel, SV Angern e. V.<\/li>\n<li>Anni Hasenkrug, L\u00fcmmel, RFV Colbitz e. V.<\/li>\n<li>Mariella Ptock, Dunja, RFZV \u201eAm Heiderand\u201c Angern e. V.<\/li>\n<\/ol>\n<p><u>Einfacher Reiterwettbewerb<\/u><\/p>\n<ol>\n<li>Annemarie Piel, Mr. Spock, RFZV \u201cAm Heiderand\u201d Angern e. V.<\/li>\n<li>Sarah Lau, Dunja, RFZV \u201cAm Heiderand\u201d Angern e. V<\/li>\n<li>Luzie Strumpf, Remember Me, RV Ammensleben e. V.<\/li>\n<\/ol>\n<p><u>Dressurpr\u00fcfung Kl. E<\/u><\/p>\n<ol>\n<li>Katja Polzin, Mc Ju, RFZV \u201cAm Heiderand\u201d Angern e. V<\/li>\n<li>Rebecca Golunski, Samy, Haldensleber Reitclub e. V.<\/li>\n<li>Emely Piel, Wilma, RFZV \u201cAm Heiderand\u201d Angern e. V.<\/li>\n<\/ol>\n<p><u>Dressurpr\u00fcfung Kl. A<\/u><\/p>\n<ol>\n<li>Milena Strauss, Mia, RFV Ausleben e. V.<\/li>\n<li>Katja Polzin, April, RFZV \u201cAm Heiderand\u201d Angern e. V<\/li>\n<li>Rebecca Golunski, Samy, Haldensleber Reitclub e. V.<\/li>\n<\/ol>\n<p><u>Dressurpr\u00fcfung Kl. A<\/u><\/p>\n<ol>\n<li>Katja Polzin, April, RFZV \u201cAm Heiderand\u201d Angern e. V<\/li>\n<li>Milena Strauss, Mia, RFV Ausleben e. V.<\/li>\n<li>Dorothee K\u00fchne, Alida, RFV Wanzleben e. V.<\/li>\n<\/ol>\n<p><u>Stilspringen Kl. E<\/u><\/p>\n<ol>\n<li>Rebecca Golunski, Montecore, Haldensleber Reitclub e. V.<\/li>\n<li>Anika R\u00f6per, Maja, RFV Ausleben e. V.<\/li>\n<li>Amy Hamann, Korida, RFV Ausleben e. V.<\/li>\n<\/ol>\n<p><u>Stilspringen Kl. A<\/u><\/p>\n<ol>\n<li>Jona Eve Fricke, Fortuna, RFV Ausleben e. V.<\/li>\n<li>Sophie Siewers, Condelana, RFV Ausleben e. V.<\/li>\n<li>Pia P\u00e4tz, Antje, SG Blau-Wei\u00df Neuenhofe e. V.<\/li>\n<\/ol>\n<p><u>Springpr\u00fcfung Kl. A<\/u><\/p>\n<ol>\n<li>Philipp Heidebroek, Leo W, RFV Ausleben e. V.<\/li>\n<li>Sophie Siewers, Lapalissi, RFV Ausleben e. V.<\/li>\n<li>Henrike Friedrich, Columbo, SV Angern e. V.<\/li>\n<\/ol>\n<p><u>Springpr\u00fcfung Kl. L<\/u><\/p>\n<ol>\n<li>Josephine Hallwass, Singulords Joker, Pferdefreunde Schackensleben e. V.<\/li>\n<li>Philipp Heidebroek, Leo W, RFV Ausleben e. V.<\/li>\n<li>Sophie Siewers, Lapalissi, RFV Ausleben e. V.<\/li>\n<\/ol>\n<p><u>Springreiter-Wettbewerb<\/u><\/p>\n<ol>\n<li>Annemarie Piel, Legat, RFZV \u201cAm Heiderand\u201d Angern e. V.<\/li>\n<li>Luzie Strumpf, Remember Me, RV Ammensleben e. V.<\/li>\n<li>Lara Wendt, Gismo, RFV Pappelhof Bottmersdorf\/Blumberg e. V.<\/li>\n<\/ol>\n<p><u>Voltigiergruppen-Wettbewerb Kl. E (Schritt-Schritt) <\/u>Jahrgang 2009 und j\u00fcnger<\/p>\n<ol>\n<li>Mannschaft 3 RFV Pappelhof Bottmersdorf\/Blumenberg e. V.<\/li>\n<li>Mannschaft 5 RFV Pappelhof Bottmersdorf\/Blumenberg e. V.<\/li>\n<li>Mannschaft SV Concordia Rog\u00e4tz e. V.<\/li>\n<\/ol>\n<p><u>Kreismeisterwertung Dressur Kl. E\/A<\/u><\/p>\n<p>Sieger:\u00a0\u00a0\u00a0\u00a0\u00a0\u00a0\u00a0\u00a0 Rebecca Golunski, Haldensleber Reitclub e. V.<\/p>\n<p><u>Kreismeisterwertung Dressur Kl. A<\/u><\/p>\n<p>Sieger:\u00a0\u00a0\u00a0\u00a0\u00a0\u00a0\u00a0\u00a0 Katja Polzin, RFZV \u201cAm Heiderand\u201d Angern e. V<\/p>\n<p><u>Kreismeisterwertung Springen Kl. E\/A<\/u><\/p>\n<p>Sieger:\u00a0\u00a0\u00a0\u00a0\u00a0\u00a0\u00a0\u00a0 Amy Hamann, RFV Ausleben e. V.<\/p>\n<p><u>Kreismeisterwertung Springen Kl. A<\/u><\/p>\n<p>Sieger:\u00a0\u00a0\u00a0\u00a0\u00a0\u00a0\u00a0\u00a0 Sophie Siewers, RFV Ausleben e. V.<\/p>\n<p><u>Kombinierte Kreismeisterwertung Dressur\/Springen Kl. E<\/u><\/p>\n<p>Sieger:\u00a0\u00a0\u00a0\u00a0\u00a0\u00a0\u00a0\u00a0 Rebecca Golunski, Haldensleber Reitclub e. V.<\/p>\n<p><u>Kombinierte Kreismeisterwertung Dressur\/Springen Kl. A<\/u><\/p>\n<p>Sieger:\u00a0\u00a0\u00a0\u00a0\u00a0\u00a0\u00a0\u00a0 Sophie Siewers, RFV Ausleben e. V.<\/p>\n<p><a href=\"http:\/\/svangern.de\/wp-content\/uploads\/2018\/09\/41928430_10205251154634614_6923757048047861760_n.jpg\"><img loading=\"lazy\" decoding=\"async\" class=\"alignnone size-medium wp-image-10414\" src=\"http:\/\/svangern.de\/wp-content\/uploads\/2018\/09\/41928430_10205251154634614_6923757048047861760_n-300x225.jpg\" alt=\"\" width=\"300\" height=\"225\" srcset=\"http:\/\/svangern.de\/wp-content\/uploads\/2018\/09\/41928430_10205251154634614_6923757048047861760_n-300x225.jpg 300w, http:\/\/svangern.de\/wp-content\/uploads\/2018\/09\/41928430_10205251154634614_6923757048047861760_n-768x576.jpg 768w, http:\/\/svangern.de\/wp-content\/uploads\/2018\/09\/41928430_10205251154634614_6923757048047861760_n-500x375.jpg 500w, http:\/\/svangern.de\/wp-content\/uploads\/2018\/09\/41928430_10205251154634614_6923757048047861760_n.jpg 960w\" sizes=\"auto, (max-width: 300px) 100vw, 300px\" \/><\/a><\/p>\n<p><strong>01. Mai 2018\u00a0\u00a0\u00a0 \u00a0\u00a0\u00a0Volkssporttag SV Angern \/ Trainingstag<\/strong><\/p>\n<p><strong>20. M\u00e4rz 2018\u00a0\u00a0\u00a0 Aushang zur <a href=\"http:\/\/svangern.de\/wp-content\/uploads\/2018\/01\/Aushang-zur-Mitgliederversammlung-des-SV_2018.pdf\">Mitgliederversammlung<\/a><\/strong><\/p>\n<p><strong>02. M\u00e4rz 2018\u00a0\u00a0\u00a0 Mitgliederversammlung der Abteilung<\/strong><\/p>\n","protected":false},"excerpt":{"rendered":"<p>Datum\u00a0\u00a0\u00a0\u00a0\u00a0\u00a0\u00a0\u00a0\u00a0\u00a0\u00a0\u00a0\u00a0\u00a0\u00a0\u00a0\u00a0\u00a0\u00a0\u00a0\u00a0\u00a0\u00a0\u00a0\u00a0\u00a0\u00a0\u00a0\u00a0\u00a0\u00a0\u00a0\u00a0\u00a0\u00a0\u00a0\u00a0\u00a0\u00a0\u00a0\u00a0\u00a0\u00a0\u00a0\u00a0\u00a0\u00a0\u00a0\u00a0\u00a0\u00a0\u00a0\u00a0\u00a0\u00a0\u00a0\u00a0\u00a0\u00a0\u00a0\u00a0\u00a0\u00a0\u00a0\u00a0\u00a0\u00a0\u00a0\u00a0\u00a0\u00a0\u00a0\u00a0\u00a0\u00a0\u00a0\u00a0\u00a0\u00a0\u00a0\u00a0\u00a0\u00a0\u00a0\u00a0\u00a0\u00a0 Meldung 01. Mai 2019\u00a0\u00a0 Volkssporttag &nbsp; Siegehrung E-Springen Siegerehrung A-Springen m. Stechen Darbietung der Voltegiergruppe Impressionen F\u00fchrz\u00fcgelwettbewerb &nbsp; Schauprogamm \u00a0 &nbsp; 15. Sept. 2018\u00a0\u00a0\u00a0 Kreis-Kinder- und Jugendspiele Am\u00a015.09.2018 veranstaltete die Abteilung Reiten des SV Angern e. V. unter der Schirmherrschaft des Kreissportbundes und des Kreisreiterverbandes B\u00f6rde die diesj\u00e4hrigen Kreis-Kinder- und Jugendspiele in der Disziplin [&hellip;]<\/p>\n","protected":false},"author":1,"featured_media":0,"parent":64,"menu_order":1,"comment_status":"closed","ping_status":"closed","template":"","meta":{"ocean_post_layout":"","ocean_both_sidebars_style":"","ocean_both_sidebars_content_width":0,"ocean_both_sidebars_sidebars_width":0,"ocean_sidebar":"","ocean_second_sidebar":"","ocean_disable_margins":"enable","ocean_add_body_class":"","ocean_shortcode_before_top_bar":"","ocean_shortcode_after_top_bar":"","ocean_shortcode_before_header":"","ocean_shortcode_after_header":"","ocean_has_shortcode":"","ocean_shortcode_after_title":"","ocean_shortcode_before_footer_widgets":"","ocean_shortcode_after_footer_widgets":"","ocean_shortcode_before_footer_bottom":"","ocean_shortcode_after_footer_bottom":"","ocean_display_top_bar":"default","ocean_display_header":"default","ocean_header_style":"","ocean_center_header_left_menu":"","ocean_custom_header_template":"","ocean_custom_logo":0,"ocean_custom_retina_logo":0,"ocean_custom_logo_max_width":0,"ocean_custom_logo_tablet_max_width":0,"ocean_custom_logo_mobile_max_width":0,"ocean_custom_logo_max_height":0,"ocean_custom_logo_tablet_max_height":0,"ocean_custom_logo_mobile_max_height":0,"ocean_header_custom_menu":"","ocean_menu_typo_font_family":"","ocean_menu_typo_font_subset":"","ocean_menu_typo_font_size":0,"ocean_menu_typo_font_size_tablet":0,"ocean_menu_typo_font_size_mobile":0,"ocean_menu_typo_font_size_unit":"px","ocean_menu_typo_font_weight":"","ocean_menu_typo_font_weight_tablet":"","ocean_menu_typo_font_weight_mobile":"","ocean_menu_typo_transform":"","ocean_menu_typo_transform_tablet":"","ocean_menu_typo_transform_mobile":"","ocean_menu_typo_line_height":0,"ocean_menu_typo_line_height_tablet":0,"ocean_menu_typo_line_height_mobile":0,"ocean_menu_typo_line_height_unit":"","ocean_menu_typo_spacing":0,"ocean_menu_typo_spacing_tablet":0,"ocean_menu_typo_spacing_mobile":0,"ocean_menu_typo_spacing_unit":"","ocean_menu_link_color":"","ocean_menu_link_color_hover":"","ocean_menu_link_color_active":"","ocean_menu_link_background":"","ocean_menu_link_hover_background":"","ocean_menu_link_active_background":"","ocean_menu_social_links_bg":"","ocean_menu_social_hover_links_bg":"","ocean_menu_social_links_color":"","ocean_menu_social_hover_links_color":"","ocean_disable_title":"default","ocean_disable_heading":"default","ocean_post_title":"","ocean_post_subheading":"","ocean_post_title_style":"","ocean_post_title_background_color":"","ocean_post_title_background":0,"ocean_post_title_bg_image_position":"","ocean_post_title_bg_image_attachment":"","ocean_post_title_bg_image_repeat":"","ocean_post_title_bg_image_size":"","ocean_post_title_height":0,"ocean_post_title_bg_overlay":0.5,"ocean_post_title_bg_overlay_color":"","ocean_disable_breadcrumbs":"default","ocean_breadcrumbs_color":"","ocean_breadcrumbs_separator_color":"","ocean_breadcrumbs_links_color":"","ocean_breadcrumbs_links_hover_color":"","ocean_display_footer_widgets":"default","ocean_display_footer_bottom":"default","ocean_custom_footer_template":"","footnotes":""},"class_list":["post-72","page","type-page","status-publish","hentry","entry"],"_links":{"self":[{"href":"http:\/\/svangern.de\/index.php?rest_route=\/wp\/v2\/pages\/72","targetHints":{"allow":["GET"]}}],"collection":[{"href":"http:\/\/svangern.de\/index.php?rest_route=\/wp\/v2\/pages"}],"about":[{"href":"http:\/\/svangern.de\/index.php?rest_route=\/wp\/v2\/types\/page"}],"author":[{"embeddable":true,"href":"http:\/\/svangern.de\/index.php?rest_route=\/wp\/v2\/users\/1"}],"replies":[{"embeddable":true,"href":"http:\/\/svangern.de\/index.php?rest_route=%2Fwp%2Fv2%2Fcomments&post=72"}],"version-history":[{"count":110,"href":"http:\/\/svangern.de\/index.php?rest_route=\/wp\/v2\/pages\/72\/revisions"}],"predecessor-version":[{"id":14187,"href":"http:\/\/svangern.de\/index.php?rest_route=\/wp\/v2\/pages\/72\/revisions\/14187"}],"up":[{"embeddable":true,"href":"http:\/\/svangern.de\/index.php?rest_route=\/wp\/v2\/pages\/64"}],"wp:attachment":[{"href":"http:\/\/svangern.de\/index.php?rest_route=%2Fwp%2Fv2%2Fmedia&parent=72"}],"curies":[{"name":"wp","href":"https:\/\/api.w.org\/{rel}","templated":true}]}}