{"id":22,"date":"2013-04-19T03:49:28","date_gmt":"2013-04-19T01:49:28","guid":{"rendered":"http:\/\/svangern.de\/wordpress\/?page_id=22"},"modified":"2020-02-03T13:40:17","modified_gmt":"2020-02-03T11:40:17","slug":"kegeln","status":"publish","type":"page","link":"https:\/\/svangern.de\/?page_id=22","title":{"rendered":"Kegeln"},"content":{"rendered":"<p><strong>Kegelsport in Angern<\/strong><\/p>\n<p>Seit mehr als zwanzig Jahren wird in Angern mit Begeisterung gekegelt. Mit der Er\u00f6ffnung der Kegelbahn im Jahr 1997 konnte der Kegelspa\u00df beginnen. Was zun\u00e4chst mit einem abendlichen Freizeitkegeln begann, entwickelte sich f\u00fcr einige Kegler rasch auch zum Mannschaftssport.<br \/>\nBereits ein Jahr sp\u00e4ter wurden die ersten Punktspiele im B\u00f6rdekreis (damals noch Ohrekreis) absolviert. Nach wie vor treffen sich die Freizeitkegler jeden Mittwochabend und zwei Mannschaften des SV Angern trainieren montags regelm\u00e4\u00dfig auf unserer 2-Bahn-Anlage und nehmen am Punktspielbetrieb teil.<\/p>\n<p><a href=\"http:\/\/svangern.de\/wp-content\/uploads\/2020\/02\/Kegler_01_02_Mannschaft_2020-scaled.jpg\"><img loading=\"lazy\" decoding=\"async\" class=\"alignnone size-thumbnail wp-image-15536\" src=\"http:\/\/svangern.de\/wp-content\/uploads\/2020\/02\/Kegler_01_02_Mannschaft_2020-150x150.jpg\" alt=\"\" width=\"150\" height=\"150\" \/><\/a><\/p>\n<ol>\n<li>und 2. Mannschaft, v.l.n.r.<br \/>\nMario Otte, Henry Otto, Frank Lehmann, Bernd Sch\u00f6ne, Ronny Gloede, Alfred Lichner,<br \/>\nAndreas Schubert, Andreas Voigt, Marko Dieckmann, Annett K\u00fcnstler<\/li>\n<\/ol>\n<p>Beide Mannschaften spielen momentan in der Kreisliga des B\u00f6rdekreises.<br \/>\nAktuelle Ergebnisse und Tabellen hier:\u00a0 <a href=\"http:\/\/haldensleberkc.bplaced.de\/wordpress\/?page_id=1107\">http:\/\/haldensleberkc.bplaced.de\/wordpress\/?page_id=1107<\/a><\/p>\n<p><strong>Weitere Veranstaltungen auf unserer Kegelbahn<\/strong><\/p>\n<ul>\n<li>das allj\u00e4hrliche Kegelturnier der Abteilungen im Januar<\/li>\n<li>das Kegelturnier f\u00fcr Jung und Alt beim Volkssporttag am 1. Mai<\/li>\n<\/ul>\n<p><strong>Sie k\u00f6nnen unsere Kegelbahn auch mieten<\/strong><\/p>\n<p>Kosten:\u00a0 pro Bahn 8,00 \u20ac\/h<\/p>\n<p>Reservierungen unter 039363\/4528 oder <a href=\"mailto:sporttreff@svangern.de\">sporttreff@svangern.de<\/a><\/p>\n<p>&nbsp;<\/p>\n<p>&nbsp;<\/p>\n","protected":false},"excerpt":{"rendered":"<p>Kegelsport in Angern Seit mehr als zwanzig Jahren wird in Angern mit Begeisterung gekegelt. Mit der Er\u00f6ffnung der Kegelbahn im Jahr 1997 konnte der Kegelspa\u00df beginnen. Was zun\u00e4chst mit einem abendlichen Freizeitkegeln begann, entwickelte sich f\u00fcr einige Kegler rasch auch zum Mannschaftssport. Bereits ein Jahr sp\u00e4ter wurden die ersten Punktspiele im B\u00f6rdekreis (damals noch Ohrekreis) [&hellip;]<\/p>\n","protected":false},"author":1,"featured_media":0,"parent":0,"menu_order":6,"comment_status":"closed","ping_status":"closed","template":"","meta":{"ocean_post_layout":"","ocean_both_sidebars_style":"","ocean_both_sidebars_content_width":0,"ocean_both_sidebars_sidebars_width":0,"ocean_sidebar":"ocs-kegeln_info","ocean_second_sidebar":"0","ocean_disable_margins":"enable","ocean_add_body_class":"","ocean_shortcode_before_top_bar":"","ocean_shortcode_after_top_bar":"","ocean_shortcode_before_header":"","ocean_shortcode_after_header":"","ocean_has_shortcode":"","ocean_shortcode_after_title":"","ocean_shortcode_before_footer_widgets":"","ocean_shortcode_after_footer_widgets":"","ocean_shortcode_before_footer_bottom":"","ocean_shortcode_after_footer_bottom":"","ocean_display_top_bar":"default","ocean_display_header":"default","ocean_header_style":"","ocean_center_header_left_menu":"0","ocean_custom_header_template":"0","ocean_custom_logo":0,"ocean_custom_retina_logo":0,"ocean_custom_logo_max_width":0,"ocean_custom_logo_tablet_max_width":0,"ocean_custom_logo_mobile_max_width":0,"ocean_custom_logo_max_height":0,"ocean_custom_logo_tablet_max_height":0,"ocean_custom_logo_mobile_max_height":0,"ocean_header_custom_menu":"0","ocean_menu_typo_font_family":"0","ocean_menu_typo_font_subset":"","ocean_menu_typo_font_size":0,"ocean_menu_typo_font_size_tablet":0,"ocean_menu_typo_font_size_mobile":0,"ocean_menu_typo_font_size_unit":"px","ocean_menu_typo_font_weight":"","ocean_menu_typo_font_weight_tablet":"","ocean_menu_typo_font_weight_mobile":"","ocean_menu_typo_transform":"","ocean_menu_typo_transform_tablet":"","ocean_menu_typo_transform_mobile":"","ocean_menu_typo_line_height":0,"ocean_menu_typo_line_height_tablet":0,"ocean_menu_typo_line_height_mobile":0,"ocean_menu_typo_line_height_unit":"","ocean_menu_typo_spacing":0,"ocean_menu_typo_spacing_tablet":0,"ocean_menu_typo_spacing_mobile":0,"ocean_menu_typo_spacing_unit":"","ocean_menu_link_color":"","ocean_menu_link_color_hover":"","ocean_menu_link_color_active":"","ocean_menu_link_background":"","ocean_menu_link_hover_background":"","ocean_menu_link_active_background":"","ocean_menu_social_links_bg":"","ocean_menu_social_hover_links_bg":"","ocean_menu_social_links_color":"","ocean_menu_social_hover_links_color":"","ocean_disable_title":"default","ocean_disable_heading":"default","ocean_post_title":"","ocean_post_subheading":"","ocean_post_title_style":"","ocean_post_title_background_color":"","ocean_post_title_background":0,"ocean_post_title_bg_image_position":"","ocean_post_title_bg_image_attachment":"","ocean_post_title_bg_image_repeat":"","ocean_post_title_bg_image_size":"","ocean_post_title_height":0,"ocean_post_title_bg_overlay":0.5,"ocean_post_title_bg_overlay_color":"","ocean_disable_breadcrumbs":"default","ocean_breadcrumbs_color":"","ocean_breadcrumbs_separator_color":"","ocean_breadcrumbs_links_color":"","ocean_breadcrumbs_links_hover_color":"","ocean_display_footer_widgets":"default","ocean_display_footer_bottom":"default","ocean_custom_footer_template":"0","footnotes":""},"class_list":["post-22","page","type-page","status-publish","hentry","entry"],"_links":{"self":[{"href":"https:\/\/svangern.de\/index.php?rest_route=\/wp\/v2\/pages\/22","targetHints":{"allow":["GET"]}}],"collection":[{"href":"https:\/\/svangern.de\/index.php?rest_route=\/wp\/v2\/pages"}],"about":[{"href":"https:\/\/svangern.de\/index.php?rest_route=\/wp\/v2\/types\/page"}],"author":[{"embeddable":true,"href":"https:\/\/svangern.de\/index.php?rest_route=\/wp\/v2\/users\/1"}],"replies":[{"embeddable":true,"href":"https:\/\/svangern.de\/index.php?rest_route=%2Fwp%2Fv2%2Fcomments&post=22"}],"version-history":[{"count":37,"href":"https:\/\/svangern.de\/index.php?rest_route=\/wp\/v2\/pages\/22\/revisions"}],"predecessor-version":[{"id":15542,"href":"https:\/\/svangern.de\/index.php?rest_route=\/wp\/v2\/pages\/22\/revisions\/15542"}],"wp:attachment":[{"href":"https:\/\/svangern.de\/index.php?rest_route=%2Fwp%2Fv2%2Fmedia&parent=22"}],"curies":[{"name":"wp","href":"https:\/\/api.w.org\/{rel}","templated":true}]}}