{"id":24,"date":"2013-04-19T03:52:14","date_gmt":"2013-04-19T01:52:14","guid":{"rendered":"http:\/\/svangern.de\/wordpress\/?page_id=24"},"modified":"2024-08-05T11:19:27","modified_gmt":"2024-08-05T09:19:27","slug":"tischtennis","status":"publish","type":"page","link":"https:\/\/svangern.de\/?page_id=24","title":{"rendered":"Tischtennis"},"content":{"rendered":"<p>Derzeit nehmen bei uns in der Saison 2024\/25 zwei Tischtennismannschaften im Herrenbereich am Punktspielbetrieb des B\u00f6rdekreises (siehe Aktuelle Ergebnisse auf<a href=\"https:\/\/ttvsa.click-tt.de\/cgi-bin\/WebObjects\/nuLigaTTDE.woa\/wa\/leaguePage?championship=B%C3%B6rde+24%2F25\"> ttvsa.click-tt.de<\/a>) teil.<\/p>\n<p><b>1. Mannschaft Herren &#8211; Kreisliga A B\u00f6rde<\/b><\/p>\n<blockquote><p>Markus Zehm, Andreas Bethge, Heinz Schwarzlose, Lorenz Gabriel<\/p><\/blockquote>\n<p><b>2. Mannschaft Herren &#8211; 1. Kreisklasse A B\u00f6rde<br \/>\n<\/b><\/p>\n<blockquote><p>Andreas Voigt, J\u00fcrgen Koch, Niklas Zehm, Dietmar Wesemann, Fritz Sichmund, R\u00fcdiger Koch, Reinhard Koch, Gerald Koch, Rainer Kleemann, Dirk Grobler, Levi Noa Bethge<\/p><\/blockquote>\n<hr \/>\n","protected":false},"excerpt":{"rendered":"<p>Derzeit nehmen bei uns in der Saison 2024\/25 zwei Tischtennismannschaften im Herrenbereich am Punktspielbetrieb des B\u00f6rdekreises (siehe Aktuelle Ergebnisse auf ttvsa.click-tt.de) teil. 1. Mannschaft Herren &#8211; Kreisliga A B\u00f6rde Markus Zehm, Andreas Bethge, Heinz Schwarzlose, Lorenz Gabriel 2. Mannschaft Herren &#8211; 1. Kreisklasse A B\u00f6rde Andreas Voigt, J\u00fcrgen Koch, Niklas Zehm, Dietmar Wesemann, Fritz Sichmund, [&hellip;]<\/p>\n","protected":false},"author":1,"featured_media":0,"parent":0,"menu_order":9,"comment_status":"closed","ping_status":"closed","template":"","meta":{"ocean_post_layout":"","ocean_both_sidebars_style":"","ocean_both_sidebars_content_width":0,"ocean_both_sidebars_sidebars_width":0,"ocean_sidebar":"ocs-tischtennis_info","ocean_second_sidebar":"0","ocean_disable_margins":"enable","ocean_add_body_class":"","ocean_shortcode_before_top_bar":"","ocean_shortcode_after_top_bar":"","ocean_shortcode_before_header":"","ocean_shortcode_after_header":"","ocean_has_shortcode":"","ocean_shortcode_after_title":"","ocean_shortcode_before_footer_widgets":"","ocean_shortcode_after_footer_widgets":"","ocean_shortcode_before_footer_bottom":"","ocean_shortcode_after_footer_bottom":"","ocean_display_top_bar":"default","ocean_display_header":"default","ocean_header_style":"","ocean_center_header_left_menu":"0","ocean_custom_header_template":"0","ocean_custom_logo":0,"ocean_custom_retina_logo":0,"ocean_custom_logo_max_width":0,"ocean_custom_logo_tablet_max_width":0,"ocean_custom_logo_mobile_max_width":0,"ocean_custom_logo_max_height":0,"ocean_custom_logo_tablet_max_height":0,"ocean_custom_logo_mobile_max_height":0,"ocean_header_custom_menu":"0","ocean_menu_typo_font_family":"0","ocean_menu_typo_font_subset":"","ocean_menu_typo_font_size":0,"ocean_menu_typo_font_size_tablet":0,"ocean_menu_typo_font_size_mobile":0,"ocean_menu_typo_font_size_unit":"px","ocean_menu_typo_font_weight":"","ocean_menu_typo_font_weight_tablet":"","ocean_menu_typo_font_weight_mobile":"","ocean_menu_typo_transform":"","ocean_menu_typo_transform_tablet":"","ocean_menu_typo_transform_mobile":"","ocean_menu_typo_line_height":0,"ocean_menu_typo_line_height_tablet":0,"ocean_menu_typo_line_height_mobile":0,"ocean_menu_typo_line_height_unit":"","ocean_menu_typo_spacing":0,"ocean_menu_typo_spacing_tablet":0,"ocean_menu_typo_spacing_mobile":0,"ocean_menu_typo_spacing_unit":"","ocean_menu_link_color":"","ocean_menu_link_color_hover":"","ocean_menu_link_color_active":"","ocean_menu_link_background":"","ocean_menu_link_hover_background":"","ocean_menu_link_active_background":"","ocean_menu_social_links_bg":"","ocean_menu_social_hover_links_bg":"","ocean_menu_social_links_color":"","ocean_menu_social_hover_links_color":"","ocean_disable_title":"default","ocean_disable_heading":"default","ocean_post_title":"","ocean_post_subheading":"","ocean_post_title_style":"","ocean_post_title_background_color":"","ocean_post_title_background":0,"ocean_post_title_bg_image_position":"","ocean_post_title_bg_image_attachment":"","ocean_post_title_bg_image_repeat":"","ocean_post_title_bg_image_size":"","ocean_post_title_height":0,"ocean_post_title_bg_overlay":0.5,"ocean_post_title_bg_overlay_color":"","ocean_disable_breadcrumbs":"default","ocean_breadcrumbs_color":"","ocean_breadcrumbs_separator_color":"","ocean_breadcrumbs_links_color":"","ocean_breadcrumbs_links_hover_color":"","ocean_display_footer_widgets":"default","ocean_display_footer_bottom":"default","ocean_custom_footer_template":"0","footnotes":""},"class_list":["post-24","page","type-page","status-publish","hentry","entry"],"_links":{"self":[{"href":"https:\/\/svangern.de\/index.php?rest_route=\/wp\/v2\/pages\/24","targetHints":{"allow":["GET"]}}],"collection":[{"href":"https:\/\/svangern.de\/index.php?rest_route=\/wp\/v2\/pages"}],"about":[{"href":"https:\/\/svangern.de\/index.php?rest_route=\/wp\/v2\/types\/page"}],"author":[{"embeddable":true,"href":"https:\/\/svangern.de\/index.php?rest_route=\/wp\/v2\/users\/1"}],"replies":[{"embeddable":true,"href":"https:\/\/svangern.de\/index.php?rest_route=%2Fwp%2Fv2%2Fcomments&post=24"}],"version-history":[{"count":79,"href":"https:\/\/svangern.de\/index.php?rest_route=\/wp\/v2\/pages\/24\/revisions"}],"predecessor-version":[{"id":16485,"href":"https:\/\/svangern.de\/index.php?rest_route=\/wp\/v2\/pages\/24\/revisions\/16485"}],"wp:attachment":[{"href":"https:\/\/svangern.de\/index.php?rest_route=%2Fwp%2Fv2%2Fmedia&parent=24"}],"curies":[{"name":"wp","href":"https:\/\/api.w.org\/{rel}","templated":true}]}}