{"id":61,"date":"2013-04-19T04:16:24","date_gmt":"2013-04-19T02:16:24","guid":{"rendered":"http:\/\/svangern.de\/wordpress\/?page_id=61"},"modified":"2019-07-10T15:57:12","modified_gmt":"2019-07-10T13:57:12","slug":"frauensport","status":"publish","type":"page","link":"https:\/\/svangern.de\/?page_id=61","title":{"rendered":"Frauensport"},"content":{"rendered":"<p><a href=\"http:\/\/svangern.de\/wp-content\/uploads\/2016\/04\/Sportfrauen-gesamt.jpg\" rel=\"attachment wp-att-6052\"><img loading=\"lazy\" decoding=\"async\" class=\"alignnone size-large wp-image-7500\" src=\"http:\/\/svangern.de\/wp-content\/uploads\/2016\/04\/Sportfrauen-gesamt-1024x768.jpg\" alt=\"Sportfrauen gesamt\" width=\"644\" height=\"483\" \/><\/a><\/p>\n<p>Wir sind die Sportfrauen des SV Angern<\/p>\n<p>Wer macht bei uns mit?<br \/>\nJung und Alt ist gefragt. Unsere j\u00fcngste Sportlerin ist Mitte 20 unsere \u00e4lteste \u00fcber 75.<\/p>\n<p style=\"margin-bottom: 0;\">Auf dem Programm steht Bewegung in allen Formen. Sport soll Freude bereiten und wir glauben,das macht er.<\/p>\n<p style=\"margin-top: 0;\">Wir sind eine tolle Truppe, denn wir k\u00f6nnen auch super feiern. Weihnachtsfeier, Sommer- oder Herbstfest stehen j\u00e4hrlich auf dem Programm.<\/p>\n<p>Auch sonst sind wir zu gebrauchen, denn als einzige Frauenabteilung helfen wir, wo wir k\u00f6nnen.<br \/>\nPutzen oder Kuchen verkaufen, k\u00f6nnen wir super.<\/p>\n<p>Im Februar organisieren wir schon seit einigen Jahren das Volleyballturnier des Sportvereins.<br \/>\nDies bereitet uns viel Freude und den Teilnehmern mehr als Spass.<\/p>\n<p>Jedes neue Mitglied ist willkommen!<\/p>\n<p>&nbsp;<\/p>\n<p><a href=\"http:\/\/svangern.de\/wp-content\/uploads\/2013\/04\/Sportfrauen-Vorstand.jpg\"><img loading=\"lazy\" decoding=\"async\" class=\"alignnone size-large wp-image-7500\" src=\"http:\/\/svangern.de\/wp-content\/uploads\/2013\/04\/Sportfrauen-Vorstand-1024x768.jpg\" alt=\"\" width=\"500\" height=\"375\" srcset=\"https:\/\/svangern.de\/wp-content\/uploads\/2013\/04\/Sportfrauen-Vorstand-1024x768.jpg 1024w, https:\/\/svangern.de\/wp-content\/uploads\/2013\/04\/Sportfrauen-Vorstand-300x225.jpg 300w, https:\/\/svangern.de\/wp-content\/uploads\/2013\/04\/Sportfrauen-Vorstand-768x576.jpg 768w, https:\/\/svangern.de\/wp-content\/uploads\/2013\/04\/Sportfrauen-Vorstand-500x375.jpg 500w\" sizes=\"auto, (max-width: 500px) 100vw, 500px\" \/><\/a><\/p>\n<p>Vorstand Sportfrauen<\/p>\n<p>&nbsp;<\/p>\n<p>Archiv:<\/p>\n<p><a href=\"http:\/\/svangern.de\/wp-content\/uploads\/2013\/04\/Frauenpower-Schwimmbad.pdf\">frauenpower-schwimmbad<\/a><\/p>\n<p>&nbsp;<\/p>\n<p>&nbsp;<\/p>\n","protected":false},"excerpt":{"rendered":"<p>Wir sind die Sportfrauen des SV Angern Wer macht bei uns mit? Jung und Alt ist gefragt. Unsere j\u00fcngste Sportlerin ist Mitte 20 unsere \u00e4lteste \u00fcber 75. Auf dem Programm steht Bewegung in allen Formen. Sport soll Freude bereiten und wir glauben,das macht er. Wir sind eine tolle Truppe, denn wir k\u00f6nnen auch super feiern. [&hellip;]<\/p>\n","protected":false},"author":1,"featured_media":0,"parent":0,"menu_order":4,"comment_status":"closed","ping_status":"closed","template":"","meta":{"ocean_post_layout":"","ocean_both_sidebars_style":"","ocean_both_sidebars_content_width":0,"ocean_both_sidebars_sidebars_width":0,"ocean_sidebar":"ocs-frauensport_info","ocean_second_sidebar":"0","ocean_disable_margins":"enable","ocean_add_body_class":"","ocean_shortcode_before_top_bar":"","ocean_shortcode_after_top_bar":"","ocean_shortcode_before_header":"","ocean_shortcode_after_header":"","ocean_has_shortcode":"","ocean_shortcode_after_title":"","ocean_shortcode_before_footer_widgets":"","ocean_shortcode_after_footer_widgets":"","ocean_shortcode_before_footer_bottom":"","ocean_shortcode_after_footer_bottom":"","ocean_display_top_bar":"default","ocean_display_header":"default","ocean_header_style":"","ocean_center_header_left_menu":"0","ocean_custom_header_template":"0","ocean_custom_logo":0,"ocean_custom_retina_logo":0,"ocean_custom_logo_max_width":0,"ocean_custom_logo_tablet_max_width":0,"ocean_custom_logo_mobile_max_width":0,"ocean_custom_logo_max_height":0,"ocean_custom_logo_tablet_max_height":0,"ocean_custom_logo_mobile_max_height":0,"ocean_header_custom_menu":"0","ocean_menu_typo_font_family":"0","ocean_menu_typo_font_subset":"","ocean_menu_typo_font_size":0,"ocean_menu_typo_font_size_tablet":0,"ocean_menu_typo_font_size_mobile":0,"ocean_menu_typo_font_size_unit":"px","ocean_menu_typo_font_weight":"","ocean_menu_typo_font_weight_tablet":"","ocean_menu_typo_font_weight_mobile":"","ocean_menu_typo_transform":"","ocean_menu_typo_transform_tablet":"","ocean_menu_typo_transform_mobile":"","ocean_menu_typo_line_height":0,"ocean_menu_typo_line_height_tablet":0,"ocean_menu_typo_line_height_mobile":0,"ocean_menu_typo_line_height_unit":"","ocean_menu_typo_spacing":0,"ocean_menu_typo_spacing_tablet":0,"ocean_menu_typo_spacing_mobile":0,"ocean_menu_typo_spacing_unit":"","ocean_menu_link_color":"","ocean_menu_link_color_hover":"","ocean_menu_link_color_active":"","ocean_menu_link_background":"","ocean_menu_link_hover_background":"","ocean_menu_link_active_background":"","ocean_menu_social_links_bg":"","ocean_menu_social_hover_links_bg":"","ocean_menu_social_links_color":"","ocean_menu_social_hover_links_color":"","ocean_disable_title":"default","ocean_disable_heading":"default","ocean_post_title":"","ocean_post_subheading":"","ocean_post_title_style":"","ocean_post_title_background_color":"","ocean_post_title_background":0,"ocean_post_title_bg_image_position":"","ocean_post_title_bg_image_attachment":"","ocean_post_title_bg_image_repeat":"","ocean_post_title_bg_image_size":"","ocean_post_title_height":0,"ocean_post_title_bg_overlay":0.5,"ocean_post_title_bg_overlay_color":"","ocean_disable_breadcrumbs":"default","ocean_breadcrumbs_color":"","ocean_breadcrumbs_separator_color":"","ocean_breadcrumbs_links_color":"","ocean_breadcrumbs_links_hover_color":"","ocean_display_footer_widgets":"default","ocean_display_footer_bottom":"default","ocean_custom_footer_template":"0","footnotes":""},"class_list":["post-61","page","type-page","status-publish","hentry","entry"],"_links":{"self":[{"href":"https:\/\/svangern.de\/index.php?rest_route=\/wp\/v2\/pages\/61","targetHints":{"allow":["GET"]}}],"collection":[{"href":"https:\/\/svangern.de\/index.php?rest_route=\/wp\/v2\/pages"}],"about":[{"href":"https:\/\/svangern.de\/index.php?rest_route=\/wp\/v2\/types\/page"}],"author":[{"embeddable":true,"href":"https:\/\/svangern.de\/index.php?rest_route=\/wp\/v2\/users\/1"}],"replies":[{"embeddable":true,"href":"https:\/\/svangern.de\/index.php?rest_route=%2Fwp%2Fv2%2Fcomments&post=61"}],"version-history":[{"count":21,"href":"https:\/\/svangern.de\/index.php?rest_route=\/wp\/v2\/pages\/61\/revisions"}],"predecessor-version":[{"id":14477,"href":"https:\/\/svangern.de\/index.php?rest_route=\/wp\/v2\/pages\/61\/revisions\/14477"}],"wp:attachment":[{"href":"https:\/\/svangern.de\/index.php?rest_route=%2Fwp%2Fv2%2Fmedia&parent=61"}],"curies":[{"name":"wp","href":"https:\/\/api.w.org\/{rel}","templated":true}]}}