{"id":8,"date":"2013-04-19T03:30:24","date_gmt":"2013-04-19T01:30:24","guid":{"rendered":"http:\/\/svangern.de\/wordpress\/?page_id=8"},"modified":"2026-04-29T11:50:18","modified_gmt":"2026-04-29T09:50:18","slug":"home","status":"publish","type":"page","link":"https:\/\/svangern.de\/","title":{"rendered":"\u00dcber uns"},"content":{"rendered":"\n<figure class=\"wp-block-image\"><a href=\"http:\/\/svangern.de\/wp-content\/uploads\/2019\/07\/banner_home-1.jpg\"><img loading=\"lazy\" decoding=\"async\" width=\"1024\" height=\"142\" src=\"http:\/\/svangern.de\/wp-content\/uploads\/2019\/07\/banner_home-1-1024x142.jpg\" alt=\"\" class=\"wp-image-15188\" srcset=\"https:\/\/svangern.de\/wp-content\/uploads\/2019\/07\/banner_home-1-1024x142.jpg 1024w, https:\/\/svangern.de\/wp-content\/uploads\/2019\/07\/banner_home-1-300x42.jpg 300w, https:\/\/svangern.de\/wp-content\/uploads\/2019\/07\/banner_home-1-768x107.jpg 768w, https:\/\/svangern.de\/wp-content\/uploads\/2019\/07\/banner_home-1.jpg 1066w\" sizes=\"auto, (max-width: 1024px) 100vw, 1024px\" \/><\/a><\/figure>\n\n\n\n<p><\/p>\n\n\n\n<hr class=\"wp-block-separator has-alpha-channel-opacity\"\/>\n\n\n\n<p class=\"has-text-align-left\"><strong>Herzlich Willkommen!<\/strong><\/p>\n\n\n\n<p>Aus der Betriebssportgemeinschaft &#8222;Traktor Angern&#8220; entstand nach der Wende der Sportverein Angern e.V. mit den Hauptaktivit\u00e4ten im Fu\u00dfball, Tischtennis, Kegeln, Reiten, Volleyball, Gymnastik, Laufen, Dart und Badminton. In den vergangenen Jahren nahm die Anzahl der Mitglieder stetig zu, so da\u00df der Sportverein heute der mitgliederst\u00e4rkste Verein des Dorfes ist.<\/p>\n\n\n\n<p class=\"has-text-align-left\">\n\n\n<p><!-- \/wp:post-content --><\/p>\n<p><!-- wp:paragraph {\"align\":\"left\"} --><\/p>\n<p class=\"has-text-align-left\"><!-- wp:image {\"id\":9552,\"align\":\"center\",\"linkDestination\":\"custom\"} \/--><\/p>\n<p><!-- \/wp:paragraph --><\/p>\n<p><!-- wp:paragraph {\"align\":\"left\"} --><\/p>\n<p class=\"has-text-align-left\"><!-- wp:paragraph --><\/p>\n<p><!-- \/wp:paragraph --><\/p>\n<p><!-- wp:paragraph --><\/p>\n<p>Im Vordergrund der Arbeit des SV Angern steht die F\u00f6rderung des Kinder- und Jugendsports.<\/p>\n<p><!-- \/wp:paragraph --><\/p>\n<p><!-- wp:paragraph --><\/p>\n<p>Eine besondere Aktivit\u00e4t ist das allj\u00e4hrliche gro\u00dfe Sportfest am 1. Mai mit dem Angeraner Krepe-Cross, den Vorf\u00fchrungen der Abteilung Reiten sowie Turnieren der Abteilung Fu\u00dfball, Dart und Kegeln. Es widerspiegelt die interdisziplin\u00e4re Freude am Sport in allen Altersklassen in unserem Verein.<\/p>\n<p><!-- \/wp:paragraph --><\/p>\n<p><!-- wp:paragraph --><\/p>\n<p><!-- \/wp:paragraph --><\/p>\n<p><!-- \/wp:paragraph --><\/p>\n<p><!-- wp:paragraph --><\/p>\n<p><!-- wp:paragraph --><\/p>\n<p><!-- \/wp:paragraph --><\/p>\n<p><!-- wp:paragraph --><\/p>\n<p>Gemeinsam mit den anderen Vereinen des Ortes ist es auch Aufgabe des Sportvereins, die Ausgestaltung von verschiedenen Veranstaltungen zu unterst\u00fctzen und einen Betrag zum gesellschaftlichen Leben in der Gemeinde zu erbringen.<\/p>\n<p><!-- \/wp:paragraph --><\/p>\n<p><!-- wp:paragraph --><\/p>\n<p><!-- \/wp:paragraph --><\/p>\n<p><!-- \/wp:paragraph --><\/p>\n<p><!-- wp:paragraph --><\/p>\n<p><!-- wp:image {\"id\":9550,\"align\":\"center\",\"linkDestination\":\"custom\"} \/--><\/p>\n<p><!-- \/wp:paragraph --><\/p>\n<p><!-- wp:paragraph --><\/p>\n<p><!-- wp:paragraph --><\/p>\n<p><!-- \/wp:paragraph --><\/p>\n<p><!-- wp:paragraph --><\/p>\n<p>Der Verein verf\u00fcgt \u00fcber einen gro\u00dfen Sportkomplex mit zwei Fu\u00dfballfeldern, einen Beachvolleyballplatz, einen Reitplatz sowie ein Sportlerheim mit Kegelbahn. Seit 2003 k\u00f6nnen wir auch eine gro\u00dfe Einfeld-Sporthalle mit modernen Umkleidekabinen, Duschen und Gemeinschaftsr\u00e4umen nutzen. Zu den besonderen Aktivit\u00e4ten des Sportvereins z\u00e4hlen somit die vielen freiwilligen Arbeitsstunden bei der Herrichtung des Sportplatzes und der Reitanlage. Eine kontinuierliche Pflege des Sportplatzgel\u00e4ndes, des Sportlerheimes und der anderen sportlichen Einrichtungen muss gew\u00e4hrleistet werden, da ein Trainings- und Spielbetrieb sonst nicht m\u00f6glich ist.<\/p>\n<p><!-- \/wp:paragraph --><\/p>\n<p><!-- wp:paragraph --><\/p>\n<p><!-- \/wp:paragraph --><\/p>\n<p><!-- \/wp:paragraph --><\/p>\n<p><!-- wp:paragraph --><\/p>\n<p><!-- wp:paragraph --><\/p>\n<p><!-- \/wp:paragraph --><\/p>\n<p><!-- wp:paragraph --><\/p>\n<p>Auch eine enge Zusammenarbeit mit der Gemeinde Angern wird gepflegt.<\/p>\n<p><!-- \/wp:paragraph --><\/p>\n<p><!-- wp:paragraph --><\/p>\n<p><!-- \/wp:paragraph --><\/p>\n<p><!-- \/wp:paragraph --><\/p>\n<p><!-- wp:paragraph --><\/p>\n<p><!-- wp:image {\"id\":9549,\"align\":\"center\",\"linkDestination\":\"custom\"} \/--><\/p>\n<p><!-- \/wp:paragraph --><\/p>\n<p><!-- wp:paragraph --><\/p>\n<p><!-- wp:paragraph --><\/p>\n<p><!-- \/wp:paragraph --><\/p>\n<p><!-- wp:paragraph --><\/p>\n<p>Ohne Unterst\u00fctzung von Sponsoren k\u00f6nnte der SV Angern nicht existieren. Nur durch die Vielzahl der teilweise langj\u00e4hrigen Sponsoren mit ihren gro\u00dfen und kleinen Spenden ist es m\u00f6glich, dass der SV Angern weiter betrieben werden kann.<\/p>\n<p><!-- \/wp:paragraph --><\/p>\n<p><!-- wp:paragraph {\"align\":\"left\"} --><\/p>\n<p class=\"has-text-align-left\"><!-- \/wp:paragraph --><\/p>\n<p><!-- \/wp:paragraph --><\/p>\n<p><!-- wp:paragraph {\"align\":\"left\"} --><\/p>\n<p class=\"has-text-align-left\"><!-- wp:paragraph --><\/p>\n<p><!-- \/wp:paragraph --><\/p>\n<p><!-- wp:paragraph {\"align\":\"left\"} --><\/p>\n<p class=\"has-text-align-left\"><strong>Daf\u00fcr an dieser Stelle ein riesengro\u00dfes Dankesch\u00f6n an unsere F\u00f6rderer und Sponsoren!<\/strong><\/p>\n<p><!-- \/wp:paragraph --><\/p>\n<p><!-- wp:paragraph {\"align\":\"left\"} --><\/p>\n<p class=\"has-text-align-left\"><!-- \/wp:paragraph --><\/p>\n<p><!-- \/wp:paragraph --><\/p>\n<p><!-- wp:paragraph {\"align\":\"left\"} --><\/p>\n<p class=\"has-text-align-left\"><!-- wp:paragraph --><\/p>\n<p><!-- \/wp:paragraph --><\/p>\n<p><!-- wp:paragraph {\"align\":\"left\"} --><\/p>\n<p class=\"has-text-align-left\">Friederike Hecht<\/p>\n<p><!-- \/wp:paragraph --><\/p>\n<p><!-- wp:paragraph {\"align\":\"left\"} --><\/p>\n<p class=\"has-text-align-left\"><!-- \/wp:paragraph --><\/p>\n<p><!-- \/wp:paragraph --><\/p>\n<p><!-- wp:paragraph {\"align\":\"left\"} --><\/p>\n<p class=\"has-text-align-left\"><!-- wp:paragraph --><\/p>\n<p><!-- \/wp:paragraph --><\/p>\n<p><!-- wp:paragraph --><\/p>\n<p>1. Vorsitzende<\/p>\n<p><!-- \/wp:paragraph --><\/p>\n<p><!-- wp:separator --><\/p>\n<hr class=\"wp-block-separator has-alpha-channel-opacity\" \/><!-- \/wp:separator -->\n<p><!-- wp:paragraph --><\/p>\n<p><!-- \/wp:paragraph --><\/p>\n<p><!-- \/wp:paragraph --><\/p>\n<p><!-- wp:paragraph --><\/p>\n<p><!-- wp:paragraph --><\/p>\n<p><!-- \/wp:paragraph --><\/p>\n<p><!-- wp:paragraph --><\/p>\n<p><strong>Termine 2026<\/strong><\/p>\n<p><!-- \/wp:paragraph --><\/p>\n<p><!-- wp:paragraph --><\/p>\n<p><!-- \/wp:paragraph --><\/p>\n<p><!-- \/wp:paragraph --><\/p>\n<p><!-- wp:paragraph --><\/p>\n<p><!-- wp:table --><\/p>\n<p><!-- \/wp:table --><\/p>\n<p><!-- wp:html --><\/p>\n<figure class=\"wp-block-table\">\n<table class=\"has-fixed-layout\" style=\"width: 840px; height: 216px;\">\n<tbody>\n<tr style=\"height: 18px;\">\n<td style=\"width: 100px; height: 18px;\">30.01.2026<\/td>\n<td style=\"width: 740px; height: 18px;\">Kegelturnier<\/td>\n<\/tr>\n<tr style=\"height: 18px;\">\n<td style=\"width: 100px; height: 18px;\">13.02.2026<\/td>\n<td style=\"width: 740px; height: 18px;\">Volleyballturnier<\/td>\n<\/tr>\n<tr style=\"height: 18px;\">\n<td style=\"width: 100px; height: 18px;\">19.03.2026<\/td>\n<td style=\"width: 740px; height: 18px;\">Mitgliederversammlung<\/td>\n<\/tr>\n<tr style=\"height: 18px;\">\n<td style=\"width: 100px; height: 18px;\">25.04.2026<\/td>\n<td style=\"width: 740px; height: 18px;\">Fr\u00fchjahrsArbeitseinsatz<\/td>\n<\/tr>\n<tr style=\"height: 18px;\">\n<td style=\"width: 100px; height: 18px;\">01.05.2026<\/td>\n<td style=\"width: 740px; height: 18px;\">Volkssporttag inklusive 20 Jahre KrepeCross<\/td>\n<\/tr>\n<tr style=\"height: 36px;\">\n<td style=\"width: 100px; height: 36px;\">22.\/23.08.26<\/td>\n<td style=\"width: 740px; height: 36px;\">Kreismeisterschaften Erwachsene und Kreiskinder- und Jugendspiele in Dressur und Springen<\/td>\n<\/tr>\n<tr style=\"height: 18px;\">\n<td style=\"width: 100px; height: 18px;\">17.10.2026<\/td>\n<td style=\"width: 740px; height: 18px;\">HerbstArbeitseinsatz<\/td>\n<\/tr>\n<tr style=\"height: 18px;\">\n<td style=\"width: 100px; height: 18px;\">30.10.2026<\/td>\n<td style=\"width: 740px; height: 18px;\">Tischtennisturnier<\/td>\n<\/tr>\n<tr style=\"height: 18px;\">\n<td style=\"width: 100px; height: 18px;\">07.11.2026<\/td>\n<td style=\"width: 740px; height: 18px;\">Sportlerball<\/td>\n<\/tr>\n<tr style=\"height: 18px;\">\n<td style=\"width: 100px; height: 18px;\">14.11.2026<\/td>\n<td style=\"width: 740px; height: 18px;\">Dartturnier<\/td>\n<\/tr>\n<\/tbody>\n<\/table>\n<\/figure>\n<p><!-- \/wp:html --><\/p>\n<p><!-- wp:paragraph --><\/p>\n<p><!-- \/wp:paragraph --><\/p>\n<p><!-- \/wp:paragraph --><\/p>","protected":false},"excerpt":{"rendered":"<p>Herzlich Willkommen! Aus der Betriebssportgemeinschaft &#8222;Traktor Angern&#8220; entstand nach der Wende der Sportverein Angern e.V. mit den Hauptaktivit\u00e4ten im Fu\u00dfball, Tischtennis, Kegeln, Reiten, Volleyball, Gymnastik, Laufen, Dart und Badminton. In den vergangenen Jahren nahm die Anzahl der Mitglieder stetig zu, so da\u00df der Sportverein heute der mitgliederst\u00e4rkste Verein des Dorfes ist. Im Vordergrund der Arbeit [&hellip;]<\/p>\n","protected":false},"author":1,"featured_media":0,"parent":0,"menu_order":1,"comment_status":"closed","ping_status":"closed","template":"","meta":{"ocean_post_layout":"","ocean_both_sidebars_style":"","ocean_both_sidebars_content_width":0,"ocean_both_sidebars_sidebars_width":0,"ocean_sidebar":"0","ocean_second_sidebar":"0","ocean_disable_margins":"enable","ocean_add_body_class":"","ocean_shortcode_before_top_bar":"","ocean_shortcode_after_top_bar":"","ocean_shortcode_before_header":"","ocean_shortcode_after_header":"","ocean_has_shortcode":"","ocean_shortcode_after_title":"","ocean_shortcode_before_footer_widgets":"","ocean_shortcode_after_footer_widgets":"","ocean_shortcode_before_footer_bottom":"","ocean_shortcode_after_footer_bottom":"","ocean_display_top_bar":"default","ocean_display_header":"default","ocean_header_style":"","ocean_center_header_left_menu":"0","ocean_custom_header_template":"0","ocean_custom_logo":0,"ocean_custom_retina_logo":0,"ocean_custom_logo_max_width":0,"ocean_custom_logo_tablet_max_width":0,"ocean_custom_logo_mobile_max_width":0,"ocean_custom_logo_max_height":0,"ocean_custom_logo_tablet_max_height":0,"ocean_custom_logo_mobile_max_height":0,"ocean_header_custom_menu":"0","ocean_menu_typo_font_family":"0","ocean_menu_typo_font_subset":"","ocean_menu_typo_font_size":0,"ocean_menu_typo_font_size_tablet":0,"ocean_menu_typo_font_size_mobile":0,"ocean_menu_typo_font_size_unit":"px","ocean_menu_typo_font_weight":"","ocean_menu_typo_font_weight_tablet":"","ocean_menu_typo_font_weight_mobile":"","ocean_menu_typo_transform":"","ocean_menu_typo_transform_tablet":"","ocean_menu_typo_transform_mobile":"","ocean_menu_typo_line_height":0,"ocean_menu_typo_line_height_tablet":0,"ocean_menu_typo_line_height_mobile":0,"ocean_menu_typo_line_height_unit":"","ocean_menu_typo_spacing":0,"ocean_menu_typo_spacing_tablet":0,"ocean_menu_typo_spacing_mobile":0,"ocean_menu_typo_spacing_unit":"","ocean_menu_link_color":"","ocean_menu_link_color_hover":"","ocean_menu_link_color_active":"","ocean_menu_link_background":"","ocean_menu_link_hover_background":"","ocean_menu_link_active_background":"","ocean_menu_social_links_bg":"","ocean_menu_social_hover_links_bg":"","ocean_menu_social_links_color":"","ocean_menu_social_hover_links_color":"","ocean_disable_title":"default","ocean_disable_heading":"default","ocean_post_title":"","ocean_post_subheading":"","ocean_post_title_style":"","ocean_post_title_background_color":"","ocean_post_title_background":0,"ocean_post_title_bg_image_position":"","ocean_post_title_bg_image_attachment":"","ocean_post_title_bg_image_repeat":"","ocean_post_title_bg_image_size":"","ocean_post_title_height":0,"ocean_post_title_bg_overlay":0.5,"ocean_post_title_bg_overlay_color":"","ocean_disable_breadcrumbs":"default","ocean_breadcrumbs_color":"","ocean_breadcrumbs_separator_color":"","ocean_breadcrumbs_links_color":"","ocean_breadcrumbs_links_hover_color":"","ocean_display_footer_widgets":"default","ocean_display_footer_bottom":"default","ocean_custom_footer_template":"0","footnotes":""},"class_list":["post-8","page","type-page","status-publish","hentry","entry"],"_links":{"self":[{"href":"https:\/\/svangern.de\/index.php?rest_route=\/wp\/v2\/pages\/8","targetHints":{"allow":["GET"]}}],"collection":[{"href":"https:\/\/svangern.de\/index.php?rest_route=\/wp\/v2\/pages"}],"about":[{"href":"https:\/\/svangern.de\/index.php?rest_route=\/wp\/v2\/types\/page"}],"author":[{"embeddable":true,"href":"https:\/\/svangern.de\/index.php?rest_route=\/wp\/v2\/users\/1"}],"replies":[{"embeddable":true,"href":"https:\/\/svangern.de\/index.php?rest_route=%2Fwp%2Fv2%2Fcomments&post=8"}],"version-history":[{"count":106,"href":"https:\/\/svangern.de\/index.php?rest_route=\/wp\/v2\/pages\/8\/revisions"}],"predecessor-version":[{"id":17052,"href":"https:\/\/svangern.de\/index.php?rest_route=\/wp\/v2\/pages\/8\/revisions\/17052"}],"wp:attachment":[{"href":"https:\/\/svangern.de\/index.php?rest_route=%2Fwp%2Fv2%2Fmedia&parent=8"}],"curies":[{"name":"wp","href":"https:\/\/api.w.org\/{rel}","templated":true}]}}