{"id":88,"date":"2013-04-19T04:34:07","date_gmt":"2013-04-19T02:34:07","guid":{"rendered":"http:\/\/svangern.de\/wordpress\/?page_id=88"},"modified":"2026-04-12T17:57:08","modified_gmt":"2026-04-12T15:57:08","slug":"laufgruppe","status":"publish","type":"page","link":"https:\/\/svangern.de\/?page_id=88","title":{"rendered":"Laufgruppe"},"content":{"rendered":"\n<div class=\"wp-block-group alignfull\"><div class=\"wp-block-group__inner-container is-layout-constrained wp-block-group-is-layout-constrained\">\n<p><a href=\"http:\/\/svangern.de\/wp-content\/uploads\/2023\/08\/IMG_4872-scaled.jpg\"><img loading=\"lazy\" decoding=\"async\" class=\"alignnone wp-image-16340 size-large\" src=\"http:\/\/svangern.de\/wp-content\/uploads\/2023\/08\/IMG_4872-scaled-e1693151512992-1024x602.jpg\" alt=\"\" width=\"1024\" height=\"602\" srcset=\"https:\/\/svangern.de\/wp-content\/uploads\/2023\/08\/IMG_4872-scaled-e1693151512992-1024x602.jpg 1024w, https:\/\/svangern.de\/wp-content\/uploads\/2023\/08\/IMG_4872-scaled-e1693151512992-300x176.jpg 300w, https:\/\/svangern.de\/wp-content\/uploads\/2023\/08\/IMG_4872-scaled-e1693151512992-768x451.jpg 768w, https:\/\/svangern.de\/wp-content\/uploads\/2023\/08\/IMG_4872-scaled-e1693151512992-1536x902.jpg 1536w, https:\/\/svangern.de\/wp-content\/uploads\/2023\/08\/IMG_4872-scaled-e1693151512992-2048x1203.jpg 2048w\" sizes=\"auto, (max-width: 1024px) 100vw, 1024px\" \/><\/a><\/p>\n<p>In diesem Jahr findet am 1. Mai der 20. Krepe-Cross statt. <strong><a href=\"https:\/\/www.elbe-ohre-cup.de\/veranstaltungen\/angeraner-kepe-cross\/onlineanmeldung\/\">Hier geht&#8217;s zu Onlineanmeldung<\/a><\/strong>.<\/p>\n<p>Die Laufgruppentradition in Angern begann mit dem ersten Sonntagslauf am 6. Oktober 2003. Seitdem treffen sich regelm\u00e4\u00dfig laufbegeisterte Sportfreunde, um bei Wind und Wetter, Regen oder Sonnenschein gemeinsam durch die W\u00e4lder rund um Angern (<a href=\"http:\/\/svangern.de\/wp-content\/uploads\/2019\/07\/10_5_km.jpg\"><strong>siehe 10,5 km Laufstrecke<\/strong><\/a>) zu laufen. Seit M\u00e4rz 2004 ist die Laufgruppe eine eigene Abteilung im Sportverein Angern e.V.<\/p>\n<ul>\n<li><a href=\"http:\/\/svangern.de\/?page_id=145\"><strong>Bildergalerie bis 2018<\/strong><\/a><\/li>\n<li><strong><a href=\"http:\/\/svangern.de\/?page_id=15620\">Bildergalerie ab 2019<\/a><\/strong><\/li>\n<\/ul>\n<p>Wer Lust am Laufen hat, sollte einfach mal vorbeikommen. Wundersch\u00f6ne Waldstrecken warten auf Euch!<\/p>\n<p>Eine aktuelle \u00dcbersicht \u00fcber die Wettk\u00e4mpfe, an denen die Laufgruppe aktuell teilnimmt, findet Ihr hier: <strong><a title=\"Wettk\u00e4mpfe\" href=\"http:\/\/svangern.de\/wp-content\/uploads\/2026\/02\/Wettkampfkalender_2026.pdf\">Wettkampfkalender 2026<\/a><\/strong>.<\/p>\n<hr \/>\n<h4>Erfolgreichste L\u00e4ufer 2026 (Stand: 12. April 2026)<\/h4>\n<p>Seit dem Wettkampfjahr 2007 gibt es eine <strong><a href=\"http:\/\/svangern.de\/wp-content\/uploads\/2026\/02\/Vereinswertung_Archiv.pdf\">vereinsinterne Wertung<\/a>,<\/strong> bei der die gelaufenen Wettkampfkilometer gez\u00e4hlt werden.<\/p>\n<p><span style=\"color: #99cc00;\"><strong>Gr\u00fcn<\/strong><\/span> markiert sind die 3 flei\u00dfigsten L\u00e4ufer (w\/m), <strong><span style=\"color: #ff6600;\">orange<\/span><\/strong> markiert sind unsere flei\u00dfigsten Nachwuchsl\u00e4ufer (w\/m).<\/p>\n<p><span style=\"text-decoration: underline;\"><strong>Frauen:<\/strong><\/span><\/p>\n<table style=\"height: 528px; width: 100%; border-collapse: collapse;\">\n<tbody>\n<tr style=\"height: 24px;\">\n<td style=\"width: 28.2209%; height: 14px;\">Name<\/td>\n<td style=\"width: 21.7791%; height: 14px;\">Anz. EOC<\/td>\n<td style=\"width: 25%; height: 14px;\">Anz. LC<\/td>\n<td style=\"width: 25%; height: 14px;\">Wettkampf-Kilometer<\/td>\n<\/tr>\n<tr style=\"height: 24px;\">\n<td style=\"width: 28.2209%; height: 24px;\">Kerstin Berndt<\/td>\n<td style=\"width: 21.7791%; height: 24px;\">\u00a0<\/td>\n<td style=\"width: 25%; height: 24px;\">\u00a0<\/td>\n<td style=\"width: 25%; height: 24px;\">\u00a0<\/td>\n<\/tr>\n<tr style=\"height: 24px;\">\n<td style=\"width: 28.2209%; height: 24px;\">Petra Borchardt<\/td>\n<td style=\"width: 21.7791%; height: 24px;\">\u00a04<\/td>\n<td style=\"width: 25%; height: 24px;\">\u00a0 2<\/td>\n<td style=\"width: 25%; height: 24px;\">\u00a081,755<\/td>\n<\/tr>\n<tr style=\"height: 24px;\">\n<td style=\"width: 28.2209%; height: 24px;\">Gerlind Bruschek<\/td>\n<td style=\"width: 21.7791%; height: 24px;\">\u00a05<\/td>\n<td style=\"width: 25%; height: 24px;\">\u00a0 1<\/td>\n<td style=\"width: 25%; height: 24px;\">\u00a034,3<\/td>\n<\/tr>\n<tr style=\"height: 24px;\">\n<td style=\"width: 28.2209%; height: 24px;\">Doreen Finke<\/td>\n<td style=\"width: 21.7791%; height: 24px;\">\u00a05<\/td>\n<td style=\"width: 25%; height: 24px;\">\u00a0 1<\/td>\n<td style=\"width: 25%; height: 24px;\">\u00a033,8<\/td>\n<\/tr>\n<tr style=\"height: 24px;\">\n<td style=\"width: 28.2209%; height: 24px;\">Ramona Gottschald<\/td>\n<td style=\"width: 21.7791%; height: 24px;\">\u00a0<\/td>\n<td style=\"width: 25%; height: 24px;\">\u00a0 1<\/td>\n<td style=\"width: 25%; height: 24px;\">\u00a035<\/td>\n<\/tr>\n<tr style=\"height: 24px;\">\n<td style=\"width: 28.2209%; height: 24px;\">Ida Johanna Hecht<\/td>\n<td style=\"width: 21.7791%; height: 24px;\">\u00a03<\/td>\n<td style=\"width: 25%; height: 24px;\">\u00a0\u00a0<\/td>\n<td style=\"width: 25%; height: 24px;\">\u00a08,4<\/td>\n<\/tr>\n<tr style=\"height: 24px;\">\n<td style=\"width: 28.2209%; height: 24px;\">Tatiana Herrmann<\/td>\n<td style=\"width: 21.7791%; height: 24px;\">\u00a07<\/td>\n<td style=\"width: 25%; height: 24px;\">\u00a0 1<\/td>\n<td style=\"width: 25%; height: 24px;\">\u00a046,3<\/td>\n<\/tr>\n<tr style=\"height: 24px;\">\n<td style=\"width: 28.2209%; height: 24px;\">Michaela J\u00f6de<\/td>\n<td style=\"width: 21.7791%; height: 24px;\">\u00a0<\/td>\n<td style=\"width: 25%; height: 24px;\">\u00a0<\/td>\n<td style=\"width: 25%; height: 24px;\">\u00a0<\/td>\n<\/tr>\n<tr style=\"height: 24px;\">\n<td style=\"width: 28.2209%; height: 24px;\">Elke Kutter<\/td>\n<td style=\"width: 21.7791%; height: 24px;\">\u00a06<\/td>\n<td style=\"width: 25%; height: 24px;\">\u00a0<\/td>\n<td style=\"width: 25%; height: 24px;\">\u00a040,5<\/td>\n<\/tr>\n<tr style=\"height: 24px;\">\n<td style=\"width: 28.2209%; height: 24px;\">Gabi K\u00fchnel<\/td>\n<td style=\"width: 21.7791%; height: 24px;\">\u00a01<\/td>\n<td style=\"width: 25%; height: 24px;\">\u00a0<\/td>\n<td style=\"width: 25%; height: 24px;\">\u00a010<\/td>\n<\/tr>\n<tr style=\"height: 24px;\">\n<td style=\"width: 28.2209%; height: 24px;\">Karin Litzenberg<\/td>\n<td style=\"width: 21.7791%; height: 24px;\">\u00a04<\/td>\n<td style=\"width: 25%; height: 24px;\">\u00a01<\/td>\n<td style=\"width: 25%; height: 24px;\">\u00a024,3<\/td>\n<\/tr>\n<tr style=\"height: 24px;\">\n<td style=\"width: 28.2209%; height: 24px;\">Ashley Pohl<\/td>\n<td style=\"width: 21.7791%; height: 24px;\">\u00a0<\/td>\n<td style=\"width: 25%; height: 24px;\">\u00a0<\/td>\n<td style=\"width: 25%; height: 24px;\">\u00a0<\/td>\n<\/tr>\n<tr style=\"height: 24px;\">\n<td style=\"width: 28.2209%; height: 24px;\">Nadine Pohl<\/td>\n<td style=\"width: 21.7791%; height: 24px;\">\u00a01<\/td>\n<td style=\"width: 25%; height: 24px;\">\u00a01<\/td>\n<td style=\"width: 25%; height: 24px;\">\u00a05,8<\/td>\n<\/tr>\n<tr style=\"height: 24px;\">\n<td style=\"width: 28.2209%; height: 24px;\">Madlin Schlobinski<\/td>\n<td style=\"width: 21.7791%; height: 24px;\">\u00a0<\/td>\n<td style=\"width: 25%; height: 24px;\">\u00a0<\/td>\n<td style=\"width: 25%; height: 24px;\">\u00a0<\/td>\n<\/tr>\n<tr style=\"height: 24px;\">\n<td style=\"width: 28.2209%; height: 24px;\">Kristin Silke<\/td>\n<td style=\"width: 21.7791%; height: 24px;\">\u00a0<\/td>\n<td style=\"width: 25%; height: 24px;\">\u00a0<\/td>\n<td style=\"width: 25%; height: 24px;\">\u00a0<\/td>\n<\/tr>\n<\/tbody>\n<\/table>\n<p>\u00a0<\/p>\n<p><span style=\"text-decoration: underline;\">M\u00e4nner:<\/span><\/p>\n<table style=\"border-collapse: collapse; width: 100%; height: 816px;\">\n<tbody>\n<tr style=\"height: 48px;\">\n<td style=\"width: 28.2143%; height: 10px;\">Name<\/td>\n<td style=\"width: 21.7857%; height: 10px;\">Anz. EOC<\/td>\n<td style=\"width: 25%; height: 10px;\">Anz. LC<\/td>\n<td style=\"width: 25%; height: 10px;\">Wettkampf-Kilometer<\/td>\n<\/tr>\n<tr style=\"height: 24px;\">\n<td style=\"width: 28.2143%; height: 24px;\">Ralf Braumann<\/td>\n<td style=\"width: 21.7857%; height: 24px;\">\u00a0<\/td>\n<td style=\"width: 25%; height: 24px;\">\u00a01<\/td>\n<td style=\"width: 25%; height: 24px;\">\u00a035<\/td>\n<\/tr>\n<tr style=\"height: 24px;\">\n<td style=\"width: 28.2143%; height: 24px;\">Andr\u00e9 Bruschek<\/td>\n<td style=\"width: 21.7857%; height: 24px;\">\u00a03<\/td>\n<td style=\"width: 25%; height: 24px;\">\u00a01<\/td>\n<td style=\"width: 25%; height: 24px;\">\u00a031<\/td>\n<\/tr>\n<tr style=\"height: 24px;\">\n<td style=\"width: 28.2143%; height: 24px;\">Robin Bruschek<\/td>\n<td style=\"width: 21.7857%; height: 24px;\">\u00a01<\/td>\n<td style=\"width: 25%; height: 24px;\">\u00a01<\/td>\n<td style=\"width: 25%; height: 24px;\">\u00a010<\/td>\n<\/tr>\n<tr style=\"height: 24px;\">\n<td style=\"width: 28.2143%; height: 24px;\">Felix Finke<\/td>\n<td style=\"width: 21.7857%; height: 24px;\">\u00a0<\/td>\n<td style=\"width: 25%; height: 24px;\">\u00a0<\/td>\n<td style=\"width: 25%; height: 24px;\">\u00a0<\/td>\n<\/tr>\n<tr style=\"height: 24px;\">\n<td style=\"width: 28.2143%; height: 24px;\">Thilo Grabowski<\/td>\n<td style=\"width: 21.7857%; height: 24px;\">\u00a01<\/td>\n<td style=\"width: 25%; height: 24px;\">\u00a0<\/td>\n<td style=\"width: 25%; height: 24px;\">\u00a06<\/td>\n<\/tr>\n<tr style=\"height: 24px;\">\n<td style=\"width: 28.2143%; height: 24px;\">Norman Grasse<\/td>\n<td style=\"width: 21.7857%; height: 24px;\">\u00a0<\/td>\n<td style=\"width: 25%; height: 24px;\">\u00a0<\/td>\n<td style=\"width: 25%; height: 24px;\">\u00a0<\/td>\n<\/tr>\n<tr style=\"height: 24px;\">\n<td style=\"width: 28.2143%; height: 24px;\">Dennis Homuth<\/td>\n<td style=\"width: 21.7857%; height: 24px;\">\u00a0<\/td>\n<td style=\"width: 25%; height: 24px;\">\u00a01<\/td>\n<td style=\"width: 25%; height: 24px;\">\u00a035<\/td>\n<\/tr>\n<tr style=\"height: 24px;\">\n<td style=\"width: 28.2143%; height: 24px;\">Marcel Homuth<\/td>\n<td style=\"width: 21.7857%; height: 24px;\">\u00a04<\/td>\n<td style=\"width: 25%; height: 24px;\">\u00a01<\/td>\n<td style=\"width: 25%; height: 24px;\">\u00a074,3<\/td>\n<\/tr>\n<tr style=\"height: 24px;\">\n<td style=\"width: 28.2143%; height: 24px;\">Ralf Kretschmer<\/td>\n<td style=\"width: 21.7857%; height: 24px;\">\u00a04<\/td>\n<td style=\"width: 25%; height: 24px;\">\u00a02<\/td>\n<td style=\"width: 25%; height: 24px;\">\u00a094.8<\/td>\n<\/tr>\n<tr style=\"height: 24px;\">\n<td style=\"width: 28.2143%; height: 24px;\">Andreas Kutter<\/td>\n<td style=\"width: 21.7857%; height: 24px;\">\u00a0<\/td>\n<td style=\"width: 25%; height: 24px;\">\u00a0<\/td>\n<td style=\"width: 25%; height: 24px;\">\u00a0<\/td>\n<\/tr>\n<tr style=\"height: 24px;\">\n<td style=\"width: 28.2143%; height: 24px;\">Chris Kutter<\/td>\n<td style=\"width: 21.7857%; height: 24px;\">\u00a05<\/td>\n<td style=\"width: 25%; height: 24px;\">\u00a0<\/td>\n<td style=\"width: 25%; height: 24px;\">\u00a018,9<\/td>\n<\/tr>\n<tr style=\"height: 24px;\">\n<td style=\"width: 28.2143%; height: 24px;\">Peter M\u00f6rl<\/td>\n<td style=\"width: 21.7857%; height: 24px;\">\u00a0<\/td>\n<td style=\"width: 25%; height: 24px;\">\u00a0<\/td>\n<td style=\"width: 25%; height: 24px;\">\u00a0<\/td>\n<\/tr>\n<tr style=\"height: 24px;\">\n<td style=\"width: 28.2143%; height: 24px;\">Uwe Raap<\/td>\n<td style=\"width: 21.7857%; height: 24px;\">\u00a07<\/td>\n<td style=\"width: 25%; height: 24px;\">\u00a01<\/td>\n<td style=\"width: 25%; height: 24px;\">\u00a0195,146<\/td>\n<\/tr>\n<tr style=\"height: 24px;\">\n<td style=\"width: 28.2143%; height: 24px;\">Uwe Reker<\/td>\n<td style=\"width: 21.7857%; height: 24px;\">\u00a04<\/td>\n<td style=\"width: 25%; height: 24px;\">\u00a01<\/td>\n<td style=\"width: 25%; height: 24px;\">\u00a024,3<\/td>\n<\/tr>\n<tr style=\"height: 24px;\">\n<td style=\"width: 28.2143%; height: 24px;\">Bernd Rittner<\/td>\n<td style=\"width: 21.7857%; height: 24px;\">\u00a0<\/td>\n<td style=\"width: 25%; height: 24px;\">\u00a0<\/td>\n<td style=\"width: 25%; height: 24px;\">\u00a0<\/td>\n<\/tr>\n<tr style=\"height: 24px;\">\n<td style=\"width: 28.2143%; height: 24px;\">Dirk Rohrbach<\/td>\n<td style=\"width: 21.7857%; height: 24px;\">\u00a05<\/td>\n<td style=\"width: 25%; height: 24px;\">\u00a02<\/td>\n<td style=\"width: 25%; height: 24px;\">\u00a086,1<\/td>\n<\/tr>\n<tr style=\"height: 24px;\">\n<td style=\"width: 28.2143%; height: 24px;\">Uwe Schemberg<\/td>\n<td style=\"width: 21.7857%; height: 24px;\">\u00a04<\/td>\n<td style=\"width: 25%; height: 24px;\">\u00a02<\/td>\n<td style=\"width: 25%; height: 24px;\">\u00a086,255<\/td>\n<\/tr>\n<\/tbody>\n<\/table>\n<p><span style=\"text-decoration: underline;\"><strong>Folgende L\u00e4ufe wurden bisher ber\u00fccksichtigt:<\/strong><\/span><\/p>\n<ul>\n<li>04.01.2026 Weller Neujahrslauf in Salzwedel<\/li>\n<li>06.01.2026 Riesenpfannkuchenlauf Sandau<\/li>\n<li>25.01.2026 Braunschweiger Neujahrslauf<\/li>\n<li>14.02.2026 ABF Run Hannover<\/li>\n<li>01.03.2026 S\u00fcppling-Cross Demker (EOC, LC)<\/li>\n<li>04.03.2026 Winterlaufserie Quedlinburg, Lauf 3<\/li>\n<li>07.03.2026 Altmarklauf Osterburg (EOC)<\/li>\n<li>08.03.2026 Wasa-Lauf in Celle<\/li>\n<li>14.03.2026 Naumburger Waldlauf<\/li>\n<li>15.03.2026 Burger Bismarckturmlauf (EOC)<\/li>\n<li>21.03.2026 Bezirksmeisterschaften Crosslauf in Wolmirstedt<\/li>\n<li>22.03.2026 Blankenburger Regensteinlauf (LC) und Herrenkrugparklauf Magdeburg (EOC)<\/li>\n<li>25.03.2026 Winterlaufserie Quedlinburg, Lauf 4<\/li>\n<li>28.03.2026 Halbmarathon in Prag und Erdbeerlauf in Wittenberg<\/li>\n<li>29.03.2026 Kaisersteinlauf Letzlingen (EOC)<\/li>\n<li>04.04.2026 Osterlauf Ilsenburg und Osterberglauf Schlagenthin (EOC)<\/li>\n<li>08.04.2026 Winterlaufserie Quedlinburg, Lauf 5<\/li>\n<li>11.04.2026 LM Strassenlauf in Magdeburg<\/li>\n<li>12.04.2026 Tangerm\u00fcnder Elbdeichmarathon (EOC)<\/li>\n<\/ul>\n<\/div><\/div>\n\n\n\n<p><\/p>\n","protected":false},"excerpt":{"rendered":"<p>In diesem Jahr findet am 1. Mai der 20. Krepe-Cross statt. Hier geht&#8217;s zu Onlineanmeldung. Die Laufgruppentradition in Angern begann mit dem ersten Sonntagslauf am 6. Oktober 2003. Seitdem treffen sich regelm\u00e4\u00dfig laufbegeisterte Sportfreunde, um bei Wind und Wetter, Regen oder Sonnenschein gemeinsam durch die W\u00e4lder rund um Angern (siehe 10,5 km Laufstrecke) zu laufen. [&hellip;]<\/p>\n","protected":false},"author":1,"featured_media":0,"parent":0,"menu_order":7,"comment_status":"closed","ping_status":"closed","template":"","meta":{"ocean_post_layout":"","ocean_both_sidebars_style":"","ocean_both_sidebars_content_width":0,"ocean_both_sidebars_sidebars_width":0,"ocean_sidebar":"ocs-laufgruppe_info","ocean_second_sidebar":"0","ocean_disable_margins":"enable","ocean_add_body_class":"","ocean_shortcode_before_top_bar":"","ocean_shortcode_after_top_bar":"","ocean_shortcode_before_header":"","ocean_shortcode_after_header":"","ocean_has_shortcode":"","ocean_shortcode_after_title":"","ocean_shortcode_before_footer_widgets":"","ocean_shortcode_after_footer_widgets":"","ocean_shortcode_before_footer_bottom":"","ocean_shortcode_after_footer_bottom":"","ocean_display_top_bar":"default","ocean_display_header":"default","ocean_header_style":"","ocean_center_header_left_menu":"0","ocean_custom_header_template":"0","ocean_custom_logo":0,"ocean_custom_retina_logo":0,"ocean_custom_logo_max_width":0,"ocean_custom_logo_tablet_max_width":0,"ocean_custom_logo_mobile_max_width":0,"ocean_custom_logo_max_height":0,"ocean_custom_logo_tablet_max_height":0,"ocean_custom_logo_mobile_max_height":0,"ocean_header_custom_menu":"0","ocean_menu_typo_font_family":"0","ocean_menu_typo_font_subset":"","ocean_menu_typo_font_size":0,"ocean_menu_typo_font_size_tablet":0,"ocean_menu_typo_font_size_mobile":0,"ocean_menu_typo_font_size_unit":"px","ocean_menu_typo_font_weight":"","ocean_menu_typo_font_weight_tablet":"","ocean_menu_typo_font_weight_mobile":"","ocean_menu_typo_transform":"","ocean_menu_typo_transform_tablet":"","ocean_menu_typo_transform_mobile":"","ocean_menu_typo_line_height":0,"ocean_menu_typo_line_height_tablet":0,"ocean_menu_typo_line_height_mobile":0,"ocean_menu_typo_line_height_unit":"","ocean_menu_typo_spacing":0,"ocean_menu_typo_spacing_tablet":0,"ocean_menu_typo_spacing_mobile":0,"ocean_menu_typo_spacing_unit":"","ocean_menu_link_color":"","ocean_menu_link_color_hover":"","ocean_menu_link_color_active":"","ocean_menu_link_background":"","ocean_menu_link_hover_background":"","ocean_menu_link_active_background":"","ocean_menu_social_links_bg":"","ocean_menu_social_hover_links_bg":"","ocean_menu_social_links_color":"","ocean_menu_social_hover_links_color":"","ocean_disable_title":"default","ocean_disable_heading":"default","ocean_post_title":"","ocean_post_subheading":"","ocean_post_title_style":"","ocean_post_title_background_color":"","ocean_post_title_background":0,"ocean_post_title_bg_image_position":"","ocean_post_title_bg_image_attachment":"","ocean_post_title_bg_image_repeat":"","ocean_post_title_bg_image_size":"","ocean_post_title_height":0,"ocean_post_title_bg_overlay":0.5,"ocean_post_title_bg_overlay_color":"","ocean_disable_breadcrumbs":"default","ocean_breadcrumbs_color":"","ocean_breadcrumbs_separator_color":"","ocean_breadcrumbs_links_color":"","ocean_breadcrumbs_links_hover_color":"","ocean_display_footer_widgets":"default","ocean_display_footer_bottom":"default","ocean_custom_footer_template":"0","footnotes":""},"class_list":["post-88","page","type-page","status-publish","hentry","entry"],"_links":{"self":[{"href":"https:\/\/svangern.de\/index.php?rest_route=\/wp\/v2\/pages\/88","targetHints":{"allow":["GET"]}}],"collection":[{"href":"https:\/\/svangern.de\/index.php?rest_route=\/wp\/v2\/pages"}],"about":[{"href":"https:\/\/svangern.de\/index.php?rest_route=\/wp\/v2\/types\/page"}],"author":[{"embeddable":true,"href":"https:\/\/svangern.de\/index.php?rest_route=\/wp\/v2\/users\/1"}],"replies":[{"embeddable":true,"href":"https:\/\/svangern.de\/index.php?rest_route=%2Fwp%2Fv2%2Fcomments&post=88"}],"version-history":[{"count":588,"href":"https:\/\/svangern.de\/index.php?rest_route=\/wp\/v2\/pages\/88\/revisions"}],"predecessor-version":[{"id":17037,"href":"https:\/\/svangern.de\/index.php?rest_route=\/wp\/v2\/pages\/88\/revisions\/17037"}],"wp:attachment":[{"href":"https:\/\/svangern.de\/index.php?rest_route=%2Fwp%2Fv2%2Fmedia&parent=88"}],"curies":[{"name":"wp","href":"https:\/\/api.w.org\/{rel}","templated":true}]}}